{"id":416,"date":"2024-08-05T18:09:03","date_gmt":"2024-08-05T18:09:03","guid":{"rendered":"https:\/\/centralandbasicbarcelona.com\/?page_id=416"},"modified":"2024-08-05T18:09:43","modified_gmt":"2024-08-05T18:09:43","slug":"politica-de-cookies","status":"publish","type":"page","link":"https:\/\/centralandbasicbarcelona.com\/pt\/politica-de-cookies\/","title":{"rendered":"Pol\u00edtica de cookies"},"content":{"rendered":"<div data-elementor-type=\"wp-page\" data-elementor-id=\"416\" class=\"elementor elementor-416\" data-elementor-post-type=\"page\">\n\t\t\t\t<div class=\"elementor-element elementor-element-05f7f48 e-flex e-con-boxed e-con e-parent\" data-id=\"05f7f48\" data-element_type=\"container\" data-e-type=\"container\">\n\t\t\t\t\t<div class=\"e-con-inner\">\n\t\t\t\t<div class=\"elementor-element elementor-element-d0e1cf3 elementor-widget elementor-widget-text-editor\" data-id=\"d0e1cf3\" data-element_type=\"widget\" data-e-type=\"widget\" data-widget_type=\"text-editor.default\">\n\t\t\t\t<div class=\"elementor-widget-container\">\n\t\t\t\t\t\t\t\t\t<h3>Informa\u00e7\u00f5es gerais sobre cookies<\/h3><p>A confian\u00e7a do utilizador \u00e9 importante para n\u00f3s e, por isso, a PLANES MAGICOS, S.L. preocupa-se em proteger a sua privacidade. Um aspeto importante desta preocupa\u00e7\u00e3o \u00e9 fornecer ao utilizador o m\u00e1ximo de informa\u00e7\u00e3o poss\u00edvel sobre a forma como utilizamos os seus dados pessoais, incluindo a forma como utilizamos o armazenamento local de dados e tecnologias semelhantes.<\/p><p>O armazenamento local de dados envolve o armazenamento de diferentes tipos de dados localmente no dispositivo do utilizador atrav\u00e9s do browser da Web. Os dados armazenados localmente podem, por exemplo, conter defini\u00e7\u00f5es do utilizador, informa\u00e7\u00f5es sobre a forma como navega no nosso s\u00edtio Web, o navegador Web que utiliza, os an\u00fancios que foram apresentados e comportamentos semelhantes em s\u00edtios Web com os quais colaboramos. Os dados armazenados localmente podem ser utilizados para personalizar o conte\u00fado e as fun\u00e7\u00f5es dos nossos servi\u00e7os, para que as suas visitas sejam mais c\u00f3modas e significativas.<\/p><p>Um m\u00e9todo de armazenamento local de dados s\u00e3o os cookies. Os cookies s\u00e3o pequenos ficheiros de texto que s\u00e3o armazenados no seu dispositivo (PC, telem\u00f3vel ou tablet) e que nos permitem reconhecer o seu navegador Web. Os cookies cont\u00eam principalmente informa\u00e7\u00f5es sobre o seu navegador e qualquer atividade que tenha ocorrido no mesmo. Ajudam-nos a garantir a seguran\u00e7a e o funcionamento \u00f3timo do nosso s\u00edtio Web. Depois de sair do nosso s\u00edtio Web, estes s\u00e3o eliminados (cookies de seguran\u00e7a e cookies de sess\u00e3o) e recolhem informa\u00e7\u00f5es sobre os produtos em que os nossos visitantes da Internet est\u00e3o interessados e sobre a forma como navegam no nosso s\u00edtio Web, a fim de tornar as nossas ofertas em linha mais atractivas para os utilizadores (cookies de rastreio).<\/p><h4>Informa\u00e7\u00f5es adicionais sobre cookies<\/h4><p>Utilizamos o armazenamento local de dados para v\u00e1rios fins, tais como: para nos permitir prestar os nossos servi\u00e7os; para lhe fornecer conte\u00fados relevantes e personalizados quando visita os nossos s\u00edtios Web; para medir e analisar o tr\u00e1fego no nosso s\u00edtio Web; para melhorar os nossos servi\u00e7os; e para direcionar publicidade espec\u00edfica. Mais pormenores sobre estes t\u00f3picos s\u00e3o apresentados abaixo:<\/p><h5>Para a nossa publicidade<\/h5><p>Utilizamos o armazenamento local de dados no \u00e2mbito das actividades publicit\u00e1rias. Isto permite-nos saber se e com que frequ\u00eancia o utilizador viu um an\u00fancio ou um determinado tipo de an\u00fancio, e h\u00e1 quanto tempo o viu.<\/p><p>Tamb\u00e9m utilizamos o armazenamento local de dados para criar segmentos e grupos-alvo para fins de marketing e para direcionar an\u00fancios espec\u00edficos.<\/p><h5>Para analisar e melhorar os nossos servi\u00e7os<\/h5><p>Utilizamos v\u00e1rias ferramentas de medi\u00e7\u00e3o que nos fornecem estat\u00edsticas e an\u00e1lises relativas aos nossos servi\u00e7os. Estas ferramentas permitem-nos reconhecer o navegador Web ao longo do tempo e descobrir se o utilizador j\u00e1 visitou o s\u00edtio Web anteriormente e, em caso afirmativo, com que frequ\u00eancia. Estas ferramentas d\u00e3o-nos a possibilidade de ter uma vis\u00e3o geral do n\u00famero de utilizadores \u00fanicos que temos e da forma como utilizam os nossos servi\u00e7os.<\/p><p>Tamb\u00e9m utilizamos as informa\u00e7\u00f5es recolhidas e analisadas para desenvolver e melhorar os nossos servi\u00e7os, por exemplo, descobrindo que servi\u00e7os geram muito tr\u00e1fego ou verificando se um servi\u00e7o tem um desempenho \u00f3timo.<\/p><h5>Prestar e adaptar os servi\u00e7os \u00e0 sua utiliza\u00e7\u00e3o<\/h5><p>O armazenamento local de dados \u00e9 exigido e necess\u00e1rio para que o utilizador possa utilizar os nossos servi\u00e7os, tais como informa\u00e7\u00f5es sobre as suas defini\u00e7\u00f5es, que nos dizem como os servi\u00e7os devem ser apresentados no seu navegador Web.<\/p><p>Tamb\u00e9m utilizamos o armazenamento local de dados para adaptar os nossos servi\u00e7os \u00e0 sua utiliza\u00e7\u00e3o da melhor forma poss\u00edvel.<\/p><h4>Gest\u00e3o de cookies<\/h4><p>Pode desativar os cookies ou configurar o seu browser para o notificar quando lhe for enviado um cookie.<\/p><p>As defini\u00e7\u00f5es do seu navegador Web apresentam normalmente uma lista de todos os cookies que foram armazenados para lhe dar uma vis\u00e3o geral e, se desejar, apagar os cookies n\u00e3o desejados. Normalmente, o utilizador pode indicar que aceita o armazenamento de cookies dos s\u00edtios Web que visita ou de terceiros associados a esses s\u00edtios. Tamb\u00e9m pode optar por ser notificado sempre que um novo cookie \u00e9 armazenado. Seguem-se orienta\u00e7\u00f5es sobre a forma de o fazer em diferentes navegadores Web. Normalmente, o seu navegador Web armazena os cookies numa pasta espec\u00edfica do seu disco r\u00edgido, para que possa tamb\u00e9m examinar o conte\u00fado mais pormenorizadamente.<\/p><p>No entanto, os cookies presentes no s\u00edtio web mudam frequentemente e nem todos os cookies s\u00e3o igualmente importantes. Portanto, se PLANES MAGICOS, S.L. alterar o uso de cookies de rastreamento, ser\u00e1 notificado com uma mensagem.<\/p><p>Al\u00e9m disso, est\u00e3o dispon\u00edveis servi\u00e7os que foram especialmente desenvolvidos para fornecer aos utilizadores uma lista actualizada de cookies e outros mecanismos de rastreio.<\/p><p>Tenha em aten\u00e7\u00e3o que, se os desativar, poder\u00e1 n\u00e3o conseguir usufruir de todas as funcionalidades do nosso s\u00edtio Web.<\/p><p>Segue-se uma descri\u00e7\u00e3o geral da forma como os dados armazenados localmente podem ser geridos em diferentes navegadores Web. Tenha em aten\u00e7\u00e3o que este processo pode sofrer altera\u00e7\u00f5es e que as descri\u00e7\u00f5es aqui apresentadas podem n\u00e3o estar actualizadas.<\/p><h5>Gest\u00e3o de cookies no Google Chrome<\/h5><p><strong>Como eliminar cookies:<\/strong><\/p><ol><li>Aceda a Defini\u00e7\u00f5es no menu do seu browser.<\/li><li>Clique em Mostrar defini\u00e7\u00f5es avan\u00e7adas.<\/li><li>Clique em Eliminar dados de navega\u00e7\u00e3o.<\/li><li>Selecione o per\u00edodo de tempo para o qual pretende eliminar as informa\u00e7\u00f5es a partir do menu na parte superior. Se pretender eliminar todos os cookies do browser, clique em Da origem do tempo.<\/li><li>Cookies de favoritos e outros dados de s\u00edtios e plug-ins.<\/li><li>Clique em Limpar dados de navega\u00e7\u00e3o.<\/li><li>Fechar a janela.<\/li><\/ol><p><strong>Como impedir que os cookies sejam armazenados no seu navegador Web:<\/strong><\/p><ol><li>Aceda a Defini\u00e7\u00f5es no menu do seu browser.<\/li><li>Clique em Mostrar defini\u00e7\u00f5es avan\u00e7adas e depois em Defini\u00e7\u00f5es de conte\u00fado.<\/li><li>Em Cookies, selecione a sua op\u00e7\u00e3o preferida. Se pretender impedir o armazenamento de todos os cookies, clique em N\u00e3o permitir o armazenamento de dados de s\u00edtios.<\/li><li>Clique em Conclu\u00eddo.<\/li><li>Fechar a janela.<\/li><\/ol><h5>Gerir os cookies no Safari<\/h5><p><strong>Como eliminar cookies:<\/strong><\/p><ol><li>Aceda a Prefer\u00eancias no menu do seu browser.<\/li><li>Clique no separador Privacidade.<\/li><li>Clique em Eliminar todos os dados do s\u00edtio Web e, em seguida, clique em Eliminar para eliminar todos os cookies.<\/li><li>Fechar a janela.<\/li><\/ol><p><strong>Como impedir que os cookies sejam armazenados no seu navegador Web:<\/strong><\/p><ol><li>Aceda a Prefer\u00eancias no menu do seu browser.<\/li><li>Clique no separador Privacidade.<\/li><li>Em Cookies e dados do s\u00edtio Web, selecione a sua op\u00e7\u00e3o preferida. Se pretender impedir o armazenamento de todos os cookies, clique em Bloquear sempre.<\/li><li>Fechar a janela.<\/li><\/ol><h5>Gerir os cookies no Mozilla Firefox<\/h5><p><strong>Como eliminar cookies:<\/strong><\/p><ol><li>Aceda a Op\u00e7\u00f5es no menu do seu browser.<\/li><li>Clique no separador Privacidade.<\/li><li>Clique em Mostrar cookies.<\/li><li>Selecione os cookies que pretende eliminar e clique em Eliminar selecionados. Clique em Apagar tudo se pretender apagar todos os cookies do seu navegador Web.<\/li><li>Fechar a janela. As altera\u00e7\u00f5es efectuadas ser\u00e3o guardadas automaticamente.<\/li><\/ol><p><strong>Como impedir que os cookies sejam armazenados no seu navegador Web:<\/strong><\/p><ol><li>Aceda a Defini\u00e7\u00f5es no menu do seu browser.<\/li><li>Selecione o separador Privacidade.<\/li><li>Em Hist\u00f3rico, clique em Utilizar defini\u00e7\u00f5es personalizadas para o hist\u00f3rico.<\/li><li>Selecione as suas op\u00e7\u00f5es preferidas em Permitir cookies de s\u00edtios Web. Se pretender impedir o armazenamento de todos os cookies, desmarque a caixa Aceitar cookies de s\u00edtios Web.<\/li><li>Fechar a janela. As altera\u00e7\u00f5es efectuadas ser\u00e3o guardadas automaticamente.<\/li><\/ol><h5>Gerir os cookies no Internet Explorer<\/h5><p><strong>Como eliminar cookies:<\/strong><\/p><ol><li>Aceda a Ferramentas (\u00edcone de engrenagem) no menu do seu browser.<\/li><li>Clique em Propriedades da Internet.<\/li><li>No separador Geral - Hist\u00f3rico de navega\u00e7\u00e3o, clique em Eliminar.<\/li><li>Certifique-se de que assinala a op\u00e7\u00e3o Cookies e dados do s\u00edtio Web.<\/li><li>Clique em Remover.<\/li><li>Clique em OK.<\/li><\/ol><p><strong>Como impedir que os cookies sejam armazenados no seu navegador Web:<\/strong><\/p><ol><li>Aceda a Ferramentas (\u00edcone de engrenagem) no menu do seu browser.<\/li><li>Clique em Op\u00e7\u00f5es da Internet e, em seguida, no separador Privacidade.<\/li><li>Desloque o cursor para o n\u00edvel pretendido. Se pretender impedir o armazenamento de todos os cookies, selecione o n\u00edvel Bloquear todos os cookies.<\/li><li>Clique em OK.<\/li><\/ol><h5>Gest\u00e3o de cookies no Opera<\/h5><p><strong>Como eliminar cookies:<\/strong><\/p><ol><li>Aceda a Defini\u00e7\u00f5es no menu do seu browser.<\/li><li>Selecione o separador Privacidade e seguran\u00e7a.<\/li><li>Clique em Cookies e depois em Todos os cookies e dados do s\u00edtio Web.<\/li><li>Selecione os cookies que pretende eliminar e clique em Eliminar. Clique em Apagar tudo se pretender apagar todos os cookies do seu navegador Web.<\/li><li>Clique em Conclu\u00eddo.<\/li><li>Fechar a janela.<\/li><\/ol><p><strong>Como impedir que os cookies sejam armazenados no seu navegador Web:<\/strong><\/p><ol><li>Aceda a Defini\u00e7\u00f5es no menu do seu browser.<\/li><li>Selecione o separador Privacidade e seguran\u00e7a.<\/li><li>Em Cookies, selecione a sua op\u00e7\u00e3o preferida. Se pretender impedir o armazenamento de todos os cookies, clique em N\u00e3o permitir o armazenamento de dados de s\u00edtios.<\/li><li>Fechar a janela.<\/li><\/ol><h4>Informa\u00e7\u00f5es de contacto<\/h4><p>Para efeitos de transpar\u00eancia, se tiver alguma d\u00favida sobre a utiliza\u00e7\u00e3o do armazenamento local no nosso s\u00edtio Web, contacte-nos atrav\u00e9s de <a rel=\"noreferrer\">FHERRERA@CENTRALANDBASIC.COM<\/a>, indicando \u00abPol\u00edtica de cookies\u201d na linha de assunto.<\/p>\t\t\t\t\t\t\t\t<\/div>\n\t\t\t\t<\/div>\n\t\t\t\t\t<\/div>\n\t\t\t\t<\/div>\n\t\t\t\t<\/div>","protected":false},"excerpt":{"rendered":"<p>Informaci\u00f3n General de las Cookies La confianza del usuario es importante para nosotros, y por consiguiente, en PLANES MAGICOS, S.L. nos preocupa proteger su privacidad. Un aspecto importante de esto es proporcionarle toda la informaci\u00f3n posible sobre c\u00f3mo utilizamos tus datos de car\u00e1cter personal, incluyendo c\u00f3mo utilizamos el almacenamiento local de datos y tecnolog\u00eda similar. [&hellip;]<\/p>","protected":false},"author":1,"featured_media":0,"parent":0,"menu_order":0,"comment_status":"closed","ping_status":"closed","template":"","meta":{"footnotes":""},"class_list":["post-416","page","type-page","status-publish","hentry"],"yoast_head":"<!-- This site is optimized with the Yoast SEO plugin v26.9 - https:\/\/yoast.com\/product\/yoast-seo-wordpress\/ -->\n<title>Pol\u00edtica de cookies - YOUTH HOSTEL Central and Basic Barcelona<\/title>\n<meta name=\"robots\" content=\"index, follow, max-snippet:-1, max-image-preview:large, max-video-preview:-1\" \/>\n<link rel=\"canonical\" href=\"https:\/\/centralandbasicbarcelona.com\/pt\/politica-de-cookies\/\" \/>\n<meta property=\"og:locale\" content=\"pt_PT\" \/>\n<meta property=\"og:type\" content=\"article\" \/>\n<meta property=\"og:title\" content=\"Pol\u00edtica de cookies - YOUTH HOSTEL Central and Basic Barcelona\" \/>\n<meta property=\"og:description\" content=\"Informaci\u00f3n General de las Cookies La confianza del usuario es importante para nosotros, y por consiguiente, en PLANES MAGICOS, S.L. nos preocupa proteger su privacidad. Un aspecto importante de esto es proporcionarle toda la informaci\u00f3n posible sobre c\u00f3mo utilizamos tus datos de car\u00e1cter personal, incluyendo c\u00f3mo utilizamos el almacenamiento local de datos y tecnolog\u00eda similar. [&hellip;]\" \/>\n<meta property=\"og:url\" content=\"https:\/\/centralandbasicbarcelona.com\/pt\/politica-de-cookies\/\" \/>\n<meta property=\"og:site_name\" content=\"YOUTH HOSTEL Central and Basic Barcelona\" \/>\n<meta property=\"article:modified_time\" content=\"2024-08-05T18:09:43+00:00\" \/>\n<meta name=\"twitter:card\" content=\"summary_large_image\" \/>\n<meta name=\"twitter:label1\" content=\"Tempo estimado de leitura\" \/>\n\t<meta name=\"twitter:data1\" content=\"8 minutos\" \/>\n<script type=\"application\/ld+json\" class=\"yoast-schema-graph\">{\"@context\":\"https:\/\/schema.org\",\"@graph\":[{\"@type\":\"WebPage\",\"@id\":\"https:\/\/centralandbasicbarcelona.com\/politica-de-cookies\/\",\"url\":\"https:\/\/centralandbasicbarcelona.com\/politica-de-cookies\/\",\"name\":\"Pol\u00edtica de cookies - YOUTH HOSTEL Central and Basic Barcelona\",\"isPartOf\":{\"@id\":\"https:\/\/centralandbasicbarcelona.com\/en\/#website\"},\"datePublished\":\"2024-08-05T18:09:03+00:00\",\"dateModified\":\"2024-08-05T18:09:43+00:00\",\"breadcrumb\":{\"@id\":\"https:\/\/centralandbasicbarcelona.com\/politica-de-cookies\/#breadcrumb\"},\"inLanguage\":\"pt-PT\",\"potentialAction\":[{\"@type\":\"ReadAction\",\"target\":[\"https:\/\/centralandbasicbarcelona.com\/politica-de-cookies\/\"]}]},{\"@type\":\"BreadcrumbList\",\"@id\":\"https:\/\/centralandbasicbarcelona.com\/politica-de-cookies\/#breadcrumb\",\"itemListElement\":[{\"@type\":\"ListItem\",\"position\":1,\"name\":\"Portada\",\"item\":\"https:\/\/centralandbasicbarcelona.com\/\"},{\"@type\":\"ListItem\",\"position\":2,\"name\":\"Pol\u00edtica de cookies\"}]},{\"@type\":\"WebSite\",\"@id\":\"https:\/\/centralandbasicbarcelona.com\/en\/#website\",\"url\":\"https:\/\/centralandbasicbarcelona.com\/en\/\",\"name\":\"Central and Basic - Hotel Barcelona\",\"description\":\"\",\"publisher\":{\"@id\":\"https:\/\/centralandbasicbarcelona.com\/en\/#organization\"},\"potentialAction\":[{\"@type\":\"SearchAction\",\"target\":{\"@type\":\"EntryPoint\",\"urlTemplate\":\"https:\/\/centralandbasicbarcelona.com\/en\/?s={search_term_string}\"},\"query-input\":{\"@type\":\"PropertyValueSpecification\",\"valueRequired\":true,\"valueName\":\"search_term_string\"}}],\"inLanguage\":\"pt-PT\"},{\"@type\":\"Organization\",\"@id\":\"https:\/\/centralandbasicbarcelona.com\/en\/#organization\",\"name\":\"Central and Basic - Hotel Barcelona\",\"url\":\"https:\/\/centralandbasicbarcelona.com\/en\/\",\"logo\":{\"@type\":\"ImageObject\",\"inLanguage\":\"pt-PT\",\"@id\":\"https:\/\/centralandbasicbarcelona.com\/en\/#\/schema\/logo\/image\/\",\"url\":\"https:\/\/centralandbasicbarcelona.com\/wp-content\/uploads\/2025\/10\/central-and-basics-logo.png\",\"contentUrl\":\"https:\/\/centralandbasicbarcelona.com\/wp-content\/uploads\/2025\/10\/central-and-basics-logo.png\",\"width\":208,\"height\":80,\"caption\":\"Central and Basic - Hotel Barcelona\"},\"image\":{\"@id\":\"https:\/\/centralandbasicbarcelona.com\/en\/#\/schema\/logo\/image\/\"}}]}<\/script>\n<!-- \/ Yoast SEO plugin. -->","yoast_head_json":{"title":"Pol\u00edtica de cookies - YOUTH HOSTEL Central and Basic Barcelona","robots":{"index":"index","follow":"follow","max-snippet":"max-snippet:-1","max-image-preview":"max-image-preview:large","max-video-preview":"max-video-preview:-1"},"canonical":"https:\/\/centralandbasicbarcelona.com\/pt\/politica-de-cookies\/","og_locale":"pt_PT","og_type":"article","og_title":"Pol\u00edtica de cookies - YOUTH HOSTEL Central and Basic Barcelona","og_description":"Informaci\u00f3n General de las Cookies La confianza del usuario es importante para nosotros, y por consiguiente, en PLANES MAGICOS, S.L. nos preocupa proteger su privacidad. Un aspecto importante de esto es proporcionarle toda la informaci\u00f3n posible sobre c\u00f3mo utilizamos tus datos de car\u00e1cter personal, incluyendo c\u00f3mo utilizamos el almacenamiento local de datos y tecnolog\u00eda similar. [&hellip;]","og_url":"https:\/\/centralandbasicbarcelona.com\/pt\/politica-de-cookies\/","og_site_name":"YOUTH HOSTEL Central and Basic Barcelona","article_modified_time":"2024-08-05T18:09:43+00:00","twitter_card":"summary_large_image","twitter_misc":{"Tempo estimado de leitura":"8 minutos"},"schema":{"@context":"https:\/\/schema.org","@graph":[{"@type":"WebPage","@id":"https:\/\/centralandbasicbarcelona.com\/politica-de-cookies\/","url":"https:\/\/centralandbasicbarcelona.com\/politica-de-cookies\/","name":"Pol\u00edtica de cookies - YOUTH HOSTEL Central and Basic Barcelona","isPartOf":{"@id":"https:\/\/centralandbasicbarcelona.com\/en\/#website"},"datePublished":"2024-08-05T18:09:03+00:00","dateModified":"2024-08-05T18:09:43+00:00","breadcrumb":{"@id":"https:\/\/centralandbasicbarcelona.com\/politica-de-cookies\/#breadcrumb"},"inLanguage":"pt-PT","potentialAction":[{"@type":"ReadAction","target":["https:\/\/centralandbasicbarcelona.com\/politica-de-cookies\/"]}]},{"@type":"BreadcrumbList","@id":"https:\/\/centralandbasicbarcelona.com\/politica-de-cookies\/#breadcrumb","itemListElement":[{"@type":"ListItem","position":1,"name":"Portada","item":"https:\/\/centralandbasicbarcelona.com\/"},{"@type":"ListItem","position":2,"name":"Pol\u00edtica de cookies"}]},{"@type":"WebSite","@id":"https:\/\/centralandbasicbarcelona.com\/en\/#website","url":"https:\/\/centralandbasicbarcelona.com\/en\/","name":"Central e b\u00e1sico - Hotel Barcelona","description":"","publisher":{"@id":"https:\/\/centralandbasicbarcelona.com\/en\/#organization"},"potentialAction":[{"@type":"SearchAction","target":{"@type":"EntryPoint","urlTemplate":"https:\/\/centralandbasicbarcelona.com\/en\/?s={search_term_string}"},"query-input":{"@type":"PropertyValueSpecification","valueRequired":true,"valueName":"search_term_string"}}],"inLanguage":"pt-PT"},{"@type":"Organization","@id":"https:\/\/centralandbasicbarcelona.com\/en\/#organization","name":"Central e b\u00e1sico - Hotel Barcelona","url":"https:\/\/centralandbasicbarcelona.com\/en\/","logo":{"@type":"ImageObject","inLanguage":"pt-PT","@id":"https:\/\/centralandbasicbarcelona.com\/en\/#\/schema\/logo\/image\/","url":"https:\/\/centralandbasicbarcelona.com\/wp-content\/uploads\/2025\/10\/central-and-basics-logo.png","contentUrl":"https:\/\/centralandbasicbarcelona.com\/wp-content\/uploads\/2025\/10\/central-and-basics-logo.png","width":208,"height":80,"caption":"Central and Basic - Hotel Barcelona"},"image":{"@id":"https:\/\/centralandbasicbarcelona.com\/en\/#\/schema\/logo\/image\/"}}]}},"_links":{"self":[{"href":"https:\/\/centralandbasicbarcelona.com\/pt\/wp-json\/wp\/v2\/pages\/416","targetHints":{"allow":["GET"]}}],"collection":[{"href":"https:\/\/centralandbasicbarcelona.com\/pt\/wp-json\/wp\/v2\/pages"}],"about":[{"href":"https:\/\/centralandbasicbarcelona.com\/pt\/wp-json\/wp\/v2\/types\/page"}],"author":[{"embeddable":true,"href":"https:\/\/centralandbasicbarcelona.com\/pt\/wp-json\/wp\/v2\/users\/1"}],"replies":[{"embeddable":true,"href":"https:\/\/centralandbasicbarcelona.com\/pt\/wp-json\/wp\/v2\/comments?post=416"}],"version-history":[{"count":4,"href":"https:\/\/centralandbasicbarcelona.com\/pt\/wp-json\/wp\/v2\/pages\/416\/revisions"}],"predecessor-version":[{"id":420,"href":"https:\/\/centralandbasicbarcelona.com\/pt\/wp-json\/wp\/v2\/pages\/416\/revisions\/420"}],"wp:attachment":[{"href":"https:\/\/centralandbasicbarcelona.com\/pt\/wp-json\/wp\/v2\/media?parent=416"}],"curies":[{"name":"wp","href":"https:\/\/api.w.org\/{rel}","templated":true}]}}