{"id":401,"date":"2024-08-05T18:01:15","date_gmt":"2024-08-05T18:01:15","guid":{"rendered":"https:\/\/centralandbasicbarcelona.com\/?page_id=401"},"modified":"2025-12-03T10:24:42","modified_gmt":"2025-12-03T10:24:42","slug":"politicas-de-privacidad","status":"publish","type":"page","link":"https:\/\/centralandbasicbarcelona.com\/pt\/politicas-de-privacidad\/","title":{"rendered":"Pol\u00edtica de privacidade"},"content":{"rendered":"<div data-elementor-type=\"wp-page\" data-elementor-id=\"401\" class=\"elementor elementor-401\" data-elementor-post-type=\"page\">\n\t\t\t\t<div class=\"elementor-element elementor-element-985fb5e e-flex e-con-boxed e-con e-parent\" data-id=\"985fb5e\" data-element_type=\"container\" data-e-type=\"container\">\n\t\t\t\t\t<div class=\"e-con-inner\">\n\t\t\t\t<div class=\"elementor-element elementor-element-03d4117 elementor-widget elementor-widget-text-editor\" data-id=\"03d4117\" data-element_type=\"widget\" data-e-type=\"widget\" data-widget_type=\"text-editor.default\">\n\t\t\t\t<div class=\"elementor-widget-container\">\n\t\t\t\t\t\t\t\t\t<h3>Informa\u00e7\u00f5es sobre a prote\u00e7\u00e3o de dados<\/h3>\n<h4>Dados relativos \u00e0 pessoa respons\u00e1vel<\/h4>\n<p><strong>Respons\u00e1vel pelo tratamento<\/strong><\/p>\n<ul>\n<li><strong>Entidade<\/strong>: PLANES MAGICOS, S.L.<\/li>\n<li><strong>N\u00famero de IVA da entidade<\/strong>: B67123976<\/li>\n<li><strong>Endere\u00e7o da entidade<\/strong>: CALLE GUARDIA, 13, 3 - (08001) BARCELONA<\/li>\n<li><strong>Correio eletr\u00f3nico da entidade<\/strong>: <a rel=\"noreferrer\">info@centralandbasic.com<\/a><\/li>\n<li><strong>Controlador de dados<\/strong>: FRANCISCO HERRERA VILLEGAS<\/li>\n<li><strong>N\u00famero de telefone do respons\u00e1vel pelo tratamento de dados<\/strong>: 646900465<\/li>\n<li><strong>Endere\u00e7o de correio eletr\u00f3nico do respons\u00e1vel pelo tratamento de dados<\/strong>: <a rel=\"noreferrer\">info@centralandbasic.com<\/a><\/li>\n<\/ul>\n<h4>Objectivos<\/h4>\n<p>Em conformidade com as disposi\u00e7\u00f5es do Regulamento Europeu 2016\/679 Regulamento Geral de Prote\u00e7\u00e3o de Dados e da Lei Org\u00e2nica 3\/2018 sobre Prote\u00e7\u00e3o de Dados Pessoais e Garantia dos Direitos Digitais, informamos que, dependendo da rela\u00e7\u00e3o que tiver connosco, PLANES MAGICOS, S.L. tratar\u00e1 os dados que nos fornecer para qualquer uma ou todas as seguintes finalidades:<\/p>\n<ul>\n<li>Envio de informa\u00e7\u00f5es comerciais da entidade por correio, correio eletr\u00f3nico ou outros meios.<\/li>\n<li>Informa\u00e7\u00f5es dos cookies.<\/li>\n<li>Reservas.<\/li>\n<\/ul>\n<h4>Per\u00edodo de conserva\u00e7\u00e3o dos dados<\/h4>\n<p>Os seus dados ser\u00e3o conservados por um per\u00edodo de tempo indeterminado. Se necessitar de ser apagado mais cedo, solicite-o exercendo o seu direito de apagamento. Al\u00e9m disso, os dados que devam ser conservados por raz\u00f5es legais durante um per\u00edodo de tempo necess\u00e1rio para cumprir regulamentos espec\u00edficos ser\u00e3o bloqueados e s\u00f3 ser\u00e3o disponibilizados \u00e0 autoridade p\u00fablica competente.<\/p>\n<h4>Legitima\u00e7\u00e3o<\/h4>\n<p>A base jur\u00eddica para o tratamento dos seus dados \u00e9 a seguinte<\/p>\n<ul>\n<li>Consentimento inequ\u00edvoco.<\/li>\n<\/ul>\n<h4>Destinat\u00e1rios<\/h4>\n<p>Os seus dados pessoais ser\u00e3o divulgados a terceiros nos seguintes casos:<\/p>\n<ul>\n<li>Empresas de manuten\u00e7\u00e3o de hardware e software inform\u00e1tico.<\/li>\n<\/ul>\n<h4>Direitos<\/h4>\n<p>O utilizador tem o direito de obter a confirma\u00e7\u00e3o de que PLANES MAGICOS, S.L. est\u00e1 ou n\u00e3o a tratar os dados pessoais que lhe dizem respeito.<\/p>\n<p>O utilizador tem tamb\u00e9m o direito de aceder aos seus dados pessoais, bem como o direito de solicitar a <strong>retifica\u00e7\u00e3o<\/strong> dos dados inexactos ou, se for caso disso, solicitar a sua supress\u00e3o. <strong>elimina\u00e7\u00e3o<\/strong> quando, entre outros motivos, os dados deixarem de ser necess\u00e1rios para os fins para que foram recolhidos.<\/p>\n<p>Em determinadas circunst\u00e2ncias, pode solicitar a <strong>limita\u00e7\u00e3o do tratamento<\/strong> dos seus dados, caso em que apenas os conservaremos para efeitos de exerc\u00edcio ou defesa de reclama\u00e7\u00f5es.<\/p>\n<p>Al\u00e9m disso, em determinadas circunst\u00e2ncias e por raz\u00f5es relacionadas com a sua situa\u00e7\u00e3o particular, o utilizador pode exercer o direito de <strong>oposi\u00e7\u00e3o<\/strong> ao tratamento dos seus dados. PLANES MAGICOS, S.L. deixar\u00e1 de tratar os dados, exceto por motivos leg\u00edtimos imperiosos, ou para o exerc\u00edcio ou defesa de poss\u00edveis reclama\u00e7\u00f5es.<\/p>\n<p>Pode igualmente exercer o direito de <strong>portabilidade<\/strong> dos dados, bem como de retirar os consentimentos dados em qualquer altura, sem afetar a licitude do tratamento efectuado com base no consentimento anterior \u00e0 sua retirada.<\/p>\n<p>Se desejar exercer algum dos seus direitos, pode faz\u00ea-lo atrav\u00e9s das liga\u00e7\u00f5es abaixo indicadas:<\/p>\n<ul>\n<li>Para exercer o seu direito a <strong>Acesso<\/strong> clique aqui <a href=\"https:\/\/intranet.laboralrgpd.com\/webApp\/clientes_derechos\/derechos-formulario.php?id_cliente=SlAydFpDVVNyZ3R0ZHJ1M1FtR3pjdz09\">aqui.<\/a><\/li>\n<li>Para exercer o seu direito a <strong>Corre\u00e7\u00e3o<\/strong> clique aqui <a href=\"https:\/\/intranet.laboralrgpd.com\/webApp\/clientes_derechos\/derechos-formulario.php?id_cliente=SlAydFpDVVNyZ3R0ZHJ1M1FtR3pjdz09\" rel=\"noreferrer\">aqui<\/a>.<\/li>\n<li>Para exercer o seu direito a <strong>Elimina\u00e7\u00e3o (Oblivion)<\/strong> clique aqui <a href=\"https:\/\/intranet.laboralrgpd.com\/webApp\/clientes_derechos\/derechos-formulario.php?id_cliente=SlAydFpDVVNyZ3R0ZHJ1M1FtR3pjdz09\" rel=\"noreferrer\">aqui<\/a>.<\/li>\n<li>Para exercer o seu direito a <strong>Limita\u00e7\u00e3o do tratamento<\/strong> clique aqui <a href=\"https:\/\/intranet.laboralrgpd.com\/webApp\/clientes_derechos\/derechos-formulario.php?id_cliente=SlAydFpDVVNyZ3R0ZHJ1M1FtR3pjdz09\" rel=\"noreferrer\">aqui<\/a>.<\/li>\n<li>Para exercer o seu direito a <strong>Oposi\u00e7\u00e3o<\/strong> clique aqui <a href=\"https:\/\/intranet.laboralrgpd.com\/webApp\/clientes_derechos\/derechos-formulario.php?id_cliente=SlAydFpDVVNyZ3R0ZHJ1M1FtR3pjdz09\" rel=\"noreferrer\">aqui<\/a>.<\/li>\n<li>Para exercer o seu direito a <strong>Portabilidade<\/strong> clique aqui <a href=\"https:\/\/intranet.laboralrgpd.com\/webApp\/clientes_derechos\/derechos-formulario.php?id_cliente=SlAydFpDVVNyZ3R0ZHJ1M1FtR3pjdz09\" rel=\"noreferrer\">aqui<\/a>.<\/li>\n<\/ul>\n<p>Em alternativa, tamb\u00e9m pode contactar-nos por correio para o seguinte endere\u00e7o: CALLE GUARDIA, 13, 3 - (08001) BARCELONA, anexando uma fotoc\u00f3pia do seu bilhete de identidade, para garantir a sua identidade. N\u00e3o se esque\u00e7a de fornecer o m\u00e1ximo de informa\u00e7\u00f5es poss\u00edvel sobre o seu pedido: nome e apelido, endere\u00e7o de correio eletr\u00f3nico que utiliza para a conta ou portal que \u00e9 objeto do seu pedido.<\/p>\n<p>Por \u00faltimo, informamos que pode contactar a Ag\u00eancia Espanhola de Prote\u00e7\u00e3o de Dados e outros organismos p\u00fablicos competentes para qualquer reclama\u00e7\u00e3o decorrente do tratamento dos seus dados pessoais.<\/p>\n<h4>Pol\u00edtica de cookies<\/h4>\n<p>Para saber mais sobre os cookies que utilizamos no nosso s\u00edtio Web, lembre-se de que pode aceder ao nosso <a href=\"https:\/\/intranet.laboralrgpd.com\/politicaCookies\/index.php?sid=SlAydFpDVVNyZ3R0ZHJ1M1FtR3pjdz09\" rel=\"noreferrer\">Pol\u00edtica de cookies<\/a>.<\/p>\t\t\t\t\t\t\t\t<\/div>\n\t\t\t\t<\/div>\n\t\t\t\t\t<\/div>\n\t\t\t\t<\/div>\n\t\t\t\t<\/div>","protected":false},"excerpt":{"rendered":"<p>Informaci\u00f3n sobre Protecci\u00f3n de Datos Datos relativos al Responsable Responsable Tratamiento Entidad: PLANES MAGICOS, S.L. CIF de la entidad: B67123976 Direcci\u00f3n de la entidad: CALLE GUARDIA, 13, 3 &#8211; (08001) BARCELONA Email de la entidad: info@centralandbasic.com Responsable del tratamiento: FRANCISCO HERRERA VILLEGAS Tel\u00e9fono del Responsable del tratamiento: 646900465 Direcci\u00f3n email del Responsable del tratamiento: info@centralandbasic.com [&hellip;]<\/p>","protected":false},"author":1,"featured_media":0,"parent":0,"menu_order":0,"comment_status":"closed","ping_status":"closed","template":"","meta":{"footnotes":""},"class_list":["post-401","page","type-page","status-publish","hentry"],"yoast_head":"<!-- This site is optimized with the Yoast SEO plugin v26.9 - https:\/\/yoast.com\/product\/yoast-seo-wordpress\/ -->\n<title>Pol\u00edticas de privacidad - YOUTH HOSTEL Central and Basic Barcelona<\/title>\n<meta name=\"robots\" content=\"index, follow, max-snippet:-1, max-image-preview:large, max-video-preview:-1\" \/>\n<link rel=\"canonical\" href=\"https:\/\/centralandbasicbarcelona.com\/pt\/politicas-de-privacidad\/\" \/>\n<meta property=\"og:locale\" content=\"pt_PT\" \/>\n<meta property=\"og:type\" content=\"article\" \/>\n<meta property=\"og:title\" content=\"Pol\u00edticas de privacidad - YOUTH HOSTEL Central and Basic Barcelona\" \/>\n<meta property=\"og:description\" content=\"Informaci\u00f3n sobre Protecci\u00f3n de Datos Datos relativos al Responsable Responsable Tratamiento Entidad: PLANES MAGICOS, S.L. CIF de la entidad: B67123976 Direcci\u00f3n de la entidad: CALLE GUARDIA, 13, 3 &#8211; (08001) BARCELONA Email de la entidad: info@centralandbasic.com Responsable del tratamiento: FRANCISCO HERRERA VILLEGAS Tel\u00e9fono del Responsable del tratamiento: 646900465 Direcci\u00f3n email del Responsable del tratamiento: info@centralandbasic.com [&hellip;]\" \/>\n<meta property=\"og:url\" content=\"https:\/\/centralandbasicbarcelona.com\/pt\/politicas-de-privacidad\/\" \/>\n<meta property=\"og:site_name\" content=\"YOUTH HOSTEL Central and Basic Barcelona\" \/>\n<meta property=\"article:modified_time\" content=\"2025-12-03T10:24:42+00:00\" \/>\n<meta name=\"twitter:card\" content=\"summary_large_image\" \/>\n<meta name=\"twitter:label1\" content=\"Tempo estimado de leitura\" \/>\n\t<meta name=\"twitter:data1\" content=\"3 minutos\" \/>\n<script type=\"application\/ld+json\" class=\"yoast-schema-graph\">{\"@context\":\"https:\/\/schema.org\",\"@graph\":[{\"@type\":\"WebPage\",\"@id\":\"https:\/\/centralandbasicbarcelona.com\/politicas-de-privacidad\/\",\"url\":\"https:\/\/centralandbasicbarcelona.com\/politicas-de-privacidad\/\",\"name\":\"Pol\u00edticas de privacidad - YOUTH HOSTEL Central and Basic Barcelona\",\"isPartOf\":{\"@id\":\"https:\/\/centralandbasicbarcelona.com\/en\/#website\"},\"datePublished\":\"2024-08-05T18:01:15+00:00\",\"dateModified\":\"2025-12-03T10:24:42+00:00\",\"breadcrumb\":{\"@id\":\"https:\/\/centralandbasicbarcelona.com\/politicas-de-privacidad\/#breadcrumb\"},\"inLanguage\":\"pt-PT\",\"potentialAction\":[{\"@type\":\"ReadAction\",\"target\":[\"https:\/\/centralandbasicbarcelona.com\/politicas-de-privacidad\/\"]}]},{\"@type\":\"BreadcrumbList\",\"@id\":\"https:\/\/centralandbasicbarcelona.com\/politicas-de-privacidad\/#breadcrumb\",\"itemListElement\":[{\"@type\":\"ListItem\",\"position\":1,\"name\":\"Portada\",\"item\":\"https:\/\/centralandbasicbarcelona.com\/\"},{\"@type\":\"ListItem\",\"position\":2,\"name\":\"Pol\u00edticas de privacidad\"}]},{\"@type\":\"WebSite\",\"@id\":\"https:\/\/centralandbasicbarcelona.com\/en\/#website\",\"url\":\"https:\/\/centralandbasicbarcelona.com\/en\/\",\"name\":\"Central and Basic - Hotel Barcelona\",\"description\":\"\",\"publisher\":{\"@id\":\"https:\/\/centralandbasicbarcelona.com\/en\/#organization\"},\"potentialAction\":[{\"@type\":\"SearchAction\",\"target\":{\"@type\":\"EntryPoint\",\"urlTemplate\":\"https:\/\/centralandbasicbarcelona.com\/en\/?s={search_term_string}\"},\"query-input\":{\"@type\":\"PropertyValueSpecification\",\"valueRequired\":true,\"valueName\":\"search_term_string\"}}],\"inLanguage\":\"pt-PT\"},{\"@type\":\"Organization\",\"@id\":\"https:\/\/centralandbasicbarcelona.com\/en\/#organization\",\"name\":\"Central and Basic - Hotel Barcelona\",\"url\":\"https:\/\/centralandbasicbarcelona.com\/en\/\",\"logo\":{\"@type\":\"ImageObject\",\"inLanguage\":\"pt-PT\",\"@id\":\"https:\/\/centralandbasicbarcelona.com\/en\/#\/schema\/logo\/image\/\",\"url\":\"https:\/\/centralandbasicbarcelona.com\/wp-content\/uploads\/2025\/10\/central-and-basics-logo.png\",\"contentUrl\":\"https:\/\/centralandbasicbarcelona.com\/wp-content\/uploads\/2025\/10\/central-and-basics-logo.png\",\"width\":208,\"height\":80,\"caption\":\"Central and Basic - Hotel Barcelona\"},\"image\":{\"@id\":\"https:\/\/centralandbasicbarcelona.com\/en\/#\/schema\/logo\/image\/\"}}]}<\/script>\n<!-- \/ Yoast SEO plugin. -->","yoast_head_json":{"title":"Pol\u00edticas de privacidad - YOUTH HOSTEL Central and Basic Barcelona","robots":{"index":"index","follow":"follow","max-snippet":"max-snippet:-1","max-image-preview":"max-image-preview:large","max-video-preview":"max-video-preview:-1"},"canonical":"https:\/\/centralandbasicbarcelona.com\/pt\/politicas-de-privacidad\/","og_locale":"pt_PT","og_type":"article","og_title":"Pol\u00edticas de privacidad - YOUTH HOSTEL Central and Basic Barcelona","og_description":"Informaci\u00f3n sobre Protecci\u00f3n de Datos Datos relativos al Responsable Responsable Tratamiento Entidad: PLANES MAGICOS, S.L. CIF de la entidad: B67123976 Direcci\u00f3n de la entidad: CALLE GUARDIA, 13, 3 &#8211; (08001) BARCELONA Email de la entidad: info@centralandbasic.com Responsable del tratamiento: FRANCISCO HERRERA VILLEGAS Tel\u00e9fono del Responsable del tratamiento: 646900465 Direcci\u00f3n email del Responsable del tratamiento: info@centralandbasic.com [&hellip;]","og_url":"https:\/\/centralandbasicbarcelona.com\/pt\/politicas-de-privacidad\/","og_site_name":"YOUTH HOSTEL Central and Basic Barcelona","article_modified_time":"2025-12-03T10:24:42+00:00","twitter_card":"summary_large_image","twitter_misc":{"Tempo estimado de leitura":"3 minutos"},"schema":{"@context":"https:\/\/schema.org","@graph":[{"@type":"WebPage","@id":"https:\/\/centralandbasicbarcelona.com\/politicas-de-privacidad\/","url":"https:\/\/centralandbasicbarcelona.com\/politicas-de-privacidad\/","name":"Pol\u00edticas de privacidad - YOUTH HOSTEL Central and Basic Barcelona","isPartOf":{"@id":"https:\/\/centralandbasicbarcelona.com\/en\/#website"},"datePublished":"2024-08-05T18:01:15+00:00","dateModified":"2025-12-03T10:24:42+00:00","breadcrumb":{"@id":"https:\/\/centralandbasicbarcelona.com\/politicas-de-privacidad\/#breadcrumb"},"inLanguage":"pt-PT","potentialAction":[{"@type":"ReadAction","target":["https:\/\/centralandbasicbarcelona.com\/politicas-de-privacidad\/"]}]},{"@type":"BreadcrumbList","@id":"https:\/\/centralandbasicbarcelona.com\/politicas-de-privacidad\/#breadcrumb","itemListElement":[{"@type":"ListItem","position":1,"name":"Portada","item":"https:\/\/centralandbasicbarcelona.com\/"},{"@type":"ListItem","position":2,"name":"Pol\u00edticas de privacidad"}]},{"@type":"WebSite","@id":"https:\/\/centralandbasicbarcelona.com\/en\/#website","url":"https:\/\/centralandbasicbarcelona.com\/en\/","name":"Central e b\u00e1sico - Hotel Barcelona","description":"","publisher":{"@id":"https:\/\/centralandbasicbarcelona.com\/en\/#organization"},"potentialAction":[{"@type":"SearchAction","target":{"@type":"EntryPoint","urlTemplate":"https:\/\/centralandbasicbarcelona.com\/en\/?s={search_term_string}"},"query-input":{"@type":"PropertyValueSpecification","valueRequired":true,"valueName":"search_term_string"}}],"inLanguage":"pt-PT"},{"@type":"Organization","@id":"https:\/\/centralandbasicbarcelona.com\/en\/#organization","name":"Central e b\u00e1sico - Hotel Barcelona","url":"https:\/\/centralandbasicbarcelona.com\/en\/","logo":{"@type":"ImageObject","inLanguage":"pt-PT","@id":"https:\/\/centralandbasicbarcelona.com\/en\/#\/schema\/logo\/image\/","url":"https:\/\/centralandbasicbarcelona.com\/wp-content\/uploads\/2025\/10\/central-and-basics-logo.png","contentUrl":"https:\/\/centralandbasicbarcelona.com\/wp-content\/uploads\/2025\/10\/central-and-basics-logo.png","width":208,"height":80,"caption":"Central and Basic - Hotel Barcelona"},"image":{"@id":"https:\/\/centralandbasicbarcelona.com\/en\/#\/schema\/logo\/image\/"}}]}},"_links":{"self":[{"href":"https:\/\/centralandbasicbarcelona.com\/pt\/wp-json\/wp\/v2\/pages\/401","targetHints":{"allow":["GET"]}}],"collection":[{"href":"https:\/\/centralandbasicbarcelona.com\/pt\/wp-json\/wp\/v2\/pages"}],"about":[{"href":"https:\/\/centralandbasicbarcelona.com\/pt\/wp-json\/wp\/v2\/types\/page"}],"author":[{"embeddable":true,"href":"https:\/\/centralandbasicbarcelona.com\/pt\/wp-json\/wp\/v2\/users\/1"}],"replies":[{"embeddable":true,"href":"https:\/\/centralandbasicbarcelona.com\/pt\/wp-json\/wp\/v2\/comments?post=401"}],"version-history":[{"count":16,"href":"https:\/\/centralandbasicbarcelona.com\/pt\/wp-json\/wp\/v2\/pages\/401\/revisions"}],"predecessor-version":[{"id":1026,"href":"https:\/\/centralandbasicbarcelona.com\/pt\/wp-json\/wp\/v2\/pages\/401\/revisions\/1026"}],"wp:attachment":[{"href":"https:\/\/centralandbasicbarcelona.com\/pt\/wp-json\/wp\/v2\/media?parent=401"}],"curies":[{"name":"wp","href":"https:\/\/api.w.org\/{rel}","templated":true}]}}