{"id":396,"date":"2024-08-05T17:58:17","date_gmt":"2024-08-05T17:58:17","guid":{"rendered":"https:\/\/centralandbasicbarcelona.com\/?page_id=396"},"modified":"2024-08-05T17:59:49","modified_gmt":"2024-08-05T17:59:49","slug":"aviso-legal","status":"publish","type":"page","link":"https:\/\/centralandbasicbarcelona.com\/pt\/aviso-legal\/","title":{"rendered":"Aviso legal"},"content":{"rendered":"<div data-elementor-type=\"wp-page\" data-elementor-id=\"396\" class=\"elementor elementor-396\" data-elementor-post-type=\"page\">\n\t\t\t\t<div class=\"elementor-element elementor-element-679c7d4 e-flex e-con-boxed e-con e-parent\" data-id=\"679c7d4\" data-element_type=\"container\" data-e-type=\"container\">\n\t\t\t\t\t<div class=\"e-con-inner\">\n\t\t\t\t<div class=\"elementor-element elementor-element-41e62df elementor-widget elementor-widget-text-editor\" data-id=\"41e62df\" data-element_type=\"widget\" data-e-type=\"widget\" data-widget_type=\"text-editor.default\">\n\t\t\t\t<div class=\"elementor-widget-container\">\n\t\t\t\t\t\t\t\t\t<h1>AVISO LEGAL<\/h1><ol><li style=\"list-style-type: none;\"><ol><li><strong>Objetivo e aceita\u00e7\u00e3o<\/strong><\/li><\/ol><\/li><\/ol><p>Este aviso legal regula a utiliza\u00e7\u00e3o do nosso s\u00edtio Web, que pertence e \u00e9 gerido por\u00a0<strong>PLANES MAGICOS, S.L.<\/strong>\u00a0. Navegar no s\u00edtio Web de\u00a0<strong>PLANES MAGICOS, S.L.<\/strong>\u00a0atribui a condi\u00e7\u00e3o de utilizador do mesmo e implica a aceita\u00e7\u00e3o plena e sem reservas de todas e cada uma das disposi\u00e7\u00f5es inclu\u00eddas no presente Aviso Legal, que pode sofrer modifica\u00e7\u00f5es. O utilizador compromete-se a fazer uma utiliza\u00e7\u00e3o correta do s\u00edtio Web, em conformidade com as leis, a boa f\u00e9, a ordem p\u00fablica, os usos do tr\u00e1fego e o presente Aviso Legal.\u00a0<strong>Aviso legal<\/strong>. Ser\u00e1 respons\u00e1vel perante\u00a0<strong>PLANES MAGICOS, S.L.<\/strong>\u00a0ou contra terceiros, por quaisquer danos que possam ser causados em consequ\u00eancia do incumprimento desta obriga\u00e7\u00e3o.<\/p><ol><li style=\"list-style-type: none;\"><ol><li><strong>Identifica\u00e7\u00e3o e comunica\u00e7\u00f5es<\/strong><\/li><\/ol><\/li><\/ol><p><strong>PLANES MAGICOS, S.L.<\/strong>, em conformidade com a Lei 34\/2002, de 11 de julho, relativa aos servi\u00e7os da sociedade da informa\u00e7\u00e3o e do com\u00e9rcio eletr\u00f3nico, informa que<\/p><ol><li style=\"list-style-type: none;\"><ol><li style=\"list-style-type: none;\"><ul><li>O nome da empresa \u00e9:\u00a0<strong>PLANES MAGICOS, S.L.<\/strong><\/li><li>O seu n\u00famero de IVA \u00e9:\u00a0<strong>B67123976<\/strong><\/li><li>A sua sede social situa-se em:\u00a0<strong>CALLE GUARDIA, 13, 3 - (08001) BARCELONA<\/strong><\/li><li>Inscri\u00e7\u00e3o no registo comercial :<\/li><\/ul><\/li><\/ol><\/li><\/ol><p>Para entrar em contacto connosco, colocamos \u00e0 sua disposi\u00e7\u00e3o v\u00e1rios meios de contacto indicados na\u00a0<strong>pol\u00edtica de privacidade<\/strong>.<\/p><p>Todas as notifica\u00e7\u00f5es e comunica\u00e7\u00f5es que fizer para\u00a0<strong>PLANES MAGICOS, S.L.<\/strong>\u00a0s\u00e3o, para todos os efeitos, consideradas eficazes, desde que sejam efectuadas pelos meios acima referidos<\/p><ol><li style=\"list-style-type: none;\"><ol><li><strong>Condi\u00e7\u00f5es de acesso e utiliza\u00e7\u00e3o<\/strong><\/li><\/ol><\/li><\/ol><p>O s\u00edtio Web e os seus servi\u00e7os s\u00e3o, no entanto, de acesso livre,\u00a0<strong>PLANES MAGICOS, S.L.<\/strong>\u00a0condiciona a utiliza\u00e7\u00e3o de alguns dos servi\u00e7os oferecidos no seu s\u00edtio Web ao preenchimento pr\u00e9vio do formul\u00e1rio correspondente.<\/p><p>O utilizador garante a autenticidade e a atualidade de todos os dados que fornece \u00e0\u00a0<strong>PLANES MAGICOS, S.L.<\/strong>\u00a0e ser\u00e1 o \u00fanico respons\u00e1vel por quaisquer declara\u00e7\u00f5es falsas ou inexactas feitas.<\/p><p>O utilizador aceita expressamente fazer uma utiliza\u00e7\u00e3o adequada dos conte\u00fados e servi\u00e7os da EL\u00a0<strong>PLANES MAGICOS, S.L.<\/strong>\u00a0e n\u00e3o os utilizar para, nomeadamente:<\/p><ol><li style=\"list-style-type: none;\"><br \/><ol><li style=\"list-style-type: none;\"><br \/><ul><li>Difundir conte\u00fados criminosos, violentos, pornogr\u00e1ficos, racistas, xen\u00f3fobos, ofensivos, de apologia do terrorismo ou, em geral, contr\u00e1rios \u00e0 lei ou \u00e0 ordem p\u00fablica.<\/li><li>Introduzir na rede v\u00edrus inform\u00e1ticos ou realizar ac\u00e7\u00f5es suscept\u00edveis de alterar, deteriorar, interromper ou gerar erros ou danos nos documentos electr\u00f3nicos, nos dados ou nos sistemas f\u00edsicos e l\u00f3gicos de\u00a0<strong>PLANES MAGICOS, S.L.<\/strong>\u00a0ou de terceiros; bem como dificultar o acesso de outros utilizadores ao s\u00edtio Web e aos seus servi\u00e7os atrav\u00e9s do consumo maci\u00e7o dos recursos inform\u00e1ticos atrav\u00e9s dos quais\u00a0<strong>PLANES MAGICOS, S.L.<\/strong>\u00a0presta os seus servi\u00e7os.<\/li><li>Tentativa de acesso aos dados de outras pessoas ou de acesso a \u00e1reas restritas dos sistemas inform\u00e1ticos da\u00a0<strong>PLANES MAGICOS, S.L.<\/strong>\u00a0ou de terceiros e, se for caso disso, extrair informa\u00e7\u00f5es.<\/li><li>Infringir os direitos de propriedade intelectual ou industrial, bem como violar a confidencialidade das informa\u00e7\u00f5es da\u00a0<strong>PLANES MAGICOS, S.L.<\/strong>\u00a0ou de terceiros.<\/li><li>Fazer-se passar por outro utilizador, por autoridades p\u00fablicas ou por terceiros.<\/li><li>Reproduzir, copiar, distribuir, colocar \u00e0 disposi\u00e7\u00e3o ou de qualquer outra forma comunicar publicamente, transformar ou modificar os conte\u00fados, exceto se tiver a autoriza\u00e7\u00e3o do titular dos direitos correspondentes ou se for legalmente permitido.<\/li><li>Recolher dados para fins publicit\u00e1rios e enviar publicidade de qualquer tipo e comunica\u00e7\u00f5es para vendas ou outros fins comerciais sem pedido ou consentimento pr\u00e9vio.<\/li><\/ul><\/li><\/ol><\/li><\/ol><div>\u00a0<\/div><p>Todos os conte\u00fados do s\u00edtio Web, tais como textos, fotografias, gr\u00e1ficos, imagens, \u00edcones, tecnologia, software, bem como o seu design gr\u00e1fico e c\u00f3digos fonte, constituem uma obra cuja propriedade pertence a\u00a0<strong>PLANES MAGICOS, S.L.<\/strong>, N\u00e3o se pode entender que o utilizador tenha cedido qualquer direito de explora\u00e7\u00e3o sobre os mesmos para al\u00e9m do estritamente necess\u00e1rio para a correta utiliza\u00e7\u00e3o do s\u00edtio Web.<\/p><p>Em suma, o utilizador que aceda a este s\u00edtio Web pode visualizar os conte\u00fados e efetuar, se for caso disso, c\u00f3pias privadas autorizadas, desde que os elementos reproduzidos n\u00e3o sejam posteriormente transferidos para terceiros, nem sejam instalados em servidores ligados a redes, nem sejam objeto de qualquer tipo de explora\u00e7\u00e3o.<\/p><p>Do mesmo modo, todas as marcas, nomes comerciais ou sinais distintivos de qualquer tipo que apare\u00e7am no s\u00edtio Web s\u00e3o propriedade de\u00a0<strong>PLANES MAGICOS, S.L.<\/strong>, A utiliza\u00e7\u00e3o ou o acesso ao mesmo n\u00e3o deve ser interpretado como conferindo quaisquer direitos sobre o mesmo.<\/p><p>\u00c9 proibida a distribui\u00e7\u00e3o, modifica\u00e7\u00e3o, transfer\u00eancia ou comunica\u00e7\u00e3o p\u00fablica dos conte\u00fados e qualquer outro ato que n\u00e3o tenha sido expressamente autorizado pelo titular dos direitos de explora\u00e7\u00e3o.<\/p><p>O estabelecimento de uma hiperliga\u00e7\u00e3o n\u00e3o implica, de forma alguma, a exist\u00eancia de uma rela\u00e7\u00e3o entre\u00a0<strong>PLANES MAGICOS, S.L.<\/strong>\u00a0e o propriet\u00e1rio do s\u00edtio Web em que est\u00e1 estabelecido, nem a aceita\u00e7\u00e3o e aprova\u00e7\u00e3o por\u00a0<strong>PLANES MAGICOS, S.L.<\/strong>\u00a0dos seus conte\u00fados ou servi\u00e7os. As pessoas que pretendam estabelecer uma hiperliga\u00e7\u00e3o devem solicitar previamente a autoriza\u00e7\u00e3o escrita de\u00a0<strong>PLANES MAGICOS, S.L.<\/strong>. Em qualquer caso, a hiperliga\u00e7\u00e3o s\u00f3 permitir\u00e1 o acesso \u00e0 home-page ou p\u00e1gina inicial do nosso site, devendo tamb\u00e9m abster-se de fazer declara\u00e7\u00f5es ou indica\u00e7\u00f5es falsas, inexactas ou incorrectas sobre PLANES MAGICOS, S.L., ou incluir conte\u00fados ilegais, contr\u00e1rios aos bons costumes e \u00e0 ordem p\u00fablica.<\/p><p><strong>PLANES MAGICOS, S.L.<\/strong>\u00a0n\u00e3o \u00e9 respons\u00e1vel pela utiliza\u00e7\u00e3o que cada utilizador faz dos materiais disponibilizados neste s\u00edtio Web nem pelas ac\u00e7\u00f5es realizadas com base nos mesmos.<\/p><ol><li style=\"list-style-type: none;\"><ol><li><strong>Exclus\u00e3o de garantias e de responsabilidade<\/strong><p><strong>PLANES MAGICOS, S.L.<\/strong>\u00a0exclui, na medida do permitido por lei, qualquer responsabilidade por danos de qualquer tipo decorrentes de:<\/p><ul><li>A impossibilidade de aceder ao s\u00edtio Web ou a falta de veracidade, exatid\u00e3o, exaustividade e\/ou atualidade dos conte\u00fados, bem como a exist\u00eancia de v\u00edcios e defeitos de qualquer tipo nos conte\u00fados transmitidos, difundidos, armazenados, colocados \u00e0 disposi\u00e7\u00e3o de quem tenha acedido atrav\u00e9s do s\u00edtio Web ou dos servi\u00e7os oferecidos.<\/li><li>A presen\u00e7a de v\u00edrus ou outros elementos nos conte\u00fados que possam causar altera\u00e7\u00f5es nos sistemas inform\u00e1ticos, documentos electr\u00f3nicos ou dados do utilizador.<\/li><li>O desrespeito da lei, da boa f\u00e9, da ordem p\u00fablica, dos usos do tr\u00e1fego e do presente aviso legal em consequ\u00eancia de uma utiliza\u00e7\u00e3o incorrecta do s\u00edtio Web. Nomeadamente, e a t\u00edtulo de exemplo,\u00a0<strong>PLANES MAGICOS, S.L.<\/strong>\u00a0n\u00e3o se responsabiliza por ac\u00e7\u00f5es de terceiros que violem os direitos de propriedade intelectual e industrial, os segredos comerciais, os direitos \u00e0 honra, \u00e0 intimidade pessoal e familiar e \u00e0 pr\u00f3pria imagem, bem como a regulamenta\u00e7\u00e3o sobre concorr\u00eancia desleal e publicidade ilegal.<\/li><\/ul><p>Tamb\u00e9m,\u00a0<strong>PLANES MAGICOS, S.L.<\/strong>\u00a0declina qualquer responsabilidade pelas informa\u00e7\u00f5es que se encontram fora deste s\u00edtio Web e que n\u00e3o s\u00e3o geridas diretamente pelo nosso webmaster. A fun\u00e7\u00e3o dos links que aparecem neste s\u00edtio Web \u00e9 exclusivamente informar o utilizador sobre a exist\u00eancia de outras fontes suscept\u00edveis de ampliar os conte\u00fados oferecidos neste s\u00edtio Web.\u00a0<strong>PLANES MAGICOS, S.L.<\/strong>\u00a0n\u00e3o garante nem aceita qualquer responsabilidade pelo funcionamento ou acessibilidade dos s\u00edtios ligados; nem sugere, convida ou recomenda uma visita aos mesmos, nem ser\u00e1 respons\u00e1vel pelos resultados obtidos.\u00a0<strong>PLANES MAGICOS, S.L.<\/strong>\u00a0n\u00e3o \u00e9 respons\u00e1vel pelo estabelecimento de hiperliga\u00e7\u00f5es por terceiros.<\/p><\/li><li><strong>Procedimento em caso de actividades ilegais<\/strong><\/li><\/ol><\/li><\/ol><p>Se o utilizador ou um terceiro considerar que existem factos ou circunst\u00e2ncias que revelam o car\u00e1cter il\u00edcito da utiliza\u00e7\u00e3o de qualquer conte\u00fado e\/ou da realiza\u00e7\u00e3o de qualquer atividade nas p\u00e1ginas Web inclu\u00eddas ou acess\u00edveis atrav\u00e9s do s\u00edtio Web, dever\u00e1 contactar\u00a0<strong>PLANES MAGICOS, S.L.<\/strong>\u00a0identificando-se devidamente, especificando as alegadas infrac\u00e7\u00f5es e declarando expressamente, sob a sua pr\u00f3pria responsabilidade, que as informa\u00e7\u00f5es fornecidas na notifica\u00e7\u00e3o s\u00e3o exactas.<\/p><p>Para quaisquer lit\u00edgios relativos ao s\u00edtio Web de\u00a0<strong>PLANES MAGICOS, S.L.<\/strong>, \u00c9 aplic\u00e1vel a legisla\u00e7\u00e3o espanhola e s\u00e3o competentes os tribunais mais pr\u00f3ximos da sede de (Espanha).<\/p><ol><li style=\"list-style-type: none;\"><ol><li><strong>Publica\u00e7\u00f5es<\/strong><\/li><\/ol><\/li><\/ol><p>As informa\u00e7\u00f5es administrativas fornecidas atrav\u00e9s do s\u00edtio Web n\u00e3o substituem a publica\u00e7\u00e3o legal de leis, regulamentos, planos, disposi\u00e7\u00f5es gerais e actos que devem ser formalmente publicados nos jornais oficiais das administra\u00e7\u00f5es p\u00fablicas, que s\u00e3o o \u00fanico instrumento que atesta a sua autenticidade e conte\u00fado. As informa\u00e7\u00f5es dispon\u00edveis neste s\u00edtio Web devem ser entendidas como um guia sem qualquer objetivo de validade jur\u00eddica.<\/p>\t\t\t\t\t\t\t\t<\/div>\n\t\t\t\t<\/div>\n\t\t\t\t\t<\/div>\n\t\t\t\t<\/div>\n\t\t\t\t<\/div>","protected":false},"excerpt":{"rendered":"<p>AVISO LEGAL Objeto y aceptaci\u00f3n El presente aviso legal regula el uso de nuestro sitio web, del que es titular\u00a0PLANES MAGICOS, S.L.\u00a0. La navegaci\u00f3n por el sitio web de\u00a0PLANES MAGICOS, S.L.\u00a0atribuye la condici\u00f3n de usuario del mismo e implica la aceptaci\u00f3n plena y sin reservas de todas y cada una de las disposiciones incluidas en [&hellip;]<\/p>","protected":false},"author":1,"featured_media":0,"parent":0,"menu_order":0,"comment_status":"closed","ping_status":"closed","template":"","meta":{"footnotes":""},"class_list":["post-396","page","type-page","status-publish","hentry"],"yoast_head":"<!-- This site is optimized with the Yoast SEO plugin v26.9 - https:\/\/yoast.com\/product\/yoast-seo-wordpress\/ -->\n<title>Aviso Legal - YOUTH HOSTEL Central and Basic Barcelona<\/title>\n<meta name=\"robots\" content=\"index, follow, max-snippet:-1, max-image-preview:large, max-video-preview:-1\" \/>\n<link rel=\"canonical\" href=\"https:\/\/centralandbasicbarcelona.com\/pt\/aviso-legal\/\" \/>\n<meta property=\"og:locale\" content=\"pt_PT\" \/>\n<meta property=\"og:type\" content=\"article\" \/>\n<meta property=\"og:title\" content=\"Aviso Legal - YOUTH HOSTEL Central and Basic Barcelona\" \/>\n<meta property=\"og:description\" content=\"AVISO LEGAL Objeto y aceptaci\u00f3n El presente aviso legal regula el uso de nuestro sitio web, del que es titular\u00a0PLANES MAGICOS, S.L.\u00a0. La navegaci\u00f3n por el sitio web de\u00a0PLANES MAGICOS, S.L.\u00a0atribuye la condici\u00f3n de usuario del mismo e implica la aceptaci\u00f3n plena y sin reservas de todas y cada una de las disposiciones incluidas en [&hellip;]\" \/>\n<meta property=\"og:url\" content=\"https:\/\/centralandbasicbarcelona.com\/pt\/aviso-legal\/\" \/>\n<meta property=\"og:site_name\" content=\"YOUTH HOSTEL Central and Basic Barcelona\" \/>\n<meta property=\"article:modified_time\" content=\"2024-08-05T17:59:49+00:00\" \/>\n<meta name=\"twitter:card\" content=\"summary_large_image\" \/>\n<meta name=\"twitter:label1\" content=\"Tempo estimado de leitura\" \/>\n\t<meta name=\"twitter:data1\" content=\"7 minutos\" \/>\n<script type=\"application\/ld+json\" class=\"yoast-schema-graph\">{\"@context\":\"https:\/\/schema.org\",\"@graph\":[{\"@type\":\"WebPage\",\"@id\":\"https:\/\/centralandbasicbarcelona.com\/aviso-legal\/\",\"url\":\"https:\/\/centralandbasicbarcelona.com\/aviso-legal\/\",\"name\":\"Aviso Legal - YOUTH HOSTEL Central and Basic Barcelona\",\"isPartOf\":{\"@id\":\"https:\/\/centralandbasicbarcelona.com\/en\/#website\"},\"datePublished\":\"2024-08-05T17:58:17+00:00\",\"dateModified\":\"2024-08-05T17:59:49+00:00\",\"breadcrumb\":{\"@id\":\"https:\/\/centralandbasicbarcelona.com\/aviso-legal\/#breadcrumb\"},\"inLanguage\":\"pt-PT\",\"potentialAction\":[{\"@type\":\"ReadAction\",\"target\":[\"https:\/\/centralandbasicbarcelona.com\/aviso-legal\/\"]}]},{\"@type\":\"BreadcrumbList\",\"@id\":\"https:\/\/centralandbasicbarcelona.com\/aviso-legal\/#breadcrumb\",\"itemListElement\":[{\"@type\":\"ListItem\",\"position\":1,\"name\":\"Portada\",\"item\":\"https:\/\/centralandbasicbarcelona.com\/\"},{\"@type\":\"ListItem\",\"position\":2,\"name\":\"Aviso Legal\"}]},{\"@type\":\"WebSite\",\"@id\":\"https:\/\/centralandbasicbarcelona.com\/en\/#website\",\"url\":\"https:\/\/centralandbasicbarcelona.com\/en\/\",\"name\":\"Central and Basic - Hotel Barcelona\",\"description\":\"\",\"publisher\":{\"@id\":\"https:\/\/centralandbasicbarcelona.com\/en\/#organization\"},\"potentialAction\":[{\"@type\":\"SearchAction\",\"target\":{\"@type\":\"EntryPoint\",\"urlTemplate\":\"https:\/\/centralandbasicbarcelona.com\/en\/?s={search_term_string}\"},\"query-input\":{\"@type\":\"PropertyValueSpecification\",\"valueRequired\":true,\"valueName\":\"search_term_string\"}}],\"inLanguage\":\"pt-PT\"},{\"@type\":\"Organization\",\"@id\":\"https:\/\/centralandbasicbarcelona.com\/en\/#organization\",\"name\":\"Central and Basic - Hotel Barcelona\",\"url\":\"https:\/\/centralandbasicbarcelona.com\/en\/\",\"logo\":{\"@type\":\"ImageObject\",\"inLanguage\":\"pt-PT\",\"@id\":\"https:\/\/centralandbasicbarcelona.com\/en\/#\/schema\/logo\/image\/\",\"url\":\"https:\/\/centralandbasicbarcelona.com\/wp-content\/uploads\/2025\/10\/central-and-basics-logo.png\",\"contentUrl\":\"https:\/\/centralandbasicbarcelona.com\/wp-content\/uploads\/2025\/10\/central-and-basics-logo.png\",\"width\":208,\"height\":80,\"caption\":\"Central and Basic - Hotel Barcelona\"},\"image\":{\"@id\":\"https:\/\/centralandbasicbarcelona.com\/en\/#\/schema\/logo\/image\/\"}}]}<\/script>\n<!-- \/ Yoast SEO plugin. -->","yoast_head_json":{"title":"Aviso Legal - YOUTH HOSTEL Central and Basic Barcelona","robots":{"index":"index","follow":"follow","max-snippet":"max-snippet:-1","max-image-preview":"max-image-preview:large","max-video-preview":"max-video-preview:-1"},"canonical":"https:\/\/centralandbasicbarcelona.com\/pt\/aviso-legal\/","og_locale":"pt_PT","og_type":"article","og_title":"Aviso Legal - YOUTH HOSTEL Central and Basic Barcelona","og_description":"AVISO LEGAL Objeto y aceptaci\u00f3n El presente aviso legal regula el uso de nuestro sitio web, del que es titular\u00a0PLANES MAGICOS, S.L.\u00a0. La navegaci\u00f3n por el sitio web de\u00a0PLANES MAGICOS, S.L.\u00a0atribuye la condici\u00f3n de usuario del mismo e implica la aceptaci\u00f3n plena y sin reservas de todas y cada una de las disposiciones incluidas en [&hellip;]","og_url":"https:\/\/centralandbasicbarcelona.com\/pt\/aviso-legal\/","og_site_name":"YOUTH HOSTEL Central and Basic Barcelona","article_modified_time":"2024-08-05T17:59:49+00:00","twitter_card":"summary_large_image","twitter_misc":{"Tempo estimado de leitura":"7 minutos"},"schema":{"@context":"https:\/\/schema.org","@graph":[{"@type":"WebPage","@id":"https:\/\/centralandbasicbarcelona.com\/aviso-legal\/","url":"https:\/\/centralandbasicbarcelona.com\/aviso-legal\/","name":"Aviso Legal - YOUTH HOSTEL Central and Basic Barcelona","isPartOf":{"@id":"https:\/\/centralandbasicbarcelona.com\/en\/#website"},"datePublished":"2024-08-05T17:58:17+00:00","dateModified":"2024-08-05T17:59:49+00:00","breadcrumb":{"@id":"https:\/\/centralandbasicbarcelona.com\/aviso-legal\/#breadcrumb"},"inLanguage":"pt-PT","potentialAction":[{"@type":"ReadAction","target":["https:\/\/centralandbasicbarcelona.com\/aviso-legal\/"]}]},{"@type":"BreadcrumbList","@id":"https:\/\/centralandbasicbarcelona.com\/aviso-legal\/#breadcrumb","itemListElement":[{"@type":"ListItem","position":1,"name":"Portada","item":"https:\/\/centralandbasicbarcelona.com\/"},{"@type":"ListItem","position":2,"name":"Aviso Legal"}]},{"@type":"WebSite","@id":"https:\/\/centralandbasicbarcelona.com\/en\/#website","url":"https:\/\/centralandbasicbarcelona.com\/en\/","name":"Central e b\u00e1sico - Hotel Barcelona","description":"","publisher":{"@id":"https:\/\/centralandbasicbarcelona.com\/en\/#organization"},"potentialAction":[{"@type":"SearchAction","target":{"@type":"EntryPoint","urlTemplate":"https:\/\/centralandbasicbarcelona.com\/en\/?s={search_term_string}"},"query-input":{"@type":"PropertyValueSpecification","valueRequired":true,"valueName":"search_term_string"}}],"inLanguage":"pt-PT"},{"@type":"Organization","@id":"https:\/\/centralandbasicbarcelona.com\/en\/#organization","name":"Central e b\u00e1sico - Hotel Barcelona","url":"https:\/\/centralandbasicbarcelona.com\/en\/","logo":{"@type":"ImageObject","inLanguage":"pt-PT","@id":"https:\/\/centralandbasicbarcelona.com\/en\/#\/schema\/logo\/image\/","url":"https:\/\/centralandbasicbarcelona.com\/wp-content\/uploads\/2025\/10\/central-and-basics-logo.png","contentUrl":"https:\/\/centralandbasicbarcelona.com\/wp-content\/uploads\/2025\/10\/central-and-basics-logo.png","width":208,"height":80,"caption":"Central and Basic - Hotel Barcelona"},"image":{"@id":"https:\/\/centralandbasicbarcelona.com\/en\/#\/schema\/logo\/image\/"}}]}},"_links":{"self":[{"href":"https:\/\/centralandbasicbarcelona.com\/pt\/wp-json\/wp\/v2\/pages\/396","targetHints":{"allow":["GET"]}}],"collection":[{"href":"https:\/\/centralandbasicbarcelona.com\/pt\/wp-json\/wp\/v2\/pages"}],"about":[{"href":"https:\/\/centralandbasicbarcelona.com\/pt\/wp-json\/wp\/v2\/types\/page"}],"author":[{"embeddable":true,"href":"https:\/\/centralandbasicbarcelona.com\/pt\/wp-json\/wp\/v2\/users\/1"}],"replies":[{"embeddable":true,"href":"https:\/\/centralandbasicbarcelona.com\/pt\/wp-json\/wp\/v2\/comments?post=396"}],"version-history":[{"count":4,"href":"https:\/\/centralandbasicbarcelona.com\/pt\/wp-json\/wp\/v2\/pages\/396\/revisions"}],"predecessor-version":[{"id":400,"href":"https:\/\/centralandbasicbarcelona.com\/pt\/wp-json\/wp\/v2\/pages\/396\/revisions\/400"}],"wp:attachment":[{"href":"https:\/\/centralandbasicbarcelona.com\/pt\/wp-json\/wp\/v2\/media?parent=396"}],"curies":[{"name":"wp","href":"https:\/\/api.w.org\/{rel}","templated":true}]}}