{"id":416,"date":"2024-08-05T18:09:03","date_gmt":"2024-08-05T18:09:03","guid":{"rendered":"https:\/\/centralandbasicbarcelona.com\/?page_id=416"},"modified":"2024-08-05T18:09:43","modified_gmt":"2024-08-05T18:09:43","slug":"politica-de-cookies","status":"publish","type":"page","link":"https:\/\/centralandbasicbarcelona.com\/fr\/politica-de-cookies\/","title":{"rendered":"Politique en mati\u00e8re de cookies"},"content":{"rendered":"<div data-elementor-type=\"wp-page\" data-elementor-id=\"416\" class=\"elementor elementor-416\" data-elementor-post-type=\"page\">\n\t\t\t\t<div class=\"elementor-element elementor-element-05f7f48 e-flex e-con-boxed e-con e-parent\" data-id=\"05f7f48\" data-element_type=\"container\" data-e-type=\"container\">\n\t\t\t\t\t<div class=\"e-con-inner\">\n\t\t\t\t<div class=\"elementor-element elementor-element-d0e1cf3 elementor-widget elementor-widget-text-editor\" data-id=\"d0e1cf3\" data-element_type=\"widget\" data-e-type=\"widget\" data-widget_type=\"text-editor.default\">\n\t\t\t\t<div class=\"elementor-widget-container\">\n\t\t\t\t\t\t\t\t\t<h3>Informations g\u00e9n\u00e9rales sur les cookies<\/h3><p>La confiance des utilisateurs est importante pour nous, c'est pourquoi PLANES MAGICOS, S.L. se pr\u00e9occupe de la protection de votre vie priv\u00e9e. Un aspect important de cette protection est de vous fournir autant d'informations que possible sur la fa\u00e7on dont nous utilisons vos donn\u00e9es personnelles, y compris sur la fa\u00e7on dont nous utilisons le stockage local des donn\u00e9es et les technologies similaires.<\/p><p>Le stockage de donn\u00e9es locales consiste \u00e0 stocker diff\u00e9rents types de donn\u00e9es localement sur votre appareil par l'interm\u00e9diaire de votre navigateur web. Les donn\u00e9es stock\u00e9es localement peuvent, par exemple, contenir des param\u00e8tres utilisateur, des informations sur la mani\u00e8re dont vous naviguez sur notre site web, le navigateur web que vous utilisez, les publicit\u00e9s qui ont \u00e9t\u00e9 affich\u00e9es et des comportements similaires sur des sites web avec lesquels nous collaborons. Les donn\u00e9es stock\u00e9es localement peuvent \u00eatre utilis\u00e9es pour personnaliser le contenu et les fonctions de nos services afin que vos visites soient plus pratiques et plus utiles.<\/p><p>Les cookies constituent une m\u00e9thode de stockage local des donn\u00e9es. Les cookies sont de petits fichiers texte stock\u00e9s sur votre appareil (PC, t\u00e9l\u00e9phone portable ou tablette) qui nous permettent de reconna\u00eetre votre navigateur web. Les cookies contiennent principalement des informations sur votre navigateur web et sur toute activit\u00e9 qui s'y est d\u00e9roul\u00e9e. Ils nous aident \u00e0 garantir la s\u00e9curit\u00e9 et le fonctionnement optimal de notre site web. Une fois que vous quittez notre site web, ils sont supprim\u00e9s (cookies de s\u00e9curit\u00e9 et cookies de session) et recueillent des informations sur les produits qui int\u00e9ressent nos internautes et sur la mani\u00e8re dont ils naviguent sur notre site web afin de rendre nos offres en ligne plus attrayantes pour les utilisateurs (cookies de suivi).<\/p><h4>Informations compl\u00e9mentaires sur les cookies<\/h4><p>Nous utilisons le stockage de donn\u00e9es locales pour un certain nombre de raisons, notamment : pour nous permettre de fournir nos services ; pour vous fournir un contenu pertinent et personnalis\u00e9 lorsque vous visitez nos sites web ; pour mesurer et analyser le trafic sur notre site web ; pour am\u00e9liorer nos services ; et pour cibler la publicit\u00e9. De plus amples d\u00e9tails sur ces sujets sont pr\u00e9sent\u00e9s ci-dessous :<\/p><h5>Pour notre publicit\u00e9<\/h5><p>Nous utilisons le stockage local des donn\u00e9es dans le cadre de nos activit\u00e9s publicitaires. Cela nous permet de savoir si et combien de fois l'utilisateur a vu une publicit\u00e9 ou un certain type de publicit\u00e9, et depuis combien de temps il l'a vue.<\/p><p>Nous utilisons \u00e9galement le stockage de donn\u00e9es locales pour cr\u00e9er des segments et des groupes cibles \u00e0 des fins de marketing et pour cibler des publicit\u00e9s sp\u00e9cifiques.<\/p><h5>Analyser et am\u00e9liorer nos services<\/h5><p>Nous utilisons diff\u00e9rents outils de mesure qui nous fournissent des statistiques et des analyses relatives \u00e0 nos services. Ces outils nous permettent de reconna\u00eetre le navigateur web au fil du temps et de savoir si l'utilisateur a d\u00e9j\u00e0 visit\u00e9 le site web et, le cas \u00e9ch\u00e9ant, \u00e0 quelle fr\u00e9quence. Ces outils nous permettent d'avoir une vue d'ensemble du nombre d'utilisateurs uniques que nous avons et de la mani\u00e8re dont ils utilisent nos services.<\/p><p>Nous utilisons \u00e9galement les informations que nous avons collect\u00e9es et analys\u00e9es pour d\u00e9velopper et am\u00e9liorer nos services, par exemple en d\u00e9terminant les services qui g\u00e9n\u00e8rent beaucoup de trafic ou en v\u00e9rifiant si un service fonctionne de mani\u00e8re optimale.<\/p><h5>Fournir et adapter les services \u00e0 leur utilisation<\/h5><p>Le stockage local de donn\u00e9es est requis et n\u00e9cessaire pour vous permettre d'utiliser nos services, comme les informations sur vos param\u00e8tres, qui nous indiquent comment les services doivent \u00eatre pr\u00e9sent\u00e9s dans votre navigateur web.<\/p><p>Nous utilisons \u00e9galement le stockage local de donn\u00e9es pour adapter au mieux nos services \u00e0 votre utilisation.<\/p><h4>Gestion des cookies<\/h4><p>Vous pouvez d\u00e9sactiver les cookies ou configurer votre navigateur pour qu'il vous avertisse lorsque vous recevez un cookie.<\/p><p>Les param\u00e8tres de votre navigateur web affichent normalement une liste de tous les cookies stock\u00e9s afin de vous donner une vue d'ensemble et, si vous le souhaitez, de supprimer les cookies ind\u00e9sirables. Normalement, vous pouvez indiquer que vous acceptez le stockage de cookies provenant des sites web que vous visitez ou de tiers affili\u00e9s \u00e0 ces sites. Vous pouvez \u00e9galement choisir d'\u00eatre averti chaque fois qu'un nouveau cookie est stock\u00e9. Vous trouverez ci-dessous des indications sur la mani\u00e8re de proc\u00e9der avec les diff\u00e9rents navigateurs web. Votre navigateur web stocke normalement les cookies dans un dossier sp\u00e9cifique de votre disque dur afin que vous puissiez \u00e9galement examiner le contenu plus en d\u00e9tail.<\/p><p>Cependant, les cookies pr\u00e9sents sur le site Web changent fr\u00e9quemment et tous les cookies n'ont pas la m\u00eame importance. Par cons\u00e9quent, si PLANES MAGICOS, S.L. modifie l'utilisation des cookies de suivi, vous en serez inform\u00e9 par un message.<\/p><p>En outre, il existe des services sp\u00e9cialement con\u00e7us pour fournir aux utilisateurs une liste actualis\u00e9e des cookies et autres m\u00e9canismes de suivi.<\/p><p>Veuillez noter que si vous les d\u00e9sactivez, il se peut que vous ne puissiez pas profiter de toutes les fonctionnalit\u00e9s de notre site web.<\/p><p>Vous trouverez ci-dessous un aper\u00e7u de la mani\u00e8re dont les donn\u00e9es stock\u00e9es localement peuvent \u00eatre g\u00e9r\u00e9es dans diff\u00e9rents navigateurs web. Veuillez noter que ce processus peut changer et que les descriptions donn\u00e9es ici peuvent ne pas \u00eatre \u00e0 jour.<\/p><h5>Gestion des cookies dans Google Chrome<\/h5><p><strong>Comment supprimer les cookies :<\/strong><\/p><ol><li>Allez dans Param\u00e8tres dans le menu de votre navigateur.<\/li><li>Cliquez sur Afficher les param\u00e8tres avanc\u00e9s.<\/li><li>Cliquez sur Supprimer les donn\u00e9es de navigation.<\/li><li>S\u00e9lectionnez la p\u00e9riode pour laquelle vous souhaitez supprimer les informations dans le menu du haut. Si vous souhaitez supprimer tous les cookies du navigateur, cliquez sur Depuis la source de temps.<\/li><li>Cookies de signets et autres donn\u00e9es du site et des plug-ins.<\/li><li>Cliquez sur Effacer les donn\u00e9es de navigation.<\/li><li>Fermer la fen\u00eatre.<\/li><\/ol><p><strong>Comment emp\u00eacher les cookies d'\u00eatre stock\u00e9s dans votre navigateur web :<\/strong><\/p><ol><li>Allez dans Param\u00e8tres dans le menu de votre navigateur.<\/li><li>Cliquez sur Afficher les param\u00e8tres avanc\u00e9s, puis sur Param\u00e8tres de contenu.<\/li><li>Sous Cookies, s\u00e9lectionnez l'option de votre choix. Si vous souhaitez emp\u00eacher le stockage de tous les cookies, cliquez sur Ne pas autoriser le stockage de donn\u00e9es provenant de sites.<\/li><li>Cliquez sur Termin\u00e9.<\/li><li>Fermer la fen\u00eatre.<\/li><\/ol><h5>Gestion des cookies dans Safari<\/h5><p><strong>Comment supprimer les cookies :<\/strong><\/p><ol><li>Allez dans Pr\u00e9f\u00e9rences dans le menu de votre navigateur.<\/li><li>Cliquez sur l'onglet Confidentialit\u00e9.<\/li><li>Cliquez sur Supprimer toutes les donn\u00e9es du site web, puis sur Supprimer pour supprimer tous les cookies.<\/li><li>Fermer la fen\u00eatre.<\/li><\/ol><p><strong>Comment emp\u00eacher les cookies d'\u00eatre stock\u00e9s dans votre navigateur web :<\/strong><\/p><ol><li>Allez dans Pr\u00e9f\u00e9rences dans le menu de votre navigateur.<\/li><li>Cliquez sur l'onglet Confidentialit\u00e9.<\/li><li>Sous Cookies et donn\u00e9es du site web, s\u00e9lectionnez l'option de votre choix. Si vous souhaitez emp\u00eacher le stockage de tous les cookies, cliquez sur Toujours bloquer.<\/li><li>Fermer la fen\u00eatre.<\/li><\/ol><h5>Gestion des cookies dans Mozilla Firefox<\/h5><p><strong>Comment supprimer les cookies :<\/strong><\/p><ol><li>Allez dans Options dans le menu de votre navigateur.<\/li><li>Cliquez sur l'onglet Confidentialit\u00e9.<\/li><li>Cliquez sur Afficher les cookies.<\/li><li>S\u00e9lectionnez les cookies que vous souhaitez supprimer et cliquez sur Supprimer les cookies s\u00e9lectionn\u00e9s. Cliquez sur Supprimer tout si vous souhaitez supprimer tous les cookies de votre navigateur web.<\/li><li>Fermez la fen\u00eatre. Les modifications que vous avez apport\u00e9es seront automatiquement sauvegard\u00e9es.<\/li><\/ol><p><strong>Comment emp\u00eacher les cookies d'\u00eatre stock\u00e9s dans votre navigateur web :<\/strong><\/p><ol><li>Allez dans Param\u00e8tres dans le menu de votre navigateur.<\/li><li>S\u00e9lectionnez l'onglet Confidentialit\u00e9.<\/li><li>Sous Historique, cliquez sur Utiliser les param\u00e8tres personnalis\u00e9s pour l'historique.<\/li><li>S\u00e9lectionnez vos options pr\u00e9f\u00e9r\u00e9es sous Autoriser les cookies de sites web. Si vous souhaitez emp\u00eacher le stockage de tous les cookies, d\u00e9cochez la case Accepter les cookies des sites web.<\/li><li>Fermez la fen\u00eatre. Les modifications que vous avez apport\u00e9es seront automatiquement sauvegard\u00e9es.<\/li><\/ol><h5>Gestion des cookies dans Internet Explorer<\/h5><p><strong>Comment supprimer les cookies :<\/strong><\/p><ol><li>Allez dans Outils (ic\u00f4ne en forme de roue dent\u00e9e) dans le menu de votre navigateur.<\/li><li>Cliquez sur Propri\u00e9t\u00e9s Internet.<\/li><li>Dans l'onglet G\u00e9n\u00e9ral - Historique de navigation, cliquez sur Supprimer.<\/li><li>Veillez \u00e0 cocher l'option Cookies et donn\u00e9es du site web.<\/li><li>Cliquez sur Supprimer.<\/li><li>Cliquez sur OK.<\/li><\/ol><p><strong>Comment emp\u00eacher les cookies d'\u00eatre stock\u00e9s dans votre navigateur web :<\/strong><\/p><ol><li>Allez dans Outils (ic\u00f4ne en forme de roue dent\u00e9e) dans le menu de votre navigateur.<\/li><li>Cliquez sur Options Internet, puis sur l'onglet Confidentialit\u00e9.<\/li><li>D\u00e9placez le curseur jusqu'au niveau souhait\u00e9. Si vous souhaitez emp\u00eacher le stockage de tous les cookies, s\u00e9lectionnez le niveau Bloquer tous les cookies.<\/li><li>Cliquez sur OK.<\/li><\/ol><h5>Gestion des cookies dans Opera<\/h5><p><strong>Comment supprimer les cookies :<\/strong><\/p><ol><li>Allez dans Param\u00e8tres dans le menu de votre navigateur.<\/li><li>S\u00e9lectionnez l'onglet Confidentialit\u00e9 et s\u00e9curit\u00e9.<\/li><li>Cliquez sur Cookies, puis sur Tous les cookies et donn\u00e9es de sites web.<\/li><li>S\u00e9lectionnez les cookies que vous souhaitez supprimer et cliquez sur Supprimer. Cliquez sur Supprimer tout si vous souhaitez supprimer tous les cookies de votre navigateur web.<\/li><li>Cliquez sur Termin\u00e9.<\/li><li>Fermer la fen\u00eatre.<\/li><\/ol><p><strong>Comment emp\u00eacher les cookies d'\u00eatre stock\u00e9s dans votre navigateur web :<\/strong><\/p><ol><li>Allez dans Param\u00e8tres dans le menu de votre navigateur.<\/li><li>S\u00e9lectionnez l'onglet Confidentialit\u00e9 et s\u00e9curit\u00e9.<\/li><li>Sous Cookies, s\u00e9lectionnez l'option de votre choix. Si vous souhaitez emp\u00eacher le stockage de tous les cookies, cliquez sur Ne pas autoriser le stockage de donn\u00e9es provenant de sites.<\/li><li>Fermer la fen\u00eatre.<\/li><\/ol><h4>Informations sur les contacts<\/h4><p>Par souci de transparence, si vous avez des questions concernant l'utilisation du stockage local sur notre site web, veuillez nous contacter \u00e0 l'adresse suivante <a rel=\"noreferrer\">FHERRERA@CENTRALANDBASIC.COM<\/a>, en indiquant \u00abPolitique en mati\u00e8re de cookies\u201d dans l'objet du message.<\/p>\t\t\t\t\t\t\t\t<\/div>\n\t\t\t\t<\/div>\n\t\t\t\t\t<\/div>\n\t\t\t\t<\/div>\n\t\t\t\t<\/div>","protected":false},"excerpt":{"rendered":"<p>Informaci\u00f3n General de las Cookies La confianza del usuario es importante para nosotros, y por consiguiente, en PLANES MAGICOS, S.L. nos preocupa proteger su privacidad. Un aspecto importante de esto es proporcionarle toda la informaci\u00f3n posible sobre c\u00f3mo utilizamos tus datos de car\u00e1cter personal, incluyendo c\u00f3mo utilizamos el almacenamiento local de datos y tecnolog\u00eda similar. [&hellip;]<\/p>","protected":false},"author":1,"featured_media":0,"parent":0,"menu_order":0,"comment_status":"closed","ping_status":"closed","template":"","meta":{"footnotes":""},"class_list":["post-416","page","type-page","status-publish","hentry"],"yoast_head":"<!-- This site is optimized with the Yoast SEO plugin v26.9 - https:\/\/yoast.com\/product\/yoast-seo-wordpress\/ -->\n<title>Pol\u00edtica de cookies - YOUTH HOSTEL Central and Basic Barcelona<\/title>\n<meta name=\"robots\" content=\"index, follow, max-snippet:-1, max-image-preview:large, max-video-preview:-1\" \/>\n<link rel=\"canonical\" href=\"https:\/\/centralandbasicbarcelona.com\/fr\/politica-de-cookies\/\" \/>\n<meta property=\"og:locale\" content=\"fr_FR\" \/>\n<meta property=\"og:type\" content=\"article\" \/>\n<meta property=\"og:title\" content=\"Pol\u00edtica de cookies - YOUTH HOSTEL Central and Basic Barcelona\" \/>\n<meta property=\"og:description\" content=\"Informaci\u00f3n General de las Cookies La confianza del usuario es importante para nosotros, y por consiguiente, en PLANES MAGICOS, S.L. nos preocupa proteger su privacidad. Un aspecto importante de esto es proporcionarle toda la informaci\u00f3n posible sobre c\u00f3mo utilizamos tus datos de car\u00e1cter personal, incluyendo c\u00f3mo utilizamos el almacenamiento local de datos y tecnolog\u00eda similar. [&hellip;]\" \/>\n<meta property=\"og:url\" content=\"https:\/\/centralandbasicbarcelona.com\/fr\/politica-de-cookies\/\" \/>\n<meta property=\"og:site_name\" content=\"YOUTH HOSTEL Central and Basic Barcelona\" \/>\n<meta property=\"article:modified_time\" content=\"2024-08-05T18:09:43+00:00\" \/>\n<meta name=\"twitter:card\" content=\"summary_large_image\" \/>\n<meta name=\"twitter:label1\" content=\"Dur\u00e9e de lecture estim\u00e9e\" \/>\n\t<meta name=\"twitter:data1\" content=\"8 minutes\" \/>\n<script type=\"application\/ld+json\" class=\"yoast-schema-graph\">{\"@context\":\"https:\/\/schema.org\",\"@graph\":[{\"@type\":\"WebPage\",\"@id\":\"https:\/\/centralandbasicbarcelona.com\/politica-de-cookies\/\",\"url\":\"https:\/\/centralandbasicbarcelona.com\/politica-de-cookies\/\",\"name\":\"Pol\u00edtica de cookies - YOUTH HOSTEL Central and Basic Barcelona\",\"isPartOf\":{\"@id\":\"https:\/\/centralandbasicbarcelona.com\/en\/#website\"},\"datePublished\":\"2024-08-05T18:09:03+00:00\",\"dateModified\":\"2024-08-05T18:09:43+00:00\",\"breadcrumb\":{\"@id\":\"https:\/\/centralandbasicbarcelona.com\/politica-de-cookies\/#breadcrumb\"},\"inLanguage\":\"fr-FR\",\"potentialAction\":[{\"@type\":\"ReadAction\",\"target\":[\"https:\/\/centralandbasicbarcelona.com\/politica-de-cookies\/\"]}]},{\"@type\":\"BreadcrumbList\",\"@id\":\"https:\/\/centralandbasicbarcelona.com\/politica-de-cookies\/#breadcrumb\",\"itemListElement\":[{\"@type\":\"ListItem\",\"position\":1,\"name\":\"Portada\",\"item\":\"https:\/\/centralandbasicbarcelona.com\/\"},{\"@type\":\"ListItem\",\"position\":2,\"name\":\"Pol\u00edtica de cookies\"}]},{\"@type\":\"WebSite\",\"@id\":\"https:\/\/centralandbasicbarcelona.com\/en\/#website\",\"url\":\"https:\/\/centralandbasicbarcelona.com\/en\/\",\"name\":\"Central and Basic - Hotel Barcelona\",\"description\":\"\",\"publisher\":{\"@id\":\"https:\/\/centralandbasicbarcelona.com\/en\/#organization\"},\"potentialAction\":[{\"@type\":\"SearchAction\",\"target\":{\"@type\":\"EntryPoint\",\"urlTemplate\":\"https:\/\/centralandbasicbarcelona.com\/en\/?s={search_term_string}\"},\"query-input\":{\"@type\":\"PropertyValueSpecification\",\"valueRequired\":true,\"valueName\":\"search_term_string\"}}],\"inLanguage\":\"fr-FR\"},{\"@type\":\"Organization\",\"@id\":\"https:\/\/centralandbasicbarcelona.com\/en\/#organization\",\"name\":\"Central and Basic - Hotel Barcelona\",\"url\":\"https:\/\/centralandbasicbarcelona.com\/en\/\",\"logo\":{\"@type\":\"ImageObject\",\"inLanguage\":\"fr-FR\",\"@id\":\"https:\/\/centralandbasicbarcelona.com\/en\/#\/schema\/logo\/image\/\",\"url\":\"https:\/\/centralandbasicbarcelona.com\/wp-content\/uploads\/2025\/10\/central-and-basics-logo.png\",\"contentUrl\":\"https:\/\/centralandbasicbarcelona.com\/wp-content\/uploads\/2025\/10\/central-and-basics-logo.png\",\"width\":208,\"height\":80,\"caption\":\"Central and Basic - Hotel Barcelona\"},\"image\":{\"@id\":\"https:\/\/centralandbasicbarcelona.com\/en\/#\/schema\/logo\/image\/\"}}]}<\/script>\n<!-- \/ Yoast SEO plugin. -->","yoast_head_json":{"title":"Pol\u00edtica de cookies - YOUTH HOSTEL Central and Basic Barcelona","robots":{"index":"index","follow":"follow","max-snippet":"max-snippet:-1","max-image-preview":"max-image-preview:large","max-video-preview":"max-video-preview:-1"},"canonical":"https:\/\/centralandbasicbarcelona.com\/fr\/politica-de-cookies\/","og_locale":"fr_FR","og_type":"article","og_title":"Pol\u00edtica de cookies - YOUTH HOSTEL Central and Basic Barcelona","og_description":"Informaci\u00f3n General de las Cookies La confianza del usuario es importante para nosotros, y por consiguiente, en PLANES MAGICOS, S.L. nos preocupa proteger su privacidad. Un aspecto importante de esto es proporcionarle toda la informaci\u00f3n posible sobre c\u00f3mo utilizamos tus datos de car\u00e1cter personal, incluyendo c\u00f3mo utilizamos el almacenamiento local de datos y tecnolog\u00eda similar. [&hellip;]","og_url":"https:\/\/centralandbasicbarcelona.com\/fr\/politica-de-cookies\/","og_site_name":"YOUTH HOSTEL Central and Basic Barcelona","article_modified_time":"2024-08-05T18:09:43+00:00","twitter_card":"summary_large_image","twitter_misc":{"Dur\u00e9e de lecture estim\u00e9e":"8 minutes"},"schema":{"@context":"https:\/\/schema.org","@graph":[{"@type":"WebPage","@id":"https:\/\/centralandbasicbarcelona.com\/politica-de-cookies\/","url":"https:\/\/centralandbasicbarcelona.com\/politica-de-cookies\/","name":"Pol\u00edtica de cookies - YOUTH HOSTEL Central and Basic Barcelona","isPartOf":{"@id":"https:\/\/centralandbasicbarcelona.com\/en\/#website"},"datePublished":"2024-08-05T18:09:03+00:00","dateModified":"2024-08-05T18:09:43+00:00","breadcrumb":{"@id":"https:\/\/centralandbasicbarcelona.com\/politica-de-cookies\/#breadcrumb"},"inLanguage":"fr-FR","potentialAction":[{"@type":"ReadAction","target":["https:\/\/centralandbasicbarcelona.com\/politica-de-cookies\/"]}]},{"@type":"BreadcrumbList","@id":"https:\/\/centralandbasicbarcelona.com\/politica-de-cookies\/#breadcrumb","itemListElement":[{"@type":"ListItem","position":1,"name":"Portada","item":"https:\/\/centralandbasicbarcelona.com\/"},{"@type":"ListItem","position":2,"name":"Pol\u00edtica de cookies"}]},{"@type":"WebSite","@id":"https:\/\/centralandbasicbarcelona.com\/en\/#website","url":"https:\/\/centralandbasicbarcelona.com\/en\/","name":"Central et basique - Hotel Barcelona","description":"","publisher":{"@id":"https:\/\/centralandbasicbarcelona.com\/en\/#organization"},"potentialAction":[{"@type":"SearchAction","target":{"@type":"EntryPoint","urlTemplate":"https:\/\/centralandbasicbarcelona.com\/en\/?s={search_term_string}"},"query-input":{"@type":"PropertyValueSpecification","valueRequired":true,"valueName":"search_term_string"}}],"inLanguage":"fr-FR"},{"@type":"Organization","@id":"https:\/\/centralandbasicbarcelona.com\/en\/#organization","name":"Central et basique - Hotel Barcelona","url":"https:\/\/centralandbasicbarcelona.com\/en\/","logo":{"@type":"ImageObject","inLanguage":"fr-FR","@id":"https:\/\/centralandbasicbarcelona.com\/en\/#\/schema\/logo\/image\/","url":"https:\/\/centralandbasicbarcelona.com\/wp-content\/uploads\/2025\/10\/central-and-basics-logo.png","contentUrl":"https:\/\/centralandbasicbarcelona.com\/wp-content\/uploads\/2025\/10\/central-and-basics-logo.png","width":208,"height":80,"caption":"Central and Basic - Hotel Barcelona"},"image":{"@id":"https:\/\/centralandbasicbarcelona.com\/en\/#\/schema\/logo\/image\/"}}]}},"_links":{"self":[{"href":"https:\/\/centralandbasicbarcelona.com\/fr\/wp-json\/wp\/v2\/pages\/416","targetHints":{"allow":["GET"]}}],"collection":[{"href":"https:\/\/centralandbasicbarcelona.com\/fr\/wp-json\/wp\/v2\/pages"}],"about":[{"href":"https:\/\/centralandbasicbarcelona.com\/fr\/wp-json\/wp\/v2\/types\/page"}],"author":[{"embeddable":true,"href":"https:\/\/centralandbasicbarcelona.com\/fr\/wp-json\/wp\/v2\/users\/1"}],"replies":[{"embeddable":true,"href":"https:\/\/centralandbasicbarcelona.com\/fr\/wp-json\/wp\/v2\/comments?post=416"}],"version-history":[{"count":4,"href":"https:\/\/centralandbasicbarcelona.com\/fr\/wp-json\/wp\/v2\/pages\/416\/revisions"}],"predecessor-version":[{"id":420,"href":"https:\/\/centralandbasicbarcelona.com\/fr\/wp-json\/wp\/v2\/pages\/416\/revisions\/420"}],"wp:attachment":[{"href":"https:\/\/centralandbasicbarcelona.com\/fr\/wp-json\/wp\/v2\/media?parent=416"}],"curies":[{"name":"wp","href":"https:\/\/api.w.org\/{rel}","templated":true}]}}