{"id":401,"date":"2024-08-05T18:01:15","date_gmt":"2024-08-05T18:01:15","guid":{"rendered":"https:\/\/centralandbasicbarcelona.com\/?page_id=401"},"modified":"2025-12-03T10:24:42","modified_gmt":"2025-12-03T10:24:42","slug":"politicas-de-privacidad","status":"publish","type":"page","link":"https:\/\/centralandbasicbarcelona.com\/fr\/politicas-de-privacidad\/","title":{"rendered":"Politique de confidentialit\u00e9"},"content":{"rendered":"<div data-elementor-type=\"wp-page\" data-elementor-id=\"401\" class=\"elementor elementor-401\" data-elementor-post-type=\"page\">\n\t\t\t\t<div class=\"elementor-element elementor-element-985fb5e e-flex e-con-boxed e-con e-parent\" data-id=\"985fb5e\" data-element_type=\"container\" data-e-type=\"container\">\n\t\t\t\t\t<div class=\"e-con-inner\">\n\t\t\t\t<div class=\"elementor-element elementor-element-03d4117 elementor-widget elementor-widget-text-editor\" data-id=\"03d4117\" data-element_type=\"widget\" data-e-type=\"widget\" data-widget_type=\"text-editor.default\">\n\t\t\t\t<div class=\"elementor-widget-container\">\n\t\t\t\t\t\t\t\t\t<h3>Informations sur la protection des donn\u00e9es<\/h3>\n<h4>Donn\u00e9es relatives \u00e0 la personne responsable<\/h4>\n<p><strong>Responsable du traitement<\/strong><\/p>\n<ul>\n<li><strong>Entit\u00e9<\/strong>: PLANES MAGICOS, S.L.<\/li>\n<li><strong>Num\u00e9ro de TVA de l'entit\u00e9<\/strong>: B67123976<\/li>\n<li><strong>Adresse de l'entit\u00e9<\/strong>CALLE GUARDIA, 13, 3 - (08001) BARCELONE<\/li>\n<li><strong>Courriel de l'entit\u00e9<\/strong>: <a rel=\"noreferrer\">info@centralandbasic.com<\/a><\/li>\n<li><strong>Responsable du traitement des donn\u00e9es<\/strong>: FRANCISCO HERRERA VILLEGAS<\/li>\n<li><strong>Num\u00e9ro de t\u00e9l\u00e9phone du contr\u00f4leur des donn\u00e9es<\/strong>: 646900465<\/li>\n<li><strong>Adresse \u00e9lectronique du contr\u00f4leur des donn\u00e9es<\/strong>: <a rel=\"noreferrer\">info@centralandbasic.com<\/a><\/li>\n<\/ul>\n<h4>Objectifs<\/h4>\n<p>Conform\u00e9ment aux dispositions du r\u00e8glement europ\u00e9en 2016\/679 R\u00e8glement g\u00e9n\u00e9ral sur la protection des donn\u00e9es et de la loi organique 3\/2018 sur la protection des donn\u00e9es personnelles et la garantie des droits num\u00e9riques, nous vous informons que, selon la relation que vous avez avec nous, PLANES MAGICOS, S.L. traitera les donn\u00e9es que vous nous fournissez pour l'une ou l'ensemble des finalit\u00e9s suivantes :<\/p>\n<ul>\n<li>Envoi d'informations commerciales de l'entit\u00e9 par courrier postal, \u00e9lectronique ou autre.<\/li>\n<li>Informations provenant des cookies.<\/li>\n<li>R\u00e9servations.<\/li>\n<\/ul>\n<h4>P\u00e9riode de conservation des donn\u00e9es<\/h4>\n<p>Vos donn\u00e9es seront conserv\u00e9es pour une dur\u00e9e ind\u00e9termin\u00e9e. Si vous souhaitez une suppression anticip\u00e9e de vos donn\u00e9es, veuillez en faire la demande en exer\u00e7ant votre droit \u00e0 l'effacement. En outre, les donn\u00e9es qui doivent \u00eatre conserv\u00e9es pour des raisons juridiques pendant une p\u00e9riode n\u00e9cessaire pour se conformer \u00e0 des r\u00e9glementations sp\u00e9cifiques seront bloqu\u00e9es et ne seront mises \u00e0 la disposition que de l'autorit\u00e9 publique comp\u00e9tente.<\/p>\n<h4>L\u00e9gitimation<\/h4>\n<p>La base juridique du traitement de vos donn\u00e9es est la suivante :<\/p>\n<ul>\n<li>Consentement sans \u00e9quivoque.<\/li>\n<\/ul>\n<h4>Destinataires<\/h4>\n<p>Vos donn\u00e9es personnelles seront communiqu\u00e9es \u00e0 des tiers dans les cas suivants :<\/p>\n<ul>\n<li>Soci\u00e9t\u00e9s de maintenance de mat\u00e9riel informatique et de logiciels.<\/li>\n<\/ul>\n<h4>Droits de l'homme<\/h4>\n<p>Vous avez le droit d'obtenir la confirmation que PLANES MAGICOS, S.L. traite ou non des donn\u00e9es \u00e0 caract\u00e8re personnel vous concernant.<\/p>\n<p>Vous avez \u00e9galement le droit d'acc\u00e9der \u00e0 vos donn\u00e9es \u00e0 caract\u00e8re personnel, ainsi que le droit de demander l'annulation de ces donn\u00e9es. <strong>rectification<\/strong> des donn\u00e9es inexactes ou, le cas \u00e9ch\u00e9ant, de demander leur effacement. <strong>suppression<\/strong> lorsque, entre autres raisons, les donn\u00e9es ne sont plus n\u00e9cessaires aux fins pour lesquelles elles ont \u00e9t\u00e9 collect\u00e9es.<\/p>\n<p>Dans certaines circonstances, elle peut demander au <strong>limitation du traitement<\/strong> de vos donn\u00e9es, auquel cas nous ne les conserverons que dans le but d'exercer ou de d\u00e9fendre des r\u00e9clamations.<\/p>\n<p>En outre, dans certaines circonstances et pour des raisons li\u00e9es \u00e0 votre situation particuli\u00e8re, nous pouvons exercer le droit de <strong>opposition<\/strong> au traitement de vos donn\u00e9es. PLANES MAGICOS, S.L. cessera de traiter les donn\u00e9es, sauf pour des raisons l\u00e9gitimes imp\u00e9rieuses, ou pour l'exercice ou la d\u00e9fense d'\u00e9ventuelles r\u00e9clamations.<\/p>\n<p>Elle peut \u00e9galement exercer le droit de <strong>portabilit\u00e9<\/strong> des donn\u00e9es, ainsi que de retirer les consentements fournis \u00e0 tout moment, sans que cela n'affecte la l\u00e9galit\u00e9 du traitement fond\u00e9 sur le consentement avant son retrait.<\/p>\n<p>Si vous souhaitez exercer l'un de vos droits, vous pouvez le faire en cliquant sur les liens ci-dessous :<\/p>\n<ul>\n<li>Pour exercer votre droit \u00e0 <strong>Acc\u00e8s<\/strong> cliquez ici <a href=\"https:\/\/intranet.laboralrgpd.com\/webApp\/clientes_derechos\/derechos-formulario.php?id_cliente=SlAydFpDVVNyZ3R0ZHJ1M1FtR3pjdz09\">ici.<\/a><\/li>\n<li>Pour exercer votre droit \u00e0 <strong>Correction<\/strong> cliquez ici <a href=\"https:\/\/intranet.laboralrgpd.com\/webApp\/clientes_derechos\/derechos-formulario.php?id_cliente=SlAydFpDVVNyZ3R0ZHJ1M1FtR3pjdz09\" rel=\"noreferrer\">ici<\/a>.<\/li>\n<li>Pour exercer votre droit \u00e0 <strong>Suppression (Oblivion)<\/strong> cliquez ici <a href=\"https:\/\/intranet.laboralrgpd.com\/webApp\/clientes_derechos\/derechos-formulario.php?id_cliente=SlAydFpDVVNyZ3R0ZHJ1M1FtR3pjdz09\" rel=\"noreferrer\">ici<\/a>.<\/li>\n<li>Pour exercer votre droit \u00e0 <strong>Limitation du traitement<\/strong> cliquez ici <a href=\"https:\/\/intranet.laboralrgpd.com\/webApp\/clientes_derechos\/derechos-formulario.php?id_cliente=SlAydFpDVVNyZ3R0ZHJ1M1FtR3pjdz09\" rel=\"noreferrer\">ici<\/a>.<\/li>\n<li>Pour exercer votre droit \u00e0 <strong>Opposition<\/strong> cliquez ici <a href=\"https:\/\/intranet.laboralrgpd.com\/webApp\/clientes_derechos\/derechos-formulario.php?id_cliente=SlAydFpDVVNyZ3R0ZHJ1M1FtR3pjdz09\" rel=\"noreferrer\">ici<\/a>.<\/li>\n<li>Pour exercer votre droit \u00e0 <strong>Portabilit\u00e9<\/strong> cliquez ici <a href=\"https:\/\/intranet.laboralrgpd.com\/webApp\/clientes_derechos\/derechos-formulario.php?id_cliente=SlAydFpDVVNyZ3R0ZHJ1M1FtR3pjdz09\" rel=\"noreferrer\">ici<\/a>.<\/li>\n<\/ul>\n<p>Vous pouvez \u00e9galement nous contacter par courrier \u00e0 l'adresse suivante : CALLE GUARDIA, 13, 3 - (08001) BARCELONE, en joignant une photocopie de votre carte d'identit\u00e9, afin de garantir votre identit\u00e9. N'oubliez pas de fournir le plus d'informations possible sur votre demande : nom et pr\u00e9nom, adresse \u00e9lectronique que vous utilisez pour le compte ou le portail qui fait l'objet de votre demande.<\/p>\n<p>Enfin, nous vous informons que vous pouvez vous adresser \u00e0 l'Agence espagnole de protection des donn\u00e9es et \u00e0 d'autres organismes publics comp\u00e9tents pour toute r\u00e9clamation d\u00e9coulant du traitement de vos donn\u00e9es personnelles.<\/p>\n<h4>Politique en mati\u00e8re de cookies<\/h4>\n<p>Pour en savoir plus sur les cookies que nous utilisons sur notre site web, n'oubliez pas que vous pouvez consulter notre site web \u00e0 l'adresse suivante <a href=\"https:\/\/intranet.laboralrgpd.com\/politicaCookies\/index.php?sid=SlAydFpDVVNyZ3R0ZHJ1M1FtR3pjdz09\" rel=\"noreferrer\">Politique en mati\u00e8re de cookies<\/a>.<\/p>\t\t\t\t\t\t\t\t<\/div>\n\t\t\t\t<\/div>\n\t\t\t\t\t<\/div>\n\t\t\t\t<\/div>\n\t\t\t\t<\/div>","protected":false},"excerpt":{"rendered":"<p>Informaci\u00f3n sobre Protecci\u00f3n de Datos Datos relativos al Responsable Responsable Tratamiento Entidad: PLANES MAGICOS, S.L. CIF de la entidad: B67123976 Direcci\u00f3n de la entidad: CALLE GUARDIA, 13, 3 &#8211; (08001) BARCELONA Email de la entidad: info@centralandbasic.com Responsable del tratamiento: FRANCISCO HERRERA VILLEGAS Tel\u00e9fono del Responsable del tratamiento: 646900465 Direcci\u00f3n email del Responsable del tratamiento: info@centralandbasic.com [&hellip;]<\/p>","protected":false},"author":1,"featured_media":0,"parent":0,"menu_order":0,"comment_status":"closed","ping_status":"closed","template":"","meta":{"footnotes":""},"class_list":["post-401","page","type-page","status-publish","hentry"],"yoast_head":"<!-- This site is optimized with the Yoast SEO plugin v26.9 - https:\/\/yoast.com\/product\/yoast-seo-wordpress\/ -->\n<title>Pol\u00edticas de privacidad - YOUTH HOSTEL Central and Basic Barcelona<\/title>\n<meta name=\"robots\" content=\"index, follow, max-snippet:-1, max-image-preview:large, max-video-preview:-1\" \/>\n<link rel=\"canonical\" href=\"https:\/\/centralandbasicbarcelona.com\/fr\/politicas-de-privacidad\/\" \/>\n<meta property=\"og:locale\" content=\"fr_FR\" \/>\n<meta property=\"og:type\" content=\"article\" \/>\n<meta property=\"og:title\" content=\"Pol\u00edticas de privacidad - YOUTH HOSTEL Central and Basic Barcelona\" \/>\n<meta property=\"og:description\" content=\"Informaci\u00f3n sobre Protecci\u00f3n de Datos Datos relativos al Responsable Responsable Tratamiento Entidad: PLANES MAGICOS, S.L. CIF de la entidad: B67123976 Direcci\u00f3n de la entidad: CALLE GUARDIA, 13, 3 &#8211; (08001) BARCELONA Email de la entidad: info@centralandbasic.com Responsable del tratamiento: FRANCISCO HERRERA VILLEGAS Tel\u00e9fono del Responsable del tratamiento: 646900465 Direcci\u00f3n email del Responsable del tratamiento: info@centralandbasic.com [&hellip;]\" \/>\n<meta property=\"og:url\" content=\"https:\/\/centralandbasicbarcelona.com\/fr\/politicas-de-privacidad\/\" \/>\n<meta property=\"og:site_name\" content=\"YOUTH HOSTEL Central and Basic Barcelona\" \/>\n<meta property=\"article:modified_time\" content=\"2025-12-03T10:24:42+00:00\" \/>\n<meta name=\"twitter:card\" content=\"summary_large_image\" \/>\n<meta name=\"twitter:label1\" content=\"Dur\u00e9e de lecture estim\u00e9e\" \/>\n\t<meta name=\"twitter:data1\" content=\"3 minutes\" \/>\n<script type=\"application\/ld+json\" class=\"yoast-schema-graph\">{\"@context\":\"https:\/\/schema.org\",\"@graph\":[{\"@type\":\"WebPage\",\"@id\":\"https:\/\/centralandbasicbarcelona.com\/politicas-de-privacidad\/\",\"url\":\"https:\/\/centralandbasicbarcelona.com\/politicas-de-privacidad\/\",\"name\":\"Pol\u00edticas de privacidad - YOUTH HOSTEL Central and Basic Barcelona\",\"isPartOf\":{\"@id\":\"https:\/\/centralandbasicbarcelona.com\/en\/#website\"},\"datePublished\":\"2024-08-05T18:01:15+00:00\",\"dateModified\":\"2025-12-03T10:24:42+00:00\",\"breadcrumb\":{\"@id\":\"https:\/\/centralandbasicbarcelona.com\/politicas-de-privacidad\/#breadcrumb\"},\"inLanguage\":\"fr-FR\",\"potentialAction\":[{\"@type\":\"ReadAction\",\"target\":[\"https:\/\/centralandbasicbarcelona.com\/politicas-de-privacidad\/\"]}]},{\"@type\":\"BreadcrumbList\",\"@id\":\"https:\/\/centralandbasicbarcelona.com\/politicas-de-privacidad\/#breadcrumb\",\"itemListElement\":[{\"@type\":\"ListItem\",\"position\":1,\"name\":\"Portada\",\"item\":\"https:\/\/centralandbasicbarcelona.com\/\"},{\"@type\":\"ListItem\",\"position\":2,\"name\":\"Pol\u00edticas de privacidad\"}]},{\"@type\":\"WebSite\",\"@id\":\"https:\/\/centralandbasicbarcelona.com\/en\/#website\",\"url\":\"https:\/\/centralandbasicbarcelona.com\/en\/\",\"name\":\"Central and Basic - Hotel Barcelona\",\"description\":\"\",\"publisher\":{\"@id\":\"https:\/\/centralandbasicbarcelona.com\/en\/#organization\"},\"potentialAction\":[{\"@type\":\"SearchAction\",\"target\":{\"@type\":\"EntryPoint\",\"urlTemplate\":\"https:\/\/centralandbasicbarcelona.com\/en\/?s={search_term_string}\"},\"query-input\":{\"@type\":\"PropertyValueSpecification\",\"valueRequired\":true,\"valueName\":\"search_term_string\"}}],\"inLanguage\":\"fr-FR\"},{\"@type\":\"Organization\",\"@id\":\"https:\/\/centralandbasicbarcelona.com\/en\/#organization\",\"name\":\"Central and Basic - Hotel Barcelona\",\"url\":\"https:\/\/centralandbasicbarcelona.com\/en\/\",\"logo\":{\"@type\":\"ImageObject\",\"inLanguage\":\"fr-FR\",\"@id\":\"https:\/\/centralandbasicbarcelona.com\/en\/#\/schema\/logo\/image\/\",\"url\":\"https:\/\/centralandbasicbarcelona.com\/wp-content\/uploads\/2025\/10\/central-and-basics-logo.png\",\"contentUrl\":\"https:\/\/centralandbasicbarcelona.com\/wp-content\/uploads\/2025\/10\/central-and-basics-logo.png\",\"width\":208,\"height\":80,\"caption\":\"Central and Basic - Hotel Barcelona\"},\"image\":{\"@id\":\"https:\/\/centralandbasicbarcelona.com\/en\/#\/schema\/logo\/image\/\"}}]}<\/script>\n<!-- \/ Yoast SEO plugin. -->","yoast_head_json":{"title":"Pol\u00edticas de privacidad - YOUTH HOSTEL Central and Basic Barcelona","robots":{"index":"index","follow":"follow","max-snippet":"max-snippet:-1","max-image-preview":"max-image-preview:large","max-video-preview":"max-video-preview:-1"},"canonical":"https:\/\/centralandbasicbarcelona.com\/fr\/politicas-de-privacidad\/","og_locale":"fr_FR","og_type":"article","og_title":"Pol\u00edticas de privacidad - YOUTH HOSTEL Central and Basic Barcelona","og_description":"Informaci\u00f3n sobre Protecci\u00f3n de Datos Datos relativos al Responsable Responsable Tratamiento Entidad: PLANES MAGICOS, S.L. CIF de la entidad: B67123976 Direcci\u00f3n de la entidad: CALLE GUARDIA, 13, 3 &#8211; (08001) BARCELONA Email de la entidad: info@centralandbasic.com Responsable del tratamiento: FRANCISCO HERRERA VILLEGAS Tel\u00e9fono del Responsable del tratamiento: 646900465 Direcci\u00f3n email del Responsable del tratamiento: info@centralandbasic.com [&hellip;]","og_url":"https:\/\/centralandbasicbarcelona.com\/fr\/politicas-de-privacidad\/","og_site_name":"YOUTH HOSTEL Central and Basic Barcelona","article_modified_time":"2025-12-03T10:24:42+00:00","twitter_card":"summary_large_image","twitter_misc":{"Dur\u00e9e de lecture estim\u00e9e":"3 minutes"},"schema":{"@context":"https:\/\/schema.org","@graph":[{"@type":"WebPage","@id":"https:\/\/centralandbasicbarcelona.com\/politicas-de-privacidad\/","url":"https:\/\/centralandbasicbarcelona.com\/politicas-de-privacidad\/","name":"Pol\u00edticas de privacidad - YOUTH HOSTEL Central and Basic Barcelona","isPartOf":{"@id":"https:\/\/centralandbasicbarcelona.com\/en\/#website"},"datePublished":"2024-08-05T18:01:15+00:00","dateModified":"2025-12-03T10:24:42+00:00","breadcrumb":{"@id":"https:\/\/centralandbasicbarcelona.com\/politicas-de-privacidad\/#breadcrumb"},"inLanguage":"fr-FR","potentialAction":[{"@type":"ReadAction","target":["https:\/\/centralandbasicbarcelona.com\/politicas-de-privacidad\/"]}]},{"@type":"BreadcrumbList","@id":"https:\/\/centralandbasicbarcelona.com\/politicas-de-privacidad\/#breadcrumb","itemListElement":[{"@type":"ListItem","position":1,"name":"Portada","item":"https:\/\/centralandbasicbarcelona.com\/"},{"@type":"ListItem","position":2,"name":"Pol\u00edticas de privacidad"}]},{"@type":"WebSite","@id":"https:\/\/centralandbasicbarcelona.com\/en\/#website","url":"https:\/\/centralandbasicbarcelona.com\/en\/","name":"Central et basique - Hotel Barcelona","description":"","publisher":{"@id":"https:\/\/centralandbasicbarcelona.com\/en\/#organization"},"potentialAction":[{"@type":"SearchAction","target":{"@type":"EntryPoint","urlTemplate":"https:\/\/centralandbasicbarcelona.com\/en\/?s={search_term_string}"},"query-input":{"@type":"PropertyValueSpecification","valueRequired":true,"valueName":"search_term_string"}}],"inLanguage":"fr-FR"},{"@type":"Organization","@id":"https:\/\/centralandbasicbarcelona.com\/en\/#organization","name":"Central et basique - Hotel Barcelona","url":"https:\/\/centralandbasicbarcelona.com\/en\/","logo":{"@type":"ImageObject","inLanguage":"fr-FR","@id":"https:\/\/centralandbasicbarcelona.com\/en\/#\/schema\/logo\/image\/","url":"https:\/\/centralandbasicbarcelona.com\/wp-content\/uploads\/2025\/10\/central-and-basics-logo.png","contentUrl":"https:\/\/centralandbasicbarcelona.com\/wp-content\/uploads\/2025\/10\/central-and-basics-logo.png","width":208,"height":80,"caption":"Central and Basic - Hotel Barcelona"},"image":{"@id":"https:\/\/centralandbasicbarcelona.com\/en\/#\/schema\/logo\/image\/"}}]}},"_links":{"self":[{"href":"https:\/\/centralandbasicbarcelona.com\/fr\/wp-json\/wp\/v2\/pages\/401","targetHints":{"allow":["GET"]}}],"collection":[{"href":"https:\/\/centralandbasicbarcelona.com\/fr\/wp-json\/wp\/v2\/pages"}],"about":[{"href":"https:\/\/centralandbasicbarcelona.com\/fr\/wp-json\/wp\/v2\/types\/page"}],"author":[{"embeddable":true,"href":"https:\/\/centralandbasicbarcelona.com\/fr\/wp-json\/wp\/v2\/users\/1"}],"replies":[{"embeddable":true,"href":"https:\/\/centralandbasicbarcelona.com\/fr\/wp-json\/wp\/v2\/comments?post=401"}],"version-history":[{"count":16,"href":"https:\/\/centralandbasicbarcelona.com\/fr\/wp-json\/wp\/v2\/pages\/401\/revisions"}],"predecessor-version":[{"id":1026,"href":"https:\/\/centralandbasicbarcelona.com\/fr\/wp-json\/wp\/v2\/pages\/401\/revisions\/1026"}],"wp:attachment":[{"href":"https:\/\/centralandbasicbarcelona.com\/fr\/wp-json\/wp\/v2\/media?parent=401"}],"curies":[{"name":"wp","href":"https:\/\/api.w.org\/{rel}","templated":true}]}}