{"id":396,"date":"2024-08-05T17:58:17","date_gmt":"2024-08-05T17:58:17","guid":{"rendered":"https:\/\/centralandbasicbarcelona.com\/?page_id=396"},"modified":"2024-08-05T17:59:49","modified_gmt":"2024-08-05T17:59:49","slug":"aviso-legal","status":"publish","type":"page","link":"https:\/\/centralandbasicbarcelona.com\/fr\/aviso-legal\/","title":{"rendered":"Avis juridique"},"content":{"rendered":"<div data-elementor-type=\"wp-page\" data-elementor-id=\"396\" class=\"elementor elementor-396\" data-elementor-post-type=\"page\">\n\t\t\t\t<div class=\"elementor-element elementor-element-679c7d4 e-flex e-con-boxed e-con e-parent\" data-id=\"679c7d4\" data-element_type=\"container\" data-e-type=\"container\">\n\t\t\t\t\t<div class=\"e-con-inner\">\n\t\t\t\t<div class=\"elementor-element elementor-element-41e62df elementor-widget elementor-widget-text-editor\" data-id=\"41e62df\" data-element_type=\"widget\" data-e-type=\"widget\" data-widget_type=\"text-editor.default\">\n\t\t\t\t<div class=\"elementor-widget-container\">\n\t\t\t\t\t\t\t\t\t<h1>AVIS JURIDIQUE<\/h1><ol><li style=\"list-style-type: none;\"><ol><li><strong>Objectif et acceptation<\/strong><\/li><\/ol><\/li><\/ol><p>Le pr\u00e9sent avis juridique r\u00e9git l'utilisation de notre site web, qui est d\u00e9tenu et exploit\u00e9 par\u00a0<strong>PLANES MAGICOS, S.L.<\/strong>\u00a0. En consultant le site web de\u00a0<strong>PLANES MAGICOS, S.L.<\/strong>\u00a0attribue la condition d'utilisateur de celui-ci et implique l'acceptation totale et sans r\u00e9serve de toutes et chacune des dispositions incluses dans le pr\u00e9sent avis juridique, qui peut faire l'objet de modifications. Vous vous engagez \u00e0 faire un usage correct du site web conform\u00e9ment aux lois, \u00e0 la bonne foi, \u00e0 l'ordre public, aux usages de la circulation et au pr\u00e9sent avis juridique.\u00a0<strong>Avis juridique<\/strong>. Vous serez responsable de\u00a0<strong>PLANES MAGICOS, S.L.<\/strong>\u00a0ou \u00e0 l'encontre de tiers, pour tout dommage pouvant r\u00e9sulter du non-respect de cette obligation.<\/p><ol><li style=\"list-style-type: none;\"><ol><li><strong>Identification et communications<\/strong><\/li><\/ol><\/li><\/ol><p><strong>PLANES MAGICOS, S.L.<\/strong>, conform\u00e9ment \u00e0 la loi 34\/2002, du 11 juillet, sur les services de la soci\u00e9t\u00e9 de l'information et le commerce \u00e9lectronique, vous informe par la pr\u00e9sente que :<\/p><ol><li style=\"list-style-type: none;\"><ol><li style=\"list-style-type: none;\"><ul><li>La raison sociale de l'entreprise est la suivante :\u00a0<strong>PLANES MAGICOS, S.L.<\/strong><\/li><li>Son num\u00e9ro de TVA est le suivant\u00a0<strong>B67123976<\/strong><\/li><li>Son si\u00e8ge social est situ\u00e9 \u00e0 l'adresse suivante\u00a0<strong>CALLE GUARDIA, 13, 3 - (08001) BARCELONE<\/strong><\/li><li>Inscription au registre du commerce :<\/li><\/ul><\/li><\/ol><\/li><\/ol><p>Pour nous contacter, nous mettons \u00e0 votre disposition diff\u00e9rents moyens de contact pr\u00e9cis\u00e9s dans le\u00a0<strong>politique de confidentialit\u00e9<\/strong>.<\/p><p>Toutes les notifications et communications avec les\u00a0<strong>PLANES MAGICOS, S.L.<\/strong>\u00a0sont, \u00e0 toutes fins utiles, consid\u00e9r\u00e9es comme effectives, \u00e0 condition qu'elles soient effectu\u00e9es par les moyens sp\u00e9cifi\u00e9s ci-dessus<\/p><ol><li style=\"list-style-type: none;\"><ol><li><strong>Conditions d'acc\u00e8s et d'utilisation<\/strong><\/li><\/ol><\/li><\/ol><p>Le site web et ses services sont toutefois librement accessibles,\u00a0<strong>PLANES MAGICOS, S.L.<\/strong>\u00a0conditionne l'utilisation de certains des services offerts sur son site web \u00e0 l'accomplissement pr\u00e9alable du formulaire correspondant.<\/p><p>Vous garantissez l'authenticit\u00e9 et l'actualit\u00e9 de toutes les donn\u00e9es que vous fournissez \u00e0\u00a0<strong>PLANES MAGICOS, S.L.<\/strong>\u00a0et sera seul responsable de toute d\u00e9claration fausse ou inexacte.<\/p><p>Vous acceptez express\u00e9ment de faire un usage appropri\u00e9 du contenu et des services de EL\u00a0<strong>PLANES MAGICOS, S.L.<\/strong>\u00a0et de ne pas les utiliser, entre autres :<\/p><ol><li style=\"list-style-type: none;\"><br \/><ol><li style=\"list-style-type: none;\"><br \/><ul><li>Diffuser des contenus criminels, violents, pornographiques, racistes, x\u00e9nophobes, injurieux, terroristes ou, en g\u00e9n\u00e9ral, contraires \u00e0 la loi ou \u00e0 l'ordre public.<\/li><li>introduire dans le r\u00e9seau des virus informatiques ou effectuer des actions susceptibles d'alt\u00e9rer, de d\u00e9t\u00e9riorer, d'interrompre ou de g\u00e9n\u00e9rer des erreurs ou des dommages aux documents \u00e9lectroniques, aux donn\u00e9es ou aux syst\u00e8mes physiques et logiques de\u00a0<strong>PLANES MAGICOS, S.L.<\/strong>\u00a0ou des tiers ; ainsi que d'entraver l'acc\u00e8s d'autres utilisateurs au site web et \u00e0 ses services par le biais d'une consommation massive des ressources informatiques par le biais desquelles\u00a0<strong>PLANES MAGICOS, S.L.<\/strong>\u00a0fournit ses services.<\/li><li>Tenter d'acc\u00e9der aux donn\u00e9es d'autres personnes ou d'acc\u00e9der \u00e0 des zones restreintes des syst\u00e8mes informatiques de\u00a0<strong>PLANES MAGICOS, S.L.<\/strong>\u00a0ou des tiers et, le cas \u00e9ch\u00e9ant, extraire des informations.<\/li><li>la violation des droits de propri\u00e9t\u00e9 intellectuelle ou industrielle, ainsi que la violation de la confidentialit\u00e9 des informations de l'entreprise.\u00a0<strong>PLANES MAGICOS, S.L.<\/strong>\u00a0ou des tiers.<\/li><li>Usurper l'identit\u00e9 d'un autre utilisateur, des autorit\u00e9s publiques ou d'un tiers.<\/li><li>Reproduire, copier, distribuer, mettre \u00e0 disposition ou de toute autre mani\u00e8re communiquer publiquement, transformer ou modifier le contenu, sauf autorisation du titulaire des droits correspondants ou autorisation l\u00e9gale.<\/li><li>collecter des donn\u00e9es \u00e0 des fins publicitaires et envoyer de la publicit\u00e9 de toute nature et des communications \u00e0 des fins de vente ou \u00e0 d'autres fins commerciales sans demande ou consentement pr\u00e9alable.<\/li><\/ul><\/li><\/ol><\/li><\/ol><div>\u00a0<\/div><p>L'ensemble du contenu du site, tel que les textes, photographies, graphiques, images, ic\u00f4nes, technologies, logiciels, ainsi que sa conception graphique et ses codes sources, constitue une \u0153uvre dont la propri\u00e9t\u00e9 appartient \u00e0\u00a0<strong>PLANES MAGICOS, S.L.<\/strong>, L'utilisateur ne peut \u00eatre consid\u00e9r\u00e9 comme ayant c\u00e9d\u00e9 aucun des droits d'exploitation sur ces derniers au-del\u00e0 de ce qui est strictement n\u00e9cessaire \u00e0 l'utilisation correcte du site web.<\/p><p>En r\u00e9sum\u00e9, les personnes qui acc\u00e8dent \u00e0 ce site web peuvent en visualiser le contenu et r\u00e9aliser, le cas \u00e9ch\u00e9ant, des copies priv\u00e9es autoris\u00e9es, \u00e0 condition que les \u00e9l\u00e9ments reproduits ne soient pas c\u00e9d\u00e9s ult\u00e9rieurement \u00e0 des tiers, ni install\u00e9s sur des serveurs connect\u00e9s \u00e0 des r\u00e9seaux, ni soumis \u00e0 un quelconque type d'exploitation.<\/p><p>De m\u00eame, toutes les marques, noms commerciaux ou signes distinctifs de toute nature qui apparaissent sur le site web sont la propri\u00e9t\u00e9 de\u00a0<strong>PLANES MAGICOS, S.L.<\/strong>, L'utilisation ou l'acc\u00e8s \u00e0 ceux-ci ne saurait \u00eatre interpr\u00e9t\u00e9 comme conf\u00e9rant un quelconque droit sur ceux-ci.<\/p><p>La distribution, la modification, le transfert ou la communication publique des contenus et tout autre acte qui n'a pas \u00e9t\u00e9 express\u00e9ment autoris\u00e9 par le titulaire des droits d'exploitation sont interdits.<\/p><p>L'\u00e9tablissement d'un lien hypertexte n'implique en aucun cas l'existence d'une relation entre\u00a0<strong>PLANES MAGICOS, S.L.<\/strong>\u00a0et le propri\u00e9taire du site web sur lequel il est \u00e9tabli, ni l'acceptation et l'approbation par l'autorit\u00e9 comp\u00e9tente.\u00a0<strong>PLANES MAGICOS, S.L.<\/strong>\u00a0de son contenu ou de ses services. Les personnes qui ont l'intention d'\u00e9tablir un lien hypertexte doivent au pr\u00e9alable demander l'autorisation \u00e9crite de\u00a0<strong>PLANES MAGICOS, S.L.<\/strong>. Dans tous les cas, l'hyperlien permettra uniquement d'acc\u00e9der \u00e0 la page d'accueil ou \u00e0 la page d'accueil de notre site Web, et devra \u00e9galement s'abstenir de faire des d\u00e9clarations ou des indications fausses, inexactes ou incorrectes sur PLANES MAGICOS, S.L., ou d'inclure des contenus ill\u00e9gaux, contraires aux bonnes coutumes et \u00e0 l'ordre public.<\/p><p><strong>PLANES MAGICOS, S.L.<\/strong>\u00a0n'est pas responsable de l'utilisation que chaque utilisateur fait du mat\u00e9riel mis \u00e0 disposition sur ce site ni des actions men\u00e9es sur la base de ce mat\u00e9riel.<\/p><ol><li style=\"list-style-type: none;\"><ol><li><strong>Exclusion des garanties et de la responsabilit\u00e9<\/strong><p><strong>PLANES MAGICOS, S.L.<\/strong>\u00a0exclut, dans la mesure permise par la loi, toute responsabilit\u00e9 pour des dommages de quelque nature que ce soit r\u00e9sultant de :<\/p><ul><li>L'impossibilit\u00e9 d'acc\u00e9der au site web ou le manque de v\u00e9racit\u00e9, d'exactitude, d'exhaustivit\u00e9 et\/ou d'actualit\u00e9 du contenu, ainsi que l'existence de vices et de d\u00e9fauts de toute nature dans le contenu transmis, diffus\u00e9, stock\u00e9, mis \u00e0 la disposition de ceux qui ont acc\u00e9d\u00e9 par le biais du site web ou des services offerts.<\/li><li>La pr\u00e9sence de virus ou d'autres \u00e9l\u00e9ments dans le contenu qui peuvent causer des alt\u00e9rations dans les syst\u00e8mes informatiques, les documents \u00e9lectroniques ou les donn\u00e9es des utilisateurs.<\/li><li>le non-respect de la loi, de la bonne foi, de l'ordre public, des r\u00e8gles de circulation et du pr\u00e9sent avis juridique en raison d'une utilisation incorrecte du site web. En particulier, et \u00e0 titre d'exemple,\u00a0<strong>PLANES MAGICOS, S.L.<\/strong>\u00a0n'est pas responsable des actions de tiers qui violent les droits de propri\u00e9t\u00e9 intellectuelle et industrielle, les secrets d'affaires, les droits \u00e0 l'honneur, \u00e0 la vie priv\u00e9e et familiale et \u00e0 l'image, ainsi que les r\u00e9glementations sur la concurrence d\u00e9loyale et la publicit\u00e9 ill\u00e9gale.<\/li><\/ul><p>En outre,\u00a0<strong>PLANES MAGICOS, S.L.<\/strong>\u00a0d\u00e9cline toute responsabilit\u00e9 pour les informations trouv\u00e9es en dehors de ce site et qui ne sont pas g\u00e9r\u00e9es directement par notre webmaster. La fonction des liens qui apparaissent sur ce site est exclusivement d'informer l'utilisateur de l'existence d'autres sources susceptibles d'\u00e9largir les contenus propos\u00e9s sur ce site.\u00a0<strong>PLANES MAGICOS, S.L.<\/strong>\u00a0ne garantit ni n'accepte aucune responsabilit\u00e9 quant au fonctionnement ou \u00e0 l'accessibilit\u00e9 des sites li\u00e9s ; elle ne sugg\u00e8re pas, n'invite pas ou ne recommande pas la visite de ces sites et n'est pas responsable des r\u00e9sultats obtenus.\u00a0<strong>PLANES MAGICOS, S.L.<\/strong>\u00a0n'est pas responsable de l'\u00e9tablissement d'hyperliens par des tiers.<\/p><\/li><li><strong>Proc\u00e9dure en cas d'activit\u00e9s ill\u00e9gales<\/strong><\/li><\/ol><\/li><\/ol><p>Si vous ou un tiers estimez qu'il existe des faits ou des circonstances r\u00e9v\u00e9lant le caract\u00e8re illicite de l'utilisation de tout contenu et\/ou de l'exercice de toute activit\u00e9 sur les pages web incluses dans le site web ou accessibles par celui-ci, vous devez contacter\u00a0<strong>PLANES MAGICOS, S.L.<\/strong>\u00a0en s'identifiant d\u00fbment, en pr\u00e9cisant les infractions all\u00e9gu\u00e9es et en d\u00e9clarant express\u00e9ment, sous sa propre responsabilit\u00e9, que les informations fournies dans la notification sont exactes.<\/p><p>Pour tout litige concernant le site web de\u00a0<strong>PLANES MAGICOS, S.L.<\/strong>, La l\u00e9gislation espagnole est applicable et les cours et tribunaux les plus proches du si\u00e8ge de (Espagne) sont comp\u00e9tents.<\/p><ol><li style=\"list-style-type: none;\"><ol><li><strong>Publications<\/strong><\/li><\/ol><\/li><\/ol><p>Les informations administratives fournies par le biais du site web ne remplacent pas la publication l\u00e9gale des lois, r\u00e8glements, plans, dispositions g\u00e9n\u00e9rales et actes qui doivent \u00eatre formellement publi\u00e9s dans les journaux officiels des administrations publiques, qui sont le seul instrument attestant de leur authenticit\u00e9 et de leur contenu. Les informations disponibles sur ce site doivent \u00eatre consid\u00e9r\u00e9es comme un guide sans aucune valeur juridique.<\/p>\t\t\t\t\t\t\t\t<\/div>\n\t\t\t\t<\/div>\n\t\t\t\t\t<\/div>\n\t\t\t\t<\/div>\n\t\t\t\t<\/div>","protected":false},"excerpt":{"rendered":"<p>AVISO LEGAL Objeto y aceptaci\u00f3n El presente aviso legal regula el uso de nuestro sitio web, del que es titular\u00a0PLANES MAGICOS, S.L.\u00a0. La navegaci\u00f3n por el sitio web de\u00a0PLANES MAGICOS, S.L.\u00a0atribuye la condici\u00f3n de usuario del mismo e implica la aceptaci\u00f3n plena y sin reservas de todas y cada una de las disposiciones incluidas en [&hellip;]<\/p>","protected":false},"author":1,"featured_media":0,"parent":0,"menu_order":0,"comment_status":"closed","ping_status":"closed","template":"","meta":{"footnotes":""},"class_list":["post-396","page","type-page","status-publish","hentry"],"yoast_head":"<!-- This site is optimized with the Yoast SEO plugin v26.9 - https:\/\/yoast.com\/product\/yoast-seo-wordpress\/ -->\n<title>Aviso Legal - YOUTH HOSTEL Central and Basic Barcelona<\/title>\n<meta name=\"robots\" content=\"index, follow, max-snippet:-1, max-image-preview:large, max-video-preview:-1\" \/>\n<link rel=\"canonical\" href=\"https:\/\/centralandbasicbarcelona.com\/fr\/aviso-legal\/\" \/>\n<meta property=\"og:locale\" content=\"fr_FR\" \/>\n<meta property=\"og:type\" content=\"article\" \/>\n<meta property=\"og:title\" content=\"Aviso Legal - YOUTH HOSTEL Central and Basic Barcelona\" \/>\n<meta property=\"og:description\" content=\"AVISO LEGAL Objeto y aceptaci\u00f3n El presente aviso legal regula el uso de nuestro sitio web, del que es titular\u00a0PLANES MAGICOS, S.L.\u00a0. La navegaci\u00f3n por el sitio web de\u00a0PLANES MAGICOS, S.L.\u00a0atribuye la condici\u00f3n de usuario del mismo e implica la aceptaci\u00f3n plena y sin reservas de todas y cada una de las disposiciones incluidas en [&hellip;]\" \/>\n<meta property=\"og:url\" content=\"https:\/\/centralandbasicbarcelona.com\/fr\/aviso-legal\/\" \/>\n<meta property=\"og:site_name\" content=\"YOUTH HOSTEL Central and Basic Barcelona\" \/>\n<meta property=\"article:modified_time\" content=\"2024-08-05T17:59:49+00:00\" \/>\n<meta name=\"twitter:card\" content=\"summary_large_image\" \/>\n<meta name=\"twitter:label1\" content=\"Dur\u00e9e de lecture estim\u00e9e\" \/>\n\t<meta name=\"twitter:data1\" content=\"7 minutes\" \/>\n<script type=\"application\/ld+json\" class=\"yoast-schema-graph\">{\"@context\":\"https:\/\/schema.org\",\"@graph\":[{\"@type\":\"WebPage\",\"@id\":\"https:\/\/centralandbasicbarcelona.com\/aviso-legal\/\",\"url\":\"https:\/\/centralandbasicbarcelona.com\/aviso-legal\/\",\"name\":\"Aviso Legal - YOUTH HOSTEL Central and Basic Barcelona\",\"isPartOf\":{\"@id\":\"https:\/\/centralandbasicbarcelona.com\/en\/#website\"},\"datePublished\":\"2024-08-05T17:58:17+00:00\",\"dateModified\":\"2024-08-05T17:59:49+00:00\",\"breadcrumb\":{\"@id\":\"https:\/\/centralandbasicbarcelona.com\/aviso-legal\/#breadcrumb\"},\"inLanguage\":\"fr-FR\",\"potentialAction\":[{\"@type\":\"ReadAction\",\"target\":[\"https:\/\/centralandbasicbarcelona.com\/aviso-legal\/\"]}]},{\"@type\":\"BreadcrumbList\",\"@id\":\"https:\/\/centralandbasicbarcelona.com\/aviso-legal\/#breadcrumb\",\"itemListElement\":[{\"@type\":\"ListItem\",\"position\":1,\"name\":\"Portada\",\"item\":\"https:\/\/centralandbasicbarcelona.com\/\"},{\"@type\":\"ListItem\",\"position\":2,\"name\":\"Aviso Legal\"}]},{\"@type\":\"WebSite\",\"@id\":\"https:\/\/centralandbasicbarcelona.com\/en\/#website\",\"url\":\"https:\/\/centralandbasicbarcelona.com\/en\/\",\"name\":\"Central and Basic - Hotel Barcelona\",\"description\":\"\",\"publisher\":{\"@id\":\"https:\/\/centralandbasicbarcelona.com\/en\/#organization\"},\"potentialAction\":[{\"@type\":\"SearchAction\",\"target\":{\"@type\":\"EntryPoint\",\"urlTemplate\":\"https:\/\/centralandbasicbarcelona.com\/en\/?s={search_term_string}\"},\"query-input\":{\"@type\":\"PropertyValueSpecification\",\"valueRequired\":true,\"valueName\":\"search_term_string\"}}],\"inLanguage\":\"fr-FR\"},{\"@type\":\"Organization\",\"@id\":\"https:\/\/centralandbasicbarcelona.com\/en\/#organization\",\"name\":\"Central and Basic - Hotel Barcelona\",\"url\":\"https:\/\/centralandbasicbarcelona.com\/en\/\",\"logo\":{\"@type\":\"ImageObject\",\"inLanguage\":\"fr-FR\",\"@id\":\"https:\/\/centralandbasicbarcelona.com\/en\/#\/schema\/logo\/image\/\",\"url\":\"https:\/\/centralandbasicbarcelona.com\/wp-content\/uploads\/2025\/10\/central-and-basics-logo.png\",\"contentUrl\":\"https:\/\/centralandbasicbarcelona.com\/wp-content\/uploads\/2025\/10\/central-and-basics-logo.png\",\"width\":208,\"height\":80,\"caption\":\"Central and Basic - Hotel Barcelona\"},\"image\":{\"@id\":\"https:\/\/centralandbasicbarcelona.com\/en\/#\/schema\/logo\/image\/\"}}]}<\/script>\n<!-- \/ Yoast SEO plugin. -->","yoast_head_json":{"title":"Aviso Legal - YOUTH HOSTEL Central and Basic Barcelona","robots":{"index":"index","follow":"follow","max-snippet":"max-snippet:-1","max-image-preview":"max-image-preview:large","max-video-preview":"max-video-preview:-1"},"canonical":"https:\/\/centralandbasicbarcelona.com\/fr\/aviso-legal\/","og_locale":"fr_FR","og_type":"article","og_title":"Aviso Legal - YOUTH HOSTEL Central and Basic Barcelona","og_description":"AVISO LEGAL Objeto y aceptaci\u00f3n El presente aviso legal regula el uso de nuestro sitio web, del que es titular\u00a0PLANES MAGICOS, S.L.\u00a0. La navegaci\u00f3n por el sitio web de\u00a0PLANES MAGICOS, S.L.\u00a0atribuye la condici\u00f3n de usuario del mismo e implica la aceptaci\u00f3n plena y sin reservas de todas y cada una de las disposiciones incluidas en [&hellip;]","og_url":"https:\/\/centralandbasicbarcelona.com\/fr\/aviso-legal\/","og_site_name":"YOUTH HOSTEL Central and Basic Barcelona","article_modified_time":"2024-08-05T17:59:49+00:00","twitter_card":"summary_large_image","twitter_misc":{"Dur\u00e9e de lecture estim\u00e9e":"7 minutes"},"schema":{"@context":"https:\/\/schema.org","@graph":[{"@type":"WebPage","@id":"https:\/\/centralandbasicbarcelona.com\/aviso-legal\/","url":"https:\/\/centralandbasicbarcelona.com\/aviso-legal\/","name":"Aviso Legal - YOUTH HOSTEL Central and Basic Barcelona","isPartOf":{"@id":"https:\/\/centralandbasicbarcelona.com\/en\/#website"},"datePublished":"2024-08-05T17:58:17+00:00","dateModified":"2024-08-05T17:59:49+00:00","breadcrumb":{"@id":"https:\/\/centralandbasicbarcelona.com\/aviso-legal\/#breadcrumb"},"inLanguage":"fr-FR","potentialAction":[{"@type":"ReadAction","target":["https:\/\/centralandbasicbarcelona.com\/aviso-legal\/"]}]},{"@type":"BreadcrumbList","@id":"https:\/\/centralandbasicbarcelona.com\/aviso-legal\/#breadcrumb","itemListElement":[{"@type":"ListItem","position":1,"name":"Portada","item":"https:\/\/centralandbasicbarcelona.com\/"},{"@type":"ListItem","position":2,"name":"Aviso Legal"}]},{"@type":"WebSite","@id":"https:\/\/centralandbasicbarcelona.com\/en\/#website","url":"https:\/\/centralandbasicbarcelona.com\/en\/","name":"Central et basique - Hotel Barcelona","description":"","publisher":{"@id":"https:\/\/centralandbasicbarcelona.com\/en\/#organization"},"potentialAction":[{"@type":"SearchAction","target":{"@type":"EntryPoint","urlTemplate":"https:\/\/centralandbasicbarcelona.com\/en\/?s={search_term_string}"},"query-input":{"@type":"PropertyValueSpecification","valueRequired":true,"valueName":"search_term_string"}}],"inLanguage":"fr-FR"},{"@type":"Organization","@id":"https:\/\/centralandbasicbarcelona.com\/en\/#organization","name":"Central et basique - Hotel Barcelona","url":"https:\/\/centralandbasicbarcelona.com\/en\/","logo":{"@type":"ImageObject","inLanguage":"fr-FR","@id":"https:\/\/centralandbasicbarcelona.com\/en\/#\/schema\/logo\/image\/","url":"https:\/\/centralandbasicbarcelona.com\/wp-content\/uploads\/2025\/10\/central-and-basics-logo.png","contentUrl":"https:\/\/centralandbasicbarcelona.com\/wp-content\/uploads\/2025\/10\/central-and-basics-logo.png","width":208,"height":80,"caption":"Central and Basic - Hotel Barcelona"},"image":{"@id":"https:\/\/centralandbasicbarcelona.com\/en\/#\/schema\/logo\/image\/"}}]}},"_links":{"self":[{"href":"https:\/\/centralandbasicbarcelona.com\/fr\/wp-json\/wp\/v2\/pages\/396","targetHints":{"allow":["GET"]}}],"collection":[{"href":"https:\/\/centralandbasicbarcelona.com\/fr\/wp-json\/wp\/v2\/pages"}],"about":[{"href":"https:\/\/centralandbasicbarcelona.com\/fr\/wp-json\/wp\/v2\/types\/page"}],"author":[{"embeddable":true,"href":"https:\/\/centralandbasicbarcelona.com\/fr\/wp-json\/wp\/v2\/users\/1"}],"replies":[{"embeddable":true,"href":"https:\/\/centralandbasicbarcelona.com\/fr\/wp-json\/wp\/v2\/comments?post=396"}],"version-history":[{"count":4,"href":"https:\/\/centralandbasicbarcelona.com\/fr\/wp-json\/wp\/v2\/pages\/396\/revisions"}],"predecessor-version":[{"id":400,"href":"https:\/\/centralandbasicbarcelona.com\/fr\/wp-json\/wp\/v2\/pages\/396\/revisions\/400"}],"wp:attachment":[{"href":"https:\/\/centralandbasicbarcelona.com\/fr\/wp-json\/wp\/v2\/media?parent=396"}],"curies":[{"name":"wp","href":"https:\/\/api.w.org\/{rel}","templated":true}]}}