{"id":401,"date":"2024-08-05T18:01:15","date_gmt":"2024-08-05T18:01:15","guid":{"rendered":"https:\/\/centralandbasicbarcelona.com\/?page_id=401"},"modified":"2025-12-03T10:24:42","modified_gmt":"2025-12-03T10:24:42","slug":"politicas-de-privacidad","status":"publish","type":"page","link":"https:\/\/centralandbasicbarcelona.com\/en\/politicas-de-privacidad\/","title":{"rendered":"Privacy Policy"},"content":{"rendered":"<div data-elementor-type=\"wp-page\" data-elementor-id=\"401\" class=\"elementor elementor-401\" data-elementor-post-type=\"page\">\n\t\t\t\t<div class=\"elementor-element elementor-element-985fb5e e-flex e-con-boxed e-con e-parent\" data-id=\"985fb5e\" data-element_type=\"container\" data-e-type=\"container\">\n\t\t\t\t\t<div class=\"e-con-inner\">\n\t\t\t\t<div class=\"elementor-element elementor-element-03d4117 elementor-widget elementor-widget-text-editor\" data-id=\"03d4117\" data-element_type=\"widget\" data-e-type=\"widget\" data-widget_type=\"text-editor.default\">\n\t\t\t\t<div class=\"elementor-widget-container\">\n\t\t\t\t\t\t\t\t\t<h3>Data Protection Information<\/h3>\n<h4>Data related to the Responsible<\/h4>\n<p><strong>Responsible for Treatment<\/strong><\/p>\n<ul>\n<li><strong>Entity<\/strong>: PLANES MAGICOS, S.L.<\/li>\n<li><strong>Tax ID of the entity<\/strong>: B67123976<\/li>\n<li><strong>Address of the entity<\/strong>: CALLE GUARDIA, 13, 3, 3 - (08001) BARCELONA<\/li>\n<li><strong>Email of the entity<\/strong>: <a rel=\"noreferrer\">info@centralandbasic.com<\/a><\/li>\n<li><strong>Responsible for the treatment<\/strong>: FRANCISCO HERRERA VILLEGAS<\/li>\n<li><strong>Telephone of the person in charge of the treatment<\/strong>: 646900465<\/li>\n<li><strong>Email address of the person in charge of the treatment<\/strong>: <a rel=\"noreferrer\">info@centralandbasic.com<\/a><\/li>\n<\/ul>\n<h4>Purposes<\/h4>\n<p>In compliance with the provisions of the European Regulation 2016\/679 General Data Protection Regulation and the Organic Law 3\/2018 on Personal Data Protection and Guarantee of Digital Rights, we inform you that, depending on the relationship you have with us, in PLANES MAGICOS, S.L. we treat the data you provide for any, or all, of the following purposes:<\/p>\n<ul>\n<li>Sending commercial information of the entity by mail, e-mail or other means.<\/li>\n<li>Information from Cookies.<\/li>\n<li>Reservations.<\/li>\n<\/ul>\n<h4>Data retention period<\/h4>\n<p>Your data will be kept for an indefinite period of time. In the event that you require early deletion, please request this by exercising the right of deletion. Likewise, data which for legal reasons must be stored for a period of time necessary to comply with specific regulations will be blocked and will only be made available to the relevant public authority.<\/p>\n<h4>Legitimation<\/h4>\n<p>The legal basis for the processing of your data lies in:<\/p>\n<ul>\n<li>Unequivocal consent.<\/li>\n<\/ul>\n<h4>Addressees<\/h4>\n<p>Your personal data will be communicated to third parties in the following cases:<\/p>\n<ul>\n<li>Computer hardware and software maintenance companies.<\/li>\n<\/ul>\n<h4>Rights<\/h4>\n<p>You have the right to obtain confirmation as to whether or not PLANES MAGICOS, S.L. is processing personal data concerning you.<\/p>\n<p>You also have the right of access to your personal data, as well as the right to request the <strong>rectification<\/strong> of the inaccurate data or, where appropriate, to request their <strong>deletion<\/strong> when, among other reasons, the data are no longer necessary for the purposes for which they were collected.<\/p>\n<p>In certain circumstances, you may request the <strong>limitation of treatment<\/strong> of your data, in which case we will only keep them for the exercise or defense of claims.<\/p>\n<p>In addition, in certain circumstances and for reasons related to your particular situation, we may exercise the right to <strong>opposition<\/strong> to the processing of your data. PLANES MAGICOS, S.L. will stop processing the data, except for compelling legitimate reasons, or the exercise or defense of possible claims.<\/p>\n<p>You may also exercise your right to <strong>portability<\/strong> of the data, as well as to withdraw the consents provided at any time, without affecting the lawfulness of the processing based on the consent prior to its withdrawal.<\/p>\n<p>If you wish to exercise any of your rights, you can do so through the links provided below:<\/p>\n<ul>\n<li>To exercise your right to <strong>Access<\/strong> click <a href=\"https:\/\/intranet.laboralrgpd.com\/webApp\/clientes_derechos\/derechos-formulario.php?id_cliente=SlAydFpDVVNyZ3R0ZHJ1M1FtR3pjdz09\">here.<\/a><\/li>\n<li>To exercise your right to <strong>Correction<\/strong> click <a href=\"https:\/\/intranet.laboralrgpd.com\/webApp\/clientes_derechos\/derechos-formulario.php?id_cliente=SlAydFpDVVNyZ3R0ZHJ1M1FtR3pjdz09\" rel=\"noreferrer\">here<\/a>.<\/li>\n<li>To exercise your right to <strong>Deletion (Oblivion)<\/strong> click <a href=\"https:\/\/intranet.laboralrgpd.com\/webApp\/clientes_derechos\/derechos-formulario.php?id_cliente=SlAydFpDVVNyZ3R0ZHJ1M1FtR3pjdz09\" rel=\"noreferrer\">here<\/a>.<\/li>\n<li>To exercise your right to <strong>Treatment Limitation<\/strong> click <a href=\"https:\/\/intranet.laboralrgpd.com\/webApp\/clientes_derechos\/derechos-formulario.php?id_cliente=SlAydFpDVVNyZ3R0ZHJ1M1FtR3pjdz09\" rel=\"noreferrer\">here<\/a>.<\/li>\n<li>To exercise your right to <strong>Opposition<\/strong> click <a href=\"https:\/\/intranet.laboralrgpd.com\/webApp\/clientes_derechos\/derechos-formulario.php?id_cliente=SlAydFpDVVNyZ3R0ZHJ1M1FtR3pjdz09\" rel=\"noreferrer\">here<\/a>.<\/li>\n<li>To exercise your right to <strong>Portability<\/strong> click <a href=\"https:\/\/intranet.laboralrgpd.com\/webApp\/clientes_derechos\/derechos-formulario.php?id_cliente=SlAydFpDVVNyZ3R0ZHJ1M1FtR3pjdz09\" rel=\"noreferrer\">here<\/a>.<\/li>\n<\/ul>\n<p>Alternatively, you can also contact us by mail at the following address: CALLE GUARDIA, 13, 3 - (08001) BARCELONA, enclosing a photocopy of your ID card, for the certainty of your identity. Remember to provide as much information as possible about your request: Name and surname, e-mail address you use for the account or portal object of your request.<\/p>\n<p>Finally, we inform you that you can contact the Spanish Data Protection Agency and other competent public bodies for any claim arising from the processing of your personal data.<\/p>\n<h4>Cookie Policy<\/h4>\n<p>To learn more about the cookies we use on our site, please remember that you can access our <a href=\"https:\/\/intranet.laboralrgpd.com\/politicaCookies\/index.php?sid=SlAydFpDVVNyZ3R0ZHJ1M1FtR3pjdz09\" rel=\"noreferrer\">Cookies Policy<\/a>.<\/p>\t\t\t\t\t\t\t\t<\/div>\n\t\t\t\t<\/div>\n\t\t\t\t\t<\/div>\n\t\t\t\t<\/div>\n\t\t\t\t<\/div>","protected":false},"excerpt":{"rendered":"<p>Informaci\u00f3n sobre Protecci\u00f3n de Datos Datos relativos al Responsable Responsable Tratamiento Entidad: PLANES MAGICOS, S.L. CIF de la entidad: B67123976 Direcci\u00f3n de la entidad: CALLE GUARDIA, 13, 3 &#8211; (08001) BARCELONA Email de la entidad: info@centralandbasic.com Responsable del tratamiento: FRANCISCO HERRERA VILLEGAS Tel\u00e9fono del Responsable del tratamiento: 646900465 Direcci\u00f3n email del Responsable del tratamiento: info@centralandbasic.com [&hellip;]<\/p>","protected":false},"author":1,"featured_media":0,"parent":0,"menu_order":0,"comment_status":"closed","ping_status":"closed","template":"","meta":{"footnotes":""},"class_list":["post-401","page","type-page","status-publish","hentry"],"yoast_head":"<!-- This site is optimized with the Yoast SEO plugin v26.9 - https:\/\/yoast.com\/product\/yoast-seo-wordpress\/ -->\n<title>Pol\u00edticas de privacidad - YOUTH HOSTEL Central and Basic Barcelona<\/title>\n<meta name=\"robots\" content=\"index, follow, max-snippet:-1, max-image-preview:large, max-video-preview:-1\" \/>\n<link rel=\"canonical\" href=\"https:\/\/centralandbasicbarcelona.com\/en\/politicas-de-privacidad\/\" \/>\n<meta property=\"og:locale\" content=\"en_US\" \/>\n<meta property=\"og:type\" content=\"article\" \/>\n<meta property=\"og:title\" content=\"Pol\u00edticas de privacidad - YOUTH HOSTEL Central and Basic Barcelona\" \/>\n<meta property=\"og:description\" content=\"Informaci\u00f3n sobre Protecci\u00f3n de Datos Datos relativos al Responsable Responsable Tratamiento Entidad: PLANES MAGICOS, S.L. CIF de la entidad: B67123976 Direcci\u00f3n de la entidad: CALLE GUARDIA, 13, 3 &#8211; (08001) BARCELONA Email de la entidad: info@centralandbasic.com Responsable del tratamiento: FRANCISCO HERRERA VILLEGAS Tel\u00e9fono del Responsable del tratamiento: 646900465 Direcci\u00f3n email del Responsable del tratamiento: info@centralandbasic.com [&hellip;]\" \/>\n<meta property=\"og:url\" content=\"https:\/\/centralandbasicbarcelona.com\/en\/politicas-de-privacidad\/\" \/>\n<meta property=\"og:site_name\" content=\"YOUTH HOSTEL Central and Basic Barcelona\" \/>\n<meta property=\"article:modified_time\" content=\"2025-12-03T10:24:42+00:00\" \/>\n<meta name=\"twitter:card\" content=\"summary_large_image\" \/>\n<meta name=\"twitter:label1\" content=\"Est. reading time\" \/>\n\t<meta name=\"twitter:data1\" content=\"3 minutes\" \/>\n<script type=\"application\/ld+json\" class=\"yoast-schema-graph\">{\"@context\":\"https:\/\/schema.org\",\"@graph\":[{\"@type\":\"WebPage\",\"@id\":\"https:\/\/centralandbasicbarcelona.com\/politicas-de-privacidad\/\",\"url\":\"https:\/\/centralandbasicbarcelona.com\/politicas-de-privacidad\/\",\"name\":\"Pol\u00edticas de privacidad - YOUTH HOSTEL Central and Basic Barcelona\",\"isPartOf\":{\"@id\":\"https:\/\/centralandbasicbarcelona.com\/en\/#website\"},\"datePublished\":\"2024-08-05T18:01:15+00:00\",\"dateModified\":\"2025-12-03T10:24:42+00:00\",\"breadcrumb\":{\"@id\":\"https:\/\/centralandbasicbarcelona.com\/politicas-de-privacidad\/#breadcrumb\"},\"inLanguage\":\"en-US\",\"potentialAction\":[{\"@type\":\"ReadAction\",\"target\":[\"https:\/\/centralandbasicbarcelona.com\/politicas-de-privacidad\/\"]}]},{\"@type\":\"BreadcrumbList\",\"@id\":\"https:\/\/centralandbasicbarcelona.com\/politicas-de-privacidad\/#breadcrumb\",\"itemListElement\":[{\"@type\":\"ListItem\",\"position\":1,\"name\":\"Portada\",\"item\":\"https:\/\/centralandbasicbarcelona.com\/\"},{\"@type\":\"ListItem\",\"position\":2,\"name\":\"Pol\u00edticas de privacidad\"}]},{\"@type\":\"WebSite\",\"@id\":\"https:\/\/centralandbasicbarcelona.com\/en\/#website\",\"url\":\"https:\/\/centralandbasicbarcelona.com\/en\/\",\"name\":\"Central and Basic - Hotel Barcelona\",\"description\":\"\",\"publisher\":{\"@id\":\"https:\/\/centralandbasicbarcelona.com\/en\/#organization\"},\"potentialAction\":[{\"@type\":\"SearchAction\",\"target\":{\"@type\":\"EntryPoint\",\"urlTemplate\":\"https:\/\/centralandbasicbarcelona.com\/en\/?s={search_term_string}\"},\"query-input\":{\"@type\":\"PropertyValueSpecification\",\"valueRequired\":true,\"valueName\":\"search_term_string\"}}],\"inLanguage\":\"en-US\"},{\"@type\":\"Organization\",\"@id\":\"https:\/\/centralandbasicbarcelona.com\/en\/#organization\",\"name\":\"Central and Basic - Hotel Barcelona\",\"url\":\"https:\/\/centralandbasicbarcelona.com\/en\/\",\"logo\":{\"@type\":\"ImageObject\",\"inLanguage\":\"en-US\",\"@id\":\"https:\/\/centralandbasicbarcelona.com\/en\/#\/schema\/logo\/image\/\",\"url\":\"https:\/\/centralandbasicbarcelona.com\/wp-content\/uploads\/2025\/10\/central-and-basics-logo.png\",\"contentUrl\":\"https:\/\/centralandbasicbarcelona.com\/wp-content\/uploads\/2025\/10\/central-and-basics-logo.png\",\"width\":208,\"height\":80,\"caption\":\"Central and Basic - Hotel Barcelona\"},\"image\":{\"@id\":\"https:\/\/centralandbasicbarcelona.com\/en\/#\/schema\/logo\/image\/\"}}]}<\/script>\n<!-- \/ Yoast SEO plugin. -->","yoast_head_json":{"title":"Pol\u00edticas de privacidad - YOUTH HOSTEL Central and Basic Barcelona","robots":{"index":"index","follow":"follow","max-snippet":"max-snippet:-1","max-image-preview":"max-image-preview:large","max-video-preview":"max-video-preview:-1"},"canonical":"https:\/\/centralandbasicbarcelona.com\/en\/politicas-de-privacidad\/","og_locale":"en_US","og_type":"article","og_title":"Pol\u00edticas de privacidad - YOUTH HOSTEL Central and Basic Barcelona","og_description":"Informaci\u00f3n sobre Protecci\u00f3n de Datos Datos relativos al Responsable Responsable Tratamiento Entidad: PLANES MAGICOS, S.L. CIF de la entidad: B67123976 Direcci\u00f3n de la entidad: CALLE GUARDIA, 13, 3 &#8211; (08001) BARCELONA Email de la entidad: info@centralandbasic.com Responsable del tratamiento: FRANCISCO HERRERA VILLEGAS Tel\u00e9fono del Responsable del tratamiento: 646900465 Direcci\u00f3n email del Responsable del tratamiento: info@centralandbasic.com [&hellip;]","og_url":"https:\/\/centralandbasicbarcelona.com\/en\/politicas-de-privacidad\/","og_site_name":"YOUTH HOSTEL Central and Basic Barcelona","article_modified_time":"2025-12-03T10:24:42+00:00","twitter_card":"summary_large_image","twitter_misc":{"Est. reading time":"3 minutes"},"schema":{"@context":"https:\/\/schema.org","@graph":[{"@type":"WebPage","@id":"https:\/\/centralandbasicbarcelona.com\/politicas-de-privacidad\/","url":"https:\/\/centralandbasicbarcelona.com\/politicas-de-privacidad\/","name":"Pol\u00edticas de privacidad - YOUTH HOSTEL Central and Basic Barcelona","isPartOf":{"@id":"https:\/\/centralandbasicbarcelona.com\/en\/#website"},"datePublished":"2024-08-05T18:01:15+00:00","dateModified":"2025-12-03T10:24:42+00:00","breadcrumb":{"@id":"https:\/\/centralandbasicbarcelona.com\/politicas-de-privacidad\/#breadcrumb"},"inLanguage":"en-US","potentialAction":[{"@type":"ReadAction","target":["https:\/\/centralandbasicbarcelona.com\/politicas-de-privacidad\/"]}]},{"@type":"BreadcrumbList","@id":"https:\/\/centralandbasicbarcelona.com\/politicas-de-privacidad\/#breadcrumb","itemListElement":[{"@type":"ListItem","position":1,"name":"Portada","item":"https:\/\/centralandbasicbarcelona.com\/"},{"@type":"ListItem","position":2,"name":"Pol\u00edticas de privacidad"}]},{"@type":"WebSite","@id":"https:\/\/centralandbasicbarcelona.com\/en\/#website","url":"https:\/\/centralandbasicbarcelona.com\/en\/","name":"Central and Basic - Hotel Barcelona","description":"","publisher":{"@id":"https:\/\/centralandbasicbarcelona.com\/en\/#organization"},"potentialAction":[{"@type":"SearchAction","target":{"@type":"EntryPoint","urlTemplate":"https:\/\/centralandbasicbarcelona.com\/en\/?s={search_term_string}"},"query-input":{"@type":"PropertyValueSpecification","valueRequired":true,"valueName":"search_term_string"}}],"inLanguage":"en-US"},{"@type":"Organization","@id":"https:\/\/centralandbasicbarcelona.com\/en\/#organization","name":"Central and Basic - Hotel Barcelona","url":"https:\/\/centralandbasicbarcelona.com\/en\/","logo":{"@type":"ImageObject","inLanguage":"en-US","@id":"https:\/\/centralandbasicbarcelona.com\/en\/#\/schema\/logo\/image\/","url":"https:\/\/centralandbasicbarcelona.com\/wp-content\/uploads\/2025\/10\/central-and-basics-logo.png","contentUrl":"https:\/\/centralandbasicbarcelona.com\/wp-content\/uploads\/2025\/10\/central-and-basics-logo.png","width":208,"height":80,"caption":"Central and Basic - Hotel Barcelona"},"image":{"@id":"https:\/\/centralandbasicbarcelona.com\/en\/#\/schema\/logo\/image\/"}}]}},"_links":{"self":[{"href":"https:\/\/centralandbasicbarcelona.com\/en\/wp-json\/wp\/v2\/pages\/401","targetHints":{"allow":["GET"]}}],"collection":[{"href":"https:\/\/centralandbasicbarcelona.com\/en\/wp-json\/wp\/v2\/pages"}],"about":[{"href":"https:\/\/centralandbasicbarcelona.com\/en\/wp-json\/wp\/v2\/types\/page"}],"author":[{"embeddable":true,"href":"https:\/\/centralandbasicbarcelona.com\/en\/wp-json\/wp\/v2\/users\/1"}],"replies":[{"embeddable":true,"href":"https:\/\/centralandbasicbarcelona.com\/en\/wp-json\/wp\/v2\/comments?post=401"}],"version-history":[{"count":16,"href":"https:\/\/centralandbasicbarcelona.com\/en\/wp-json\/wp\/v2\/pages\/401\/revisions"}],"predecessor-version":[{"id":1026,"href":"https:\/\/centralandbasicbarcelona.com\/en\/wp-json\/wp\/v2\/pages\/401\/revisions\/1026"}],"wp:attachment":[{"href":"https:\/\/centralandbasicbarcelona.com\/en\/wp-json\/wp\/v2\/media?parent=401"}],"curies":[{"name":"wp","href":"https:\/\/api.w.org\/{rel}","templated":true}]}}