{"id":416,"date":"2024-08-05T18:09:03","date_gmt":"2024-08-05T18:09:03","guid":{"rendered":"https:\/\/centralandbasicbarcelona.com\/?page_id=416"},"modified":"2024-08-05T18:09:43","modified_gmt":"2024-08-05T18:09:43","slug":"politica-de-cookies","status":"publish","type":"page","link":"https:\/\/centralandbasicbarcelona.com\/de\/politica-de-cookies\/","title":{"rendered":"Cookies-Politik"},"content":{"rendered":"<div data-elementor-type=\"wp-page\" data-elementor-id=\"416\" class=\"elementor elementor-416\" data-elementor-post-type=\"page\">\n\t\t\t\t<div class=\"elementor-element elementor-element-05f7f48 e-flex e-con-boxed e-con e-parent\" data-id=\"05f7f48\" data-element_type=\"container\" data-e-type=\"container\">\n\t\t\t\t\t<div class=\"e-con-inner\">\n\t\t\t\t<div class=\"elementor-element elementor-element-d0e1cf3 elementor-widget elementor-widget-text-editor\" data-id=\"d0e1cf3\" data-element_type=\"widget\" data-e-type=\"widget\" data-widget_type=\"text-editor.default\">\n\t\t\t\t<div class=\"elementor-widget-container\">\n\t\t\t\t\t\t\t\t\t<h3>Allgemeine Cookie-Informationen<\/h3><p>Das Vertrauen der Nutzer ist uns wichtig, und deshalb ist PLANES MAGICOS, S.L. bestrebt, Ihre Privatsph\u00e4re zu sch\u00fctzen. Ein wichtiger Aspekt dabei ist, Ihnen so viele Informationen wie m\u00f6glich dar\u00fcber zu geben, wie wir Ihre pers\u00f6nlichen Daten verwenden, einschlie\u00dflich der Verwendung lokaler Datenspeicherung und \u00e4hnlicher Technologien.<\/p><p>Bei der lokalen Datenspeicherung werden verschiedene Arten von Daten \u00fcber Ihren Webbrowser lokal auf Ihrem Ger\u00e4t gespeichert. Lokal gespeicherte Daten k\u00f6nnen z. B. Benutzereinstellungen, Informationen dar\u00fcber, wie Sie auf unserer Website surfen, welchen Webbrowser Sie verwenden, welche Werbung angezeigt wurde und \u00e4hnliches Verhalten auf Websites, mit denen wir zusammenarbeiten, enthalten. Lokal gespeicherte Daten k\u00f6nnen dazu verwendet werden, die Inhalte und Funktionen unserer Dienste anzupassen, um Ihre Besuche bequemer und sinnvoller zu gestalten.<\/p><p>Eine Methode der lokalen Datenspeicherung sind Cookies. Cookies sind kleine Textdateien, die auf Ihrem Ger\u00e4t (PC, Mobiltelefon oder Tablet) gespeichert werden und es uns erm\u00f6glichen, Ihren Webbrowser zu erkennen. Cookies enthalten in erster Linie Informationen \u00fcber Ihren Webbrowser und jede Aktivit\u00e4t, die in ihm stattgefunden hat. Sie helfen uns, die Sicherheit und das optimale Funktionieren unserer Website zu gew\u00e4hrleisten. Sie werden nach dem Verlassen unserer Website gel\u00f6scht (Sicherheits-Cookies und Session-Cookies) und sammeln Informationen dar\u00fcber, f\u00fcr welche Produkte sich unsere Internet-Besucher interessieren und wie sie durch unsere Website navigieren, um unsere Online-Angebote f\u00fcr die Nutzer attraktiver zu gestalten (Tracking-Cookies).<\/p><h4>Zus\u00e4tzliche Informationen \u00fcber Cookies<\/h4><p>Wir verwenden die lokale Datenspeicherung f\u00fcr eine Reihe von Zwecken, z. B. um unsere Dienstleistungen zu erbringen, um Ihnen relevante und personalisierte Inhalte zu bieten, wenn Sie unsere Websites besuchen, um den Verkehr auf unserer Website zu messen und zu analysieren, um unsere Dienstleistungen zu verbessern und um gezielte Werbung zu schalten. Weitere Einzelheiten zu diesen Themen sind im Folgenden aufgef\u00fchrt:<\/p><h5>F\u00fcr unsere Werbung<\/h5><p>Wir verwenden die lokale Speicherung von Daten im Zusammenhang mit Werbeaktivit\u00e4ten. Dadurch wissen wir, ob und wie oft der Nutzer eine Werbung oder eine bestimmte Art von Werbung gesehen hat und wie lange es her ist, dass der Nutzer sie gesehen hat.<\/p><p>Wir verwenden die lokale Datenspeicherung auch zur Bildung von Segmenten und Zielgruppen f\u00fcr Marketingzwecke und zur gezielten Werbung.<\/p><h5>Zur Analyse und Verbesserung unserer Dienstleistungen<\/h5><p>Wir verwenden verschiedene Messinstrumente, die uns Statistiken und Analysen in Bezug auf unsere Dienstleistungen liefern. Diese Tools erm\u00f6glichen es uns, den Webbrowser im Laufe der Zeit zu erkennen und herauszufinden, ob der Nutzer die Website schon einmal besucht hat und wenn ja, wie oft. Diese Tools geben uns die M\u00f6glichkeit, uns einen \u00dcberblick dar\u00fcber zu verschaffen, wie viele einzelne Nutzer wir haben und wie sie unsere Dienste nutzen.<\/p><p>Wir verwenden die gesammelten und analysierten Informationen auch, um unsere Dienste weiterzuentwickeln und zu verbessern, z. B. indem wir herausfinden, welche Dienste viel Verkehr erzeugen oder ob ein Dienst optimal funktioniert.<\/p><h5>Bereitstellung und Anpassung von Dienstleistungen an ihre Nutzung<\/h5><p>Die lokale Speicherung von Daten ist erforderlich und notwendig, um Ihnen die Nutzung unserer Dienste zu erm\u00f6glichen, z. B. Informationen \u00fcber Ihre Einstellungen, die uns mitteilen, wie die Dienste in Ihrem Webbrowser dargestellt werden sollen.<\/p><p>Wir nutzen auch die lokale Datenspeicherung, um unsere Dienste so gut wie m\u00f6glich an Ihre Nutzung anzupassen.<\/p><h4>Cookie-Verwaltung<\/h4><p>Sie k\u00f6nnen Cookies deaktivieren oder Ihren Browser so einstellen, dass er Sie benachrichtigt, wenn Sie ein Cookie erhalten.<\/p><p>In den Einstellungen Ihres Webbrowsers wird normalerweise eine Liste aller gespeicherten Cookies angezeigt, damit Sie sich einen \u00dcberblick verschaffen und, falls Sie dies w\u00fcnschen, unerw\u00fcnschte Cookies l\u00f6schen k\u00f6nnen. Normalerweise k\u00f6nnen Sie angeben, dass Sie die Speicherung von Cookies von den von Ihnen besuchten Websites oder von Dritten, die mit diesen Websites verbunden sind, akzeptieren. Sie k\u00f6nnen sich auch daf\u00fcr entscheiden, jedes Mal benachrichtigt zu werden, wenn ein neues Cookie gespeichert wird. Wie Sie dies in den verschiedenen Webbrowsern tun k\u00f6nnen, wird im Folgenden erl\u00e4utert. Ihr Webbrowser speichert Cookies in der Regel in einem bestimmten Ordner auf Ihrer Festplatte, so dass Sie den Inhalt auch im Detail pr\u00fcfen k\u00f6nnen.<\/p><p>Die auf der Website vorhandenen Cookies \u00e4ndern sich jedoch h\u00e4ufig, und nicht alle Cookies sind gleich wichtig. Wenn PLANES MAGICOS, S.L. daher die Verwendung von Tracking-Cookies \u00e4ndert, werden Sie mit einer Nachricht benachrichtigt.<\/p><p>Dar\u00fcber hinaus gibt es Dienste, die speziell entwickelt wurden, um den Nutzern eine aktuelle Liste von Cookies und anderen Tracking-Mechanismen zur Verf\u00fcgung zu stellen.<\/p><p>Bitte beachten Sie, dass Sie bei einer Deaktivierung m\u00f6glicherweise nicht die volle Funktionalit\u00e4t unserer Website nutzen k\u00f6nnen.<\/p><p>Im Folgenden finden Sie einen \u00dcberblick dar\u00fcber, wie lokal gespeicherte Daten in verschiedenen Webbrowsern verwaltet werden k\u00f6nnen. Bitte beachten Sie, dass sich dieser Prozess \u00e4ndern kann und dass die hier gegebenen Beschreibungen m\u00f6glicherweise nicht mehr aktuell sind.<\/p><h5>Cookie-Verwaltung in Google Chrome<\/h5><p><strong>Wie Sie Cookies l\u00f6schen k\u00f6nnen:<\/strong><\/p><ol><li>Gehen Sie im Men\u00fc Ihres Browsers auf Einstellungen.<\/li><li>Klicken Sie auf Erweiterte Einstellungen anzeigen.<\/li><li>Klicken Sie auf Browsing-Daten l\u00f6schen.<\/li><li>W\u00e4hlen Sie aus dem oberen Men\u00fc den Zeitraum aus, f\u00fcr den Sie die Informationen l\u00f6schen m\u00f6chten. Wenn Sie alle Cookies im Browser l\u00f6schen m\u00f6chten, klicken Sie auf Von Zeitquelle.<\/li><li>Lesezeichen-Cookies und andere Website- und Plug-in-Daten.<\/li><li>Klicken Sie auf Browsing-Daten l\u00f6schen.<\/li><li>Schlie\u00dfen Sie das Fenster.<\/li><\/ol><p><strong>Wie Sie die Speicherung von Cookies in Ihrem Webbrowser verhindern k\u00f6nnen:<\/strong><\/p><ol><li>Gehen Sie im Men\u00fc Ihres Browsers auf Einstellungen.<\/li><li>Klicken Sie auf Erweiterte Einstellungen anzeigen und dann auf Inhaltseinstellungen.<\/li><li>W\u00e4hlen Sie unter Cookies Ihre bevorzugte Option. Wenn Sie verhindern m\u00f6chten, dass alle Cookies gespeichert werden, klicken Sie auf Keine Speicherung von Daten von Websites zulassen.<\/li><li>Klicken Sie auf Erledigt.<\/li><li>Schlie\u00dfen Sie das Fenster.<\/li><\/ol><h5>Cookies in Safari verwalten<\/h5><p><strong>Wie Sie Cookies l\u00f6schen k\u00f6nnen:<\/strong><\/p><ol><li>Gehen Sie im Men\u00fc Ihres Browsers auf Pr\u00e4ferenzen.<\/li><li>Klicken Sie auf die Registerkarte Datenschutz.<\/li><li>Klicken Sie auf Alle Websitedaten l\u00f6schen und dann auf L\u00f6schen, um alle Cookies zu l\u00f6schen.<\/li><li>Schlie\u00dfen Sie das Fenster.<\/li><\/ol><p><strong>Wie Sie die Speicherung von Cookies in Ihrem Webbrowser verhindern k\u00f6nnen:<\/strong><\/p><ol><li>Gehen Sie im Men\u00fc Ihres Browsers auf Pr\u00e4ferenzen.<\/li><li>Klicken Sie auf die Registerkarte Datenschutz.<\/li><li>W\u00e4hlen Sie unter Cookies und Website-Daten die gew\u00fcnschte Option. Wenn Sie verhindern m\u00f6chten, dass alle Cookies gespeichert werden, klicken Sie auf Immer blockieren.<\/li><li>Schlie\u00dfen Sie das Fenster.<\/li><\/ol><h5>Cookie-Verwaltung in Mozilla Firefox<\/h5><p><strong>Wie Sie Cookies l\u00f6schen k\u00f6nnen:<\/strong><\/p><ol><li>Gehen Sie im Men\u00fc Ihres Browsers auf Optionen.<\/li><li>Klicken Sie auf die Registerkarte Datenschutz.<\/li><li>Klicken Sie auf Cookies anzeigen.<\/li><li>W\u00e4hlen Sie die Cookies aus, die Sie l\u00f6schen m\u00f6chten, und klicken Sie auf Ausgew\u00e4hlte l\u00f6schen. Klicken Sie auf Alle l\u00f6schen, wenn Sie alle Cookies in Ihrem Webbrowser l\u00f6schen m\u00f6chten.<\/li><li>Schlie\u00dfen Sie das Fenster. Alle von Ihnen vorgenommenen \u00c4nderungen werden automatisch gespeichert.<\/li><\/ol><p><strong>Wie Sie die Speicherung von Cookies in Ihrem Webbrowser verhindern k\u00f6nnen:<\/strong><\/p><ol><li>Gehen Sie im Men\u00fc Ihres Browsers auf Einstellungen.<\/li><li>W\u00e4hlen Sie die Registerkarte Datenschutz.<\/li><li>Klicken Sie unter Verlauf auf Benutzerdefinierte Einstellungen f\u00fcr den Verlauf verwenden.<\/li><li>W\u00e4hlen Sie Ihre bevorzugten Optionen unter Cookies von Websites zulassen. Wenn Sie verhindern m\u00f6chten, dass alle Cookies gespeichert werden, deaktivieren Sie das Kontrollk\u00e4stchen Cookies von Websites akzeptieren.<\/li><li>Schlie\u00dfen Sie das Fenster. Alle von Ihnen vorgenommenen \u00c4nderungen werden automatisch gespeichert.<\/li><\/ol><h5>Verwaltung von Cookies im Internet Explorer<\/h5><p><strong>Wie Sie Cookies l\u00f6schen k\u00f6nnen:<\/strong><\/p><ol><li>Gehen Sie im Men\u00fc Ihres Browsers auf Extras (Zahnradsymbol).<\/li><li>Klicken Sie auf Internet-Eigenschaften.<\/li><li>Klicken Sie auf der Registerkarte Allgemein - Browserverlauf auf L\u00f6schen.<\/li><li>Achten Sie darauf, die Option Cookies und Website-Daten zu aktivieren.<\/li><li>Klicken Sie auf Entfernen.<\/li><li>Klicken Sie auf OK.<\/li><\/ol><p><strong>Wie Sie die Speicherung von Cookies in Ihrem Webbrowser verhindern k\u00f6nnen:<\/strong><\/p><ol><li>Gehen Sie im Men\u00fc Ihres Browsers auf Extras (Zahnradsymbol).<\/li><li>Klicken Sie auf Internetoptionen und dann auf die Registerkarte Datenschutz.<\/li><li>Bewegen Sie den Schieberegler auf die gew\u00fcnschte Stufe. Wenn Sie verhindern m\u00f6chten, dass alle Cookies gespeichert werden, w\u00e4hlen Sie die Stufe Alle Cookies blockieren.<\/li><li>Klicken Sie auf OK.<\/li><\/ol><h5>Cookie-Verwaltung in Opera<\/h5><p><strong>Wie Sie Cookies l\u00f6schen k\u00f6nnen:<\/strong><\/p><ol><li>Gehen Sie im Men\u00fc Ihres Browsers auf Einstellungen.<\/li><li>W\u00e4hlen Sie die Registerkarte Datenschutz und Sicherheit.<\/li><li>Klicken Sie auf \"Cookies\" und dann auf \"Alle Cookies und Website-Daten\".<\/li><li>W\u00e4hlen Sie die Cookies aus, die Sie l\u00f6schen m\u00f6chten, und klicken Sie auf L\u00f6schen. Klicken Sie auf Alle l\u00f6schen, wenn Sie alle Cookies in Ihrem Webbrowser l\u00f6schen m\u00f6chten.<\/li><li>Klicken Sie auf Erledigt.<\/li><li>Schlie\u00dfen Sie das Fenster.<\/li><\/ol><p><strong>Wie Sie die Speicherung von Cookies in Ihrem Webbrowser verhindern k\u00f6nnen:<\/strong><\/p><ol><li>Gehen Sie im Men\u00fc Ihres Browsers auf Einstellungen.<\/li><li>W\u00e4hlen Sie die Registerkarte Datenschutz und Sicherheit.<\/li><li>W\u00e4hlen Sie unter Cookies Ihre bevorzugte Option. Wenn Sie verhindern m\u00f6chten, dass alle Cookies gespeichert werden, klicken Sie auf Keine Speicherung von Daten von Websites zulassen.<\/li><li>Schlie\u00dfen Sie das Fenster.<\/li><\/ol><h4>Kontaktinformationen<\/h4><p>Wenn Sie Fragen zur Nutzung der lokalen Speicherung auf unserer Website haben, wenden Sie sich bitte an folgende Adresse <a rel=\"noreferrer\">FHERRERA@CENTRALANDBASIC.COM<\/a>, mit dem Hinweis \u00abCookies policy\u201d in der Betreffzeile.<\/p>\t\t\t\t\t\t\t\t<\/div>\n\t\t\t\t<\/div>\n\t\t\t\t\t<\/div>\n\t\t\t\t<\/div>\n\t\t\t\t<\/div>","protected":false},"excerpt":{"rendered":"<p>Informaci\u00f3n General de las Cookies La confianza del usuario es importante para nosotros, y por consiguiente, en PLANES MAGICOS, S.L. nos preocupa proteger su privacidad. Un aspecto importante de esto es proporcionarle toda la informaci\u00f3n posible sobre c\u00f3mo utilizamos tus datos de car\u00e1cter personal, incluyendo c\u00f3mo utilizamos el almacenamiento local de datos y tecnolog\u00eda similar. [&hellip;]<\/p>","protected":false},"author":1,"featured_media":0,"parent":0,"menu_order":0,"comment_status":"closed","ping_status":"closed","template":"","meta":{"footnotes":""},"class_list":["post-416","page","type-page","status-publish","hentry"],"yoast_head":"<!-- This site is optimized with the Yoast SEO plugin v26.9 - https:\/\/yoast.com\/product\/yoast-seo-wordpress\/ -->\n<title>Pol\u00edtica de cookies - YOUTH HOSTEL Central and Basic Barcelona<\/title>\n<meta name=\"robots\" content=\"index, follow, max-snippet:-1, max-image-preview:large, max-video-preview:-1\" \/>\n<link rel=\"canonical\" href=\"https:\/\/centralandbasicbarcelona.com\/de\/politica-de-cookies\/\" \/>\n<meta property=\"og:locale\" content=\"de_DE\" \/>\n<meta property=\"og:type\" content=\"article\" \/>\n<meta property=\"og:title\" content=\"Pol\u00edtica de cookies - YOUTH HOSTEL Central and Basic Barcelona\" \/>\n<meta property=\"og:description\" content=\"Informaci\u00f3n General de las Cookies La confianza del usuario es importante para nosotros, y por consiguiente, en PLANES MAGICOS, S.L. nos preocupa proteger su privacidad. Un aspecto importante de esto es proporcionarle toda la informaci\u00f3n posible sobre c\u00f3mo utilizamos tus datos de car\u00e1cter personal, incluyendo c\u00f3mo utilizamos el almacenamiento local de datos y tecnolog\u00eda similar. [&hellip;]\" \/>\n<meta property=\"og:url\" content=\"https:\/\/centralandbasicbarcelona.com\/de\/politica-de-cookies\/\" \/>\n<meta property=\"og:site_name\" content=\"YOUTH HOSTEL Central and Basic Barcelona\" \/>\n<meta property=\"article:modified_time\" content=\"2024-08-05T18:09:43+00:00\" \/>\n<meta name=\"twitter:card\" content=\"summary_large_image\" \/>\n<meta name=\"twitter:label1\" content=\"Gesch\u00e4tzte Lesezeit\" \/>\n\t<meta name=\"twitter:data1\" content=\"8\u00a0Minuten\" \/>\n<script type=\"application\/ld+json\" class=\"yoast-schema-graph\">{\"@context\":\"https:\/\/schema.org\",\"@graph\":[{\"@type\":\"WebPage\",\"@id\":\"https:\/\/centralandbasicbarcelona.com\/politica-de-cookies\/\",\"url\":\"https:\/\/centralandbasicbarcelona.com\/politica-de-cookies\/\",\"name\":\"Pol\u00edtica de cookies - YOUTH HOSTEL Central and Basic Barcelona\",\"isPartOf\":{\"@id\":\"https:\/\/centralandbasicbarcelona.com\/en\/#website\"},\"datePublished\":\"2024-08-05T18:09:03+00:00\",\"dateModified\":\"2024-08-05T18:09:43+00:00\",\"breadcrumb\":{\"@id\":\"https:\/\/centralandbasicbarcelona.com\/politica-de-cookies\/#breadcrumb\"},\"inLanguage\":\"de\",\"potentialAction\":[{\"@type\":\"ReadAction\",\"target\":[\"https:\/\/centralandbasicbarcelona.com\/politica-de-cookies\/\"]}]},{\"@type\":\"BreadcrumbList\",\"@id\":\"https:\/\/centralandbasicbarcelona.com\/politica-de-cookies\/#breadcrumb\",\"itemListElement\":[{\"@type\":\"ListItem\",\"position\":1,\"name\":\"Portada\",\"item\":\"https:\/\/centralandbasicbarcelona.com\/\"},{\"@type\":\"ListItem\",\"position\":2,\"name\":\"Pol\u00edtica de cookies\"}]},{\"@type\":\"WebSite\",\"@id\":\"https:\/\/centralandbasicbarcelona.com\/en\/#website\",\"url\":\"https:\/\/centralandbasicbarcelona.com\/en\/\",\"name\":\"Central and Basic - Hotel Barcelona\",\"description\":\"\",\"publisher\":{\"@id\":\"https:\/\/centralandbasicbarcelona.com\/en\/#organization\"},\"potentialAction\":[{\"@type\":\"SearchAction\",\"target\":{\"@type\":\"EntryPoint\",\"urlTemplate\":\"https:\/\/centralandbasicbarcelona.com\/en\/?s={search_term_string}\"},\"query-input\":{\"@type\":\"PropertyValueSpecification\",\"valueRequired\":true,\"valueName\":\"search_term_string\"}}],\"inLanguage\":\"de\"},{\"@type\":\"Organization\",\"@id\":\"https:\/\/centralandbasicbarcelona.com\/en\/#organization\",\"name\":\"Central and Basic - Hotel Barcelona\",\"url\":\"https:\/\/centralandbasicbarcelona.com\/en\/\",\"logo\":{\"@type\":\"ImageObject\",\"inLanguage\":\"de\",\"@id\":\"https:\/\/centralandbasicbarcelona.com\/en\/#\/schema\/logo\/image\/\",\"url\":\"https:\/\/centralandbasicbarcelona.com\/wp-content\/uploads\/2025\/10\/central-and-basics-logo.png\",\"contentUrl\":\"https:\/\/centralandbasicbarcelona.com\/wp-content\/uploads\/2025\/10\/central-and-basics-logo.png\",\"width\":208,\"height\":80,\"caption\":\"Central and Basic - Hotel Barcelona\"},\"image\":{\"@id\":\"https:\/\/centralandbasicbarcelona.com\/en\/#\/schema\/logo\/image\/\"}}]}<\/script>\n<!-- \/ Yoast SEO plugin. -->","yoast_head_json":{"title":"Pol\u00edtica de cookies - YOUTH HOSTEL Central and Basic Barcelona","robots":{"index":"index","follow":"follow","max-snippet":"max-snippet:-1","max-image-preview":"max-image-preview:large","max-video-preview":"max-video-preview:-1"},"canonical":"https:\/\/centralandbasicbarcelona.com\/de\/politica-de-cookies\/","og_locale":"de_DE","og_type":"article","og_title":"Pol\u00edtica de cookies - YOUTH HOSTEL Central and Basic Barcelona","og_description":"Informaci\u00f3n General de las Cookies La confianza del usuario es importante para nosotros, y por consiguiente, en PLANES MAGICOS, S.L. nos preocupa proteger su privacidad. Un aspecto importante de esto es proporcionarle toda la informaci\u00f3n posible sobre c\u00f3mo utilizamos tus datos de car\u00e1cter personal, incluyendo c\u00f3mo utilizamos el almacenamiento local de datos y tecnolog\u00eda similar. [&hellip;]","og_url":"https:\/\/centralandbasicbarcelona.com\/de\/politica-de-cookies\/","og_site_name":"YOUTH HOSTEL Central and Basic Barcelona","article_modified_time":"2024-08-05T18:09:43+00:00","twitter_card":"summary_large_image","twitter_misc":{"Gesch\u00e4tzte Lesezeit":"8\u00a0Minuten"},"schema":{"@context":"https:\/\/schema.org","@graph":[{"@type":"WebPage","@id":"https:\/\/centralandbasicbarcelona.com\/politica-de-cookies\/","url":"https:\/\/centralandbasicbarcelona.com\/politica-de-cookies\/","name":"Pol\u00edtica de cookies - YOUTH HOSTEL Central and Basic Barcelona","isPartOf":{"@id":"https:\/\/centralandbasicbarcelona.com\/en\/#website"},"datePublished":"2024-08-05T18:09:03+00:00","dateModified":"2024-08-05T18:09:43+00:00","breadcrumb":{"@id":"https:\/\/centralandbasicbarcelona.com\/politica-de-cookies\/#breadcrumb"},"inLanguage":"de","potentialAction":[{"@type":"ReadAction","target":["https:\/\/centralandbasicbarcelona.com\/politica-de-cookies\/"]}]},{"@type":"BreadcrumbList","@id":"https:\/\/centralandbasicbarcelona.com\/politica-de-cookies\/#breadcrumb","itemListElement":[{"@type":"ListItem","position":1,"name":"Portada","item":"https:\/\/centralandbasicbarcelona.com\/"},{"@type":"ListItem","position":2,"name":"Pol\u00edtica de cookies"}]},{"@type":"WebSite","@id":"https:\/\/centralandbasicbarcelona.com\/en\/#website","url":"https:\/\/centralandbasicbarcelona.com\/en\/","name":"Zentral und einfach - Hotel Barcelona","description":"","publisher":{"@id":"https:\/\/centralandbasicbarcelona.com\/en\/#organization"},"potentialAction":[{"@type":"SearchAction","target":{"@type":"EntryPoint","urlTemplate":"https:\/\/centralandbasicbarcelona.com\/en\/?s={search_term_string}"},"query-input":{"@type":"PropertyValueSpecification","valueRequired":true,"valueName":"search_term_string"}}],"inLanguage":"de"},{"@type":"Organization","@id":"https:\/\/centralandbasicbarcelona.com\/en\/#organization","name":"Zentral und einfach - Hotel Barcelona","url":"https:\/\/centralandbasicbarcelona.com\/en\/","logo":{"@type":"ImageObject","inLanguage":"de","@id":"https:\/\/centralandbasicbarcelona.com\/en\/#\/schema\/logo\/image\/","url":"https:\/\/centralandbasicbarcelona.com\/wp-content\/uploads\/2025\/10\/central-and-basics-logo.png","contentUrl":"https:\/\/centralandbasicbarcelona.com\/wp-content\/uploads\/2025\/10\/central-and-basics-logo.png","width":208,"height":80,"caption":"Central and Basic - Hotel Barcelona"},"image":{"@id":"https:\/\/centralandbasicbarcelona.com\/en\/#\/schema\/logo\/image\/"}}]}},"_links":{"self":[{"href":"https:\/\/centralandbasicbarcelona.com\/de\/wp-json\/wp\/v2\/pages\/416","targetHints":{"allow":["GET"]}}],"collection":[{"href":"https:\/\/centralandbasicbarcelona.com\/de\/wp-json\/wp\/v2\/pages"}],"about":[{"href":"https:\/\/centralandbasicbarcelona.com\/de\/wp-json\/wp\/v2\/types\/page"}],"author":[{"embeddable":true,"href":"https:\/\/centralandbasicbarcelona.com\/de\/wp-json\/wp\/v2\/users\/1"}],"replies":[{"embeddable":true,"href":"https:\/\/centralandbasicbarcelona.com\/de\/wp-json\/wp\/v2\/comments?post=416"}],"version-history":[{"count":4,"href":"https:\/\/centralandbasicbarcelona.com\/de\/wp-json\/wp\/v2\/pages\/416\/revisions"}],"predecessor-version":[{"id":420,"href":"https:\/\/centralandbasicbarcelona.com\/de\/wp-json\/wp\/v2\/pages\/416\/revisions\/420"}],"wp:attachment":[{"href":"https:\/\/centralandbasicbarcelona.com\/de\/wp-json\/wp\/v2\/media?parent=416"}],"curies":[{"name":"wp","href":"https:\/\/api.w.org\/{rel}","templated":true}]}}