{"id":401,"date":"2024-08-05T18:01:15","date_gmt":"2024-08-05T18:01:15","guid":{"rendered":"https:\/\/centralandbasicbarcelona.com\/?page_id=401"},"modified":"2025-12-03T10:24:42","modified_gmt":"2025-12-03T10:24:42","slug":"politicas-de-privacidad","status":"publish","type":"page","link":"https:\/\/centralandbasicbarcelona.com\/de\/politicas-de-privacidad\/","title":{"rendered":"Datenschutzbestimmungen"},"content":{"rendered":"<div data-elementor-type=\"wp-page\" data-elementor-id=\"401\" class=\"elementor elementor-401\" data-elementor-post-type=\"page\">\n\t\t\t\t<div class=\"elementor-element elementor-element-985fb5e e-flex e-con-boxed e-con e-parent\" data-id=\"985fb5e\" data-element_type=\"container\" data-e-type=\"container\">\n\t\t\t\t\t<div class=\"e-con-inner\">\n\t\t\t\t<div class=\"elementor-element elementor-element-03d4117 elementor-widget elementor-widget-text-editor\" data-id=\"03d4117\" data-element_type=\"widget\" data-e-type=\"widget\" data-widget_type=\"text-editor.default\">\n\t\t\t\t<div class=\"elementor-widget-container\">\n\t\t\t\t\t\t\t\t\t<h3>Informationen zum Datenschutz<\/h3>\n<h4>Daten \u00fcber die verantwortliche Person<\/h4>\n<p><strong>Verantwortlich f\u00fcr die Behandlung<\/strong><\/p>\n<ul>\n<li><strong>Entit\u00e4t<\/strong>: PLANES MAGICOS, S.L.<\/li>\n<li><strong>Mehrwertsteuernummer der Einrichtung<\/strong>: B67123976<\/li>\n<li><strong>Adresse der Einrichtung<\/strong>: CALLE GUARDIA, 13, 3 - (08001) BARCELONA<\/li>\n<li><strong>E-Mail der Einrichtung<\/strong>: <a rel=\"noreferrer\">info@centralandbasic.com<\/a><\/li>\n<li><strong>Verantwortlicher f\u00fcr die Datenverarbeitung<\/strong>FRANCISCO HERRERA VILLEGAS<\/li>\n<li><strong>Telefonnummer des f\u00fcr die Verarbeitung Verantwortlichen<\/strong>: 646900465<\/li>\n<li><strong>E-Mail-Adresse des f\u00fcr die Verarbeitung Verantwortlichen<\/strong>: <a rel=\"noreferrer\">info@centralandbasic.com<\/a><\/li>\n<\/ul>\n<h4>Verwendungszwecke<\/h4>\n<p>In \u00dcbereinstimmung mit den Bestimmungen der Europ\u00e4ischen Verordnung 2016\/679 \u00fcber den allgemeinen Datenschutz und dem Organgesetz 3\/2018 \u00fcber den Schutz personenbezogener Daten und die Gew\u00e4hrleistung digitaler Rechte informieren wir Sie dar\u00fcber, dass PLANES MAGICOS, S.L. die von Ihnen zur Verf\u00fcgung gestellten Daten je nach der Beziehung, die Sie mit uns haben, f\u00fcr einen oder alle der folgenden Zwecke verarbeitet:<\/p>\n<ul>\n<li>Versenden von kommerziellen Informationen des Unternehmens per Post, E-Mail oder auf anderem Wege.<\/li>\n<li>Informationen aus Cookies.<\/li>\n<li>Reservierungen.<\/li>\n<\/ul>\n<h4>Dauer der Datenspeicherung<\/h4>\n<p>Ihre Daten werden f\u00fcr einen unbestimmten Zeitraum gespeichert. Wenn Sie eine vorzeitige L\u00f6schung w\u00fcnschen, fordern Sie diese bitte an, indem Sie von Ihrem Recht auf L\u00f6schung Gebrauch machen. Dar\u00fcber hinaus werden Daten, die aus rechtlichen Gr\u00fcnden f\u00fcr einen Zeitraum aufbewahrt werden m\u00fcssen, der zur Einhaltung bestimmter Vorschriften erforderlich ist, gesperrt und nur der zust\u00e4ndigen Beh\u00f6rde zur Verf\u00fcgung gestellt.<\/p>\n<h4>Legitimation<\/h4>\n<p>Die Rechtsgrundlage f\u00fcr die Verarbeitung Ihrer Daten liegt in:<\/p>\n<ul>\n<li>Unzweideutige Zustimmung.<\/li>\n<\/ul>\n<h4>Adressaten<\/h4>\n<p>Ihre personenbezogenen Daten werden in den folgenden F\u00e4llen an Dritte weitergegeben:<\/p>\n<ul>\n<li>Unternehmen f\u00fcr die Wartung von Computerhardware und -software.<\/li>\n<\/ul>\n<h4>Rechte<\/h4>\n<p>Sie haben das Recht, eine Best\u00e4tigung dar\u00fcber zu erhalten, ob PLANES MAGICOS, S.L. Sie betreffende personenbezogene Daten verarbeitet oder nicht.<\/p>\n<p>Sie haben auch das Recht auf Zugang zu Ihren pers\u00f6nlichen Daten sowie das Recht, die <strong>Nachbesserung<\/strong> \u00fcber die unrichtigen Daten zu informieren oder gegebenenfalls deren L\u00f6schung zu verlangen. <strong>L\u00f6schung<\/strong> wenn die Daten u.a. f\u00fcr die Zwecke, f\u00fcr die sie erhoben wurden, nicht mehr erforderlich sind.<\/p>\n<p>Unter bestimmten Umst\u00e4nden kann sie die <strong>Einschr\u00e4nkung der Verarbeitung<\/strong> In diesem Fall werden wir Ihre Daten nur zum Zwecke der Geltendmachung oder Abwehr von Anspr\u00fcchen aufbewahren.<\/p>\n<p>Dar\u00fcber hinaus k\u00f6nnen wir unter bestimmten Umst\u00e4nden und aus Gr\u00fcnden, die mit Ihrer besonderen Situation zusammenh\u00e4ngen, von unserem Recht Gebrauch machen <strong>Opposition<\/strong> der Verarbeitung Ihrer Daten zu widersprechen. PLANES MAGICOS, S.L. wird die Verarbeitung der Daten einstellen, es sei denn, es liegen zwingende legitime Gr\u00fcnde vor oder es geht um die Geltendmachung oder Verteidigung etwaiger Anspr\u00fcche.<\/p>\n<p>Sie kann auch das Recht aus\u00fcben <strong>Tragbarkeit<\/strong> der Daten sowie die M\u00f6glichkeit, die erteilten Einwilligungen jederzeit zu widerrufen, ohne dass die Rechtm\u00e4\u00dfigkeit der auf der Einwilligung beruhenden Verarbeitung vor deren Widerruf ber\u00fchrt wird.<\/p>\n<p>Wenn Sie eines Ihrer Rechte aus\u00fcben m\u00f6chten, k\u00f6nnen Sie dies \u00fcber die unten angegebenen Links tun:<\/p>\n<ul>\n<li>Zur Aus\u00fcbung Ihres Rechts auf <strong>Zugang<\/strong> hier klicken <a href=\"https:\/\/intranet.laboralrgpd.com\/webApp\/clientes_derechos\/derechos-formulario.php?id_cliente=SlAydFpDVVNyZ3R0ZHJ1M1FtR3pjdz09\">hier.<\/a><\/li>\n<li>Zur Aus\u00fcbung Ihres Rechts auf <strong>Berichtigung<\/strong> hier klicken <a href=\"https:\/\/intranet.laboralrgpd.com\/webApp\/clientes_derechos\/derechos-formulario.php?id_cliente=SlAydFpDVVNyZ3R0ZHJ1M1FtR3pjdz09\" rel=\"noreferrer\">hier<\/a>.<\/li>\n<li>Zur Aus\u00fcbung Ihres Rechts auf <strong>L\u00f6schung (Oblivion)<\/strong> hier klicken <a href=\"https:\/\/intranet.laboralrgpd.com\/webApp\/clientes_derechos\/derechos-formulario.php?id_cliente=SlAydFpDVVNyZ3R0ZHJ1M1FtR3pjdz09\" rel=\"noreferrer\">hier<\/a>.<\/li>\n<li>Zur Aus\u00fcbung Ihres Rechts auf <strong>Behandlung Beschr\u00e4nkung<\/strong> hier klicken <a href=\"https:\/\/intranet.laboralrgpd.com\/webApp\/clientes_derechos\/derechos-formulario.php?id_cliente=SlAydFpDVVNyZ3R0ZHJ1M1FtR3pjdz09\" rel=\"noreferrer\">hier<\/a>.<\/li>\n<li>Zur Aus\u00fcbung Ihres Rechts auf <strong>Opposition<\/strong> hier klicken <a href=\"https:\/\/intranet.laboralrgpd.com\/webApp\/clientes_derechos\/derechos-formulario.php?id_cliente=SlAydFpDVVNyZ3R0ZHJ1M1FtR3pjdz09\" rel=\"noreferrer\">hier<\/a>.<\/li>\n<li>Zur Aus\u00fcbung Ihres Rechts auf <strong>Tragbarkeit<\/strong> hier klicken <a href=\"https:\/\/intranet.laboralrgpd.com\/webApp\/clientes_derechos\/derechos-formulario.php?id_cliente=SlAydFpDVVNyZ3R0ZHJ1M1FtR3pjdz09\" rel=\"noreferrer\">hier<\/a>.<\/li>\n<\/ul>\n<p>Alternativ k\u00f6nnen Sie sich auch per Post an folgende Adresse wenden: CALLE GUARDIA, 13, 3 - (08001) BARCELONA. Legen Sie eine Kopie Ihres Personalausweises bei, um Ihre Identit\u00e4t sicherzustellen. Vergessen Sie nicht, so viele Informationen wie m\u00f6glich \u00fcber Ihre Anfrage anzugeben: Vor- und Nachname, E-Mail-Adresse, die Sie f\u00fcr das Konto oder Portal verwenden, das Gegenstand Ihrer Anfrage ist.<\/p>\n<p>Schlie\u00dflich informieren wir Sie dar\u00fcber, dass Sie sich bei allen Anspr\u00fcchen, die sich aus der Verarbeitung Ihrer personenbezogenen Daten ergeben, an die spanische Datenschutzbeh\u00f6rde und andere zust\u00e4ndige \u00f6ffentliche Stellen wenden k\u00f6nnen.<\/p>\n<h4>Cookies-Politik<\/h4>\n<p>Wenn Sie sich \u00fcber die Cookies informieren m\u00f6chten, die wir auf unserer Website verwenden, gehen Sie bitte auf unsere Website <a href=\"https:\/\/intranet.laboralrgpd.com\/politicaCookies\/index.php?sid=SlAydFpDVVNyZ3R0ZHJ1M1FtR3pjdz09\" rel=\"noreferrer\">Cookie-Richtlinie<\/a>.<\/p>\t\t\t\t\t\t\t\t<\/div>\n\t\t\t\t<\/div>\n\t\t\t\t\t<\/div>\n\t\t\t\t<\/div>\n\t\t\t\t<\/div>","protected":false},"excerpt":{"rendered":"<p>Informaci\u00f3n sobre Protecci\u00f3n de Datos Datos relativos al Responsable Responsable Tratamiento Entidad: PLANES MAGICOS, S.L. CIF de la entidad: B67123976 Direcci\u00f3n de la entidad: CALLE GUARDIA, 13, 3 &#8211; (08001) BARCELONA Email de la entidad: info@centralandbasic.com Responsable del tratamiento: FRANCISCO HERRERA VILLEGAS Tel\u00e9fono del Responsable del tratamiento: 646900465 Direcci\u00f3n email del Responsable del tratamiento: info@centralandbasic.com [&hellip;]<\/p>","protected":false},"author":1,"featured_media":0,"parent":0,"menu_order":0,"comment_status":"closed","ping_status":"closed","template":"","meta":{"footnotes":""},"class_list":["post-401","page","type-page","status-publish","hentry"],"yoast_head":"<!-- This site is optimized with the Yoast SEO plugin v26.9 - https:\/\/yoast.com\/product\/yoast-seo-wordpress\/ -->\n<title>Pol\u00edticas de privacidad - YOUTH HOSTEL Central and Basic Barcelona<\/title>\n<meta name=\"robots\" content=\"index, follow, max-snippet:-1, max-image-preview:large, max-video-preview:-1\" \/>\n<link rel=\"canonical\" href=\"https:\/\/centralandbasicbarcelona.com\/de\/politicas-de-privacidad\/\" \/>\n<meta property=\"og:locale\" content=\"de_DE\" \/>\n<meta property=\"og:type\" content=\"article\" \/>\n<meta property=\"og:title\" content=\"Pol\u00edticas de privacidad - YOUTH HOSTEL Central and Basic Barcelona\" \/>\n<meta property=\"og:description\" content=\"Informaci\u00f3n sobre Protecci\u00f3n de Datos Datos relativos al Responsable Responsable Tratamiento Entidad: PLANES MAGICOS, S.L. CIF de la entidad: B67123976 Direcci\u00f3n de la entidad: CALLE GUARDIA, 13, 3 &#8211; (08001) BARCELONA Email de la entidad: info@centralandbasic.com Responsable del tratamiento: FRANCISCO HERRERA VILLEGAS Tel\u00e9fono del Responsable del tratamiento: 646900465 Direcci\u00f3n email del Responsable del tratamiento: info@centralandbasic.com [&hellip;]\" \/>\n<meta property=\"og:url\" content=\"https:\/\/centralandbasicbarcelona.com\/de\/politicas-de-privacidad\/\" \/>\n<meta property=\"og:site_name\" content=\"YOUTH HOSTEL Central and Basic Barcelona\" \/>\n<meta property=\"article:modified_time\" content=\"2025-12-03T10:24:42+00:00\" \/>\n<meta name=\"twitter:card\" content=\"summary_large_image\" \/>\n<meta name=\"twitter:label1\" content=\"Gesch\u00e4tzte Lesezeit\" \/>\n\t<meta name=\"twitter:data1\" content=\"3\u00a0Minuten\" \/>\n<script type=\"application\/ld+json\" class=\"yoast-schema-graph\">{\"@context\":\"https:\/\/schema.org\",\"@graph\":[{\"@type\":\"WebPage\",\"@id\":\"https:\/\/centralandbasicbarcelona.com\/politicas-de-privacidad\/\",\"url\":\"https:\/\/centralandbasicbarcelona.com\/politicas-de-privacidad\/\",\"name\":\"Pol\u00edticas de privacidad - YOUTH HOSTEL Central and Basic Barcelona\",\"isPartOf\":{\"@id\":\"https:\/\/centralandbasicbarcelona.com\/en\/#website\"},\"datePublished\":\"2024-08-05T18:01:15+00:00\",\"dateModified\":\"2025-12-03T10:24:42+00:00\",\"breadcrumb\":{\"@id\":\"https:\/\/centralandbasicbarcelona.com\/politicas-de-privacidad\/#breadcrumb\"},\"inLanguage\":\"de\",\"potentialAction\":[{\"@type\":\"ReadAction\",\"target\":[\"https:\/\/centralandbasicbarcelona.com\/politicas-de-privacidad\/\"]}]},{\"@type\":\"BreadcrumbList\",\"@id\":\"https:\/\/centralandbasicbarcelona.com\/politicas-de-privacidad\/#breadcrumb\",\"itemListElement\":[{\"@type\":\"ListItem\",\"position\":1,\"name\":\"Portada\",\"item\":\"https:\/\/centralandbasicbarcelona.com\/\"},{\"@type\":\"ListItem\",\"position\":2,\"name\":\"Pol\u00edticas de privacidad\"}]},{\"@type\":\"WebSite\",\"@id\":\"https:\/\/centralandbasicbarcelona.com\/en\/#website\",\"url\":\"https:\/\/centralandbasicbarcelona.com\/en\/\",\"name\":\"Central and Basic - Hotel Barcelona\",\"description\":\"\",\"publisher\":{\"@id\":\"https:\/\/centralandbasicbarcelona.com\/en\/#organization\"},\"potentialAction\":[{\"@type\":\"SearchAction\",\"target\":{\"@type\":\"EntryPoint\",\"urlTemplate\":\"https:\/\/centralandbasicbarcelona.com\/en\/?s={search_term_string}\"},\"query-input\":{\"@type\":\"PropertyValueSpecification\",\"valueRequired\":true,\"valueName\":\"search_term_string\"}}],\"inLanguage\":\"de\"},{\"@type\":\"Organization\",\"@id\":\"https:\/\/centralandbasicbarcelona.com\/en\/#organization\",\"name\":\"Central and Basic - Hotel Barcelona\",\"url\":\"https:\/\/centralandbasicbarcelona.com\/en\/\",\"logo\":{\"@type\":\"ImageObject\",\"inLanguage\":\"de\",\"@id\":\"https:\/\/centralandbasicbarcelona.com\/en\/#\/schema\/logo\/image\/\",\"url\":\"https:\/\/centralandbasicbarcelona.com\/wp-content\/uploads\/2025\/10\/central-and-basics-logo.png\",\"contentUrl\":\"https:\/\/centralandbasicbarcelona.com\/wp-content\/uploads\/2025\/10\/central-and-basics-logo.png\",\"width\":208,\"height\":80,\"caption\":\"Central and Basic - Hotel Barcelona\"},\"image\":{\"@id\":\"https:\/\/centralandbasicbarcelona.com\/en\/#\/schema\/logo\/image\/\"}}]}<\/script>\n<!-- \/ Yoast SEO plugin. -->","yoast_head_json":{"title":"Pol\u00edticas de privacidad - YOUTH HOSTEL Central and Basic Barcelona","robots":{"index":"index","follow":"follow","max-snippet":"max-snippet:-1","max-image-preview":"max-image-preview:large","max-video-preview":"max-video-preview:-1"},"canonical":"https:\/\/centralandbasicbarcelona.com\/de\/politicas-de-privacidad\/","og_locale":"de_DE","og_type":"article","og_title":"Pol\u00edticas de privacidad - YOUTH HOSTEL Central and Basic Barcelona","og_description":"Informaci\u00f3n sobre Protecci\u00f3n de Datos Datos relativos al Responsable Responsable Tratamiento Entidad: PLANES MAGICOS, S.L. CIF de la entidad: B67123976 Direcci\u00f3n de la entidad: CALLE GUARDIA, 13, 3 &#8211; (08001) BARCELONA Email de la entidad: info@centralandbasic.com Responsable del tratamiento: FRANCISCO HERRERA VILLEGAS Tel\u00e9fono del Responsable del tratamiento: 646900465 Direcci\u00f3n email del Responsable del tratamiento: info@centralandbasic.com [&hellip;]","og_url":"https:\/\/centralandbasicbarcelona.com\/de\/politicas-de-privacidad\/","og_site_name":"YOUTH HOSTEL Central and Basic Barcelona","article_modified_time":"2025-12-03T10:24:42+00:00","twitter_card":"summary_large_image","twitter_misc":{"Gesch\u00e4tzte Lesezeit":"3\u00a0Minuten"},"schema":{"@context":"https:\/\/schema.org","@graph":[{"@type":"WebPage","@id":"https:\/\/centralandbasicbarcelona.com\/politicas-de-privacidad\/","url":"https:\/\/centralandbasicbarcelona.com\/politicas-de-privacidad\/","name":"Pol\u00edticas de privacidad - YOUTH HOSTEL Central and Basic Barcelona","isPartOf":{"@id":"https:\/\/centralandbasicbarcelona.com\/en\/#website"},"datePublished":"2024-08-05T18:01:15+00:00","dateModified":"2025-12-03T10:24:42+00:00","breadcrumb":{"@id":"https:\/\/centralandbasicbarcelona.com\/politicas-de-privacidad\/#breadcrumb"},"inLanguage":"de","potentialAction":[{"@type":"ReadAction","target":["https:\/\/centralandbasicbarcelona.com\/politicas-de-privacidad\/"]}]},{"@type":"BreadcrumbList","@id":"https:\/\/centralandbasicbarcelona.com\/politicas-de-privacidad\/#breadcrumb","itemListElement":[{"@type":"ListItem","position":1,"name":"Portada","item":"https:\/\/centralandbasicbarcelona.com\/"},{"@type":"ListItem","position":2,"name":"Pol\u00edticas de privacidad"}]},{"@type":"WebSite","@id":"https:\/\/centralandbasicbarcelona.com\/en\/#website","url":"https:\/\/centralandbasicbarcelona.com\/en\/","name":"Zentral und einfach - Hotel Barcelona","description":"","publisher":{"@id":"https:\/\/centralandbasicbarcelona.com\/en\/#organization"},"potentialAction":[{"@type":"SearchAction","target":{"@type":"EntryPoint","urlTemplate":"https:\/\/centralandbasicbarcelona.com\/en\/?s={search_term_string}"},"query-input":{"@type":"PropertyValueSpecification","valueRequired":true,"valueName":"search_term_string"}}],"inLanguage":"de"},{"@type":"Organization","@id":"https:\/\/centralandbasicbarcelona.com\/en\/#organization","name":"Zentral und einfach - Hotel Barcelona","url":"https:\/\/centralandbasicbarcelona.com\/en\/","logo":{"@type":"ImageObject","inLanguage":"de","@id":"https:\/\/centralandbasicbarcelona.com\/en\/#\/schema\/logo\/image\/","url":"https:\/\/centralandbasicbarcelona.com\/wp-content\/uploads\/2025\/10\/central-and-basics-logo.png","contentUrl":"https:\/\/centralandbasicbarcelona.com\/wp-content\/uploads\/2025\/10\/central-and-basics-logo.png","width":208,"height":80,"caption":"Central and Basic - Hotel Barcelona"},"image":{"@id":"https:\/\/centralandbasicbarcelona.com\/en\/#\/schema\/logo\/image\/"}}]}},"_links":{"self":[{"href":"https:\/\/centralandbasicbarcelona.com\/de\/wp-json\/wp\/v2\/pages\/401","targetHints":{"allow":["GET"]}}],"collection":[{"href":"https:\/\/centralandbasicbarcelona.com\/de\/wp-json\/wp\/v2\/pages"}],"about":[{"href":"https:\/\/centralandbasicbarcelona.com\/de\/wp-json\/wp\/v2\/types\/page"}],"author":[{"embeddable":true,"href":"https:\/\/centralandbasicbarcelona.com\/de\/wp-json\/wp\/v2\/users\/1"}],"replies":[{"embeddable":true,"href":"https:\/\/centralandbasicbarcelona.com\/de\/wp-json\/wp\/v2\/comments?post=401"}],"version-history":[{"count":16,"href":"https:\/\/centralandbasicbarcelona.com\/de\/wp-json\/wp\/v2\/pages\/401\/revisions"}],"predecessor-version":[{"id":1026,"href":"https:\/\/centralandbasicbarcelona.com\/de\/wp-json\/wp\/v2\/pages\/401\/revisions\/1026"}],"wp:attachment":[{"href":"https:\/\/centralandbasicbarcelona.com\/de\/wp-json\/wp\/v2\/media?parent=401"}],"curies":[{"name":"wp","href":"https:\/\/api.w.org\/{rel}","templated":true}]}}