{"id":396,"date":"2024-08-05T17:58:17","date_gmt":"2024-08-05T17:58:17","guid":{"rendered":"https:\/\/centralandbasicbarcelona.com\/?page_id=396"},"modified":"2024-08-05T17:59:49","modified_gmt":"2024-08-05T17:59:49","slug":"aviso-legal","status":"publish","type":"page","link":"https:\/\/centralandbasicbarcelona.com\/de\/aviso-legal\/","title":{"rendered":"Rechtlicher Hinweis"},"content":{"rendered":"<div data-elementor-type=\"wp-page\" data-elementor-id=\"396\" class=\"elementor elementor-396\" data-elementor-post-type=\"page\">\n\t\t\t\t<div class=\"elementor-element elementor-element-679c7d4 e-flex e-con-boxed e-con e-parent\" data-id=\"679c7d4\" data-element_type=\"container\" data-e-type=\"container\">\n\t\t\t\t\t<div class=\"e-con-inner\">\n\t\t\t\t<div class=\"elementor-element elementor-element-41e62df elementor-widget elementor-widget-text-editor\" data-id=\"41e62df\" data-element_type=\"widget\" data-e-type=\"widget\" data-widget_type=\"text-editor.default\">\n\t\t\t\t<div class=\"elementor-widget-container\">\n\t\t\t\t\t\t\t\t\t<h1>RECHTLICHER HINWEIS<\/h1><ol><li style=\"list-style-type: none;\"><ol><li><strong>Zweck und Akzeptanz<\/strong><\/li><\/ol><\/li><\/ol><p>Dieser rechtliche Hinweis regelt die Nutzung unserer Website, die Eigentum und betrieben wird von\u00a0<strong>PLANES MAGICOS, S.L.<\/strong>\u00a0. Ein Blick auf die Website von\u00a0<strong>PLANES MAGICOS, S.L.<\/strong>\u00a0ist die Bedingung f\u00fcr die Nutzung derselben und impliziert die vollst\u00e4ndige und vorbehaltlose Annahme aller in diesem rechtlichen Hinweis enthaltenen Bestimmungen, die \u00c4nderungen unterliegen k\u00f6nnen. Sie verpflichten sich zu einer korrekten Nutzung der Website in \u00dcbereinstimmung mit den Gesetzen, Treu und Glauben, der \u00f6ffentlichen Ordnung, dem Verkehr und den vorliegenden rechtlichen Hinweisen.\u00a0<strong>Rechtlicher Hinweis<\/strong>. Sie werden verantwortlich sein f\u00fcr\u00a0<strong>PLANES MAGICOS, S.L.<\/strong>\u00a0oder gegen\u00fcber Dritten f\u00fcr alle Sch\u00e4den, die durch die Nichteinhaltung dieser Verpflichtung entstehen k\u00f6nnen.<\/p><ol><li style=\"list-style-type: none;\"><ol><li><strong>Identifizierung und Kommunikation<\/strong><\/li><\/ol><\/li><\/ol><p><strong>PLANES MAGICOS, S.L.<\/strong>, in \u00dcbereinstimmung mit dem Gesetz 34\/2002 vom 11. Juli \u00fcber die Dienste der Informationsgesellschaft und den elektronischen Gesch\u00e4ftsverkehr, informiert Sie hiermit, dass:<\/p><ol><li style=\"list-style-type: none;\"><ol><li style=\"list-style-type: none;\"><ul><li>Der Name des Unternehmens lautet:\u00a0<strong>PLANES MAGICOS, S.L.<\/strong><\/li><li>Ihre Umsatzsteuer-Identifikationsnummer lautet:\u00a0<strong>B67123976<\/strong><\/li><li>Sein eingetragener Sitz ist in:\u00a0<strong>CALLE GUARDIA, 13, 3 - (08001) BARCELONA<\/strong><\/li><li>Eintragung in das Handelsregister :<\/li><\/ul><\/li><\/ol><\/li><\/ol><p>Um mit uns in Kontakt zu treten, stellen wir Ihnen verschiedene Kontaktm\u00f6glichkeiten zur Verf\u00fcgung, die in der\u00a0<strong>Datenschutzbestimmungen<\/strong>.<\/p><p>Alle Benachrichtigungen und Mitteilungen, die Sie an\u00a0<strong>PLANES MAGICOS, S.L.<\/strong>\u00a0gelten f\u00fcr alle Zwecke als wirksam, sofern sie auf die oben genannte Weise erfolgen<\/p><ol><li style=\"list-style-type: none;\"><ol><li><strong>Bedingungen f\u00fcr Zugang und Nutzung<\/strong><\/li><\/ol><\/li><\/ol><p>Die Website und ihre Dienste sind jedoch frei zug\u00e4nglich,\u00a0<strong>PLANES MAGICOS, S.L.<\/strong>\u00a0macht die Nutzung einiger der auf seiner Website angebotenen Dienste von der vorherigen Ausf\u00fcllung des entsprechenden Formulars abh\u00e4ngig.<\/p><p>Sie garantieren die Authentizit\u00e4t und Aktualit\u00e4t aller Daten, die Sie an\u00a0<strong>PLANES MAGICOS, S.L.<\/strong>\u00a0und tr\u00e4gt die alleinige Verantwortung f\u00fcr falsche oder ungenaue Angaben.<\/p><p>Sie erkl\u00e4ren sich ausdr\u00fccklich damit einverstanden, die Inhalte und Dienste von EL\u00a0<strong>PLANES MAGICOS, S.L.<\/strong>\u00a0und sie u.a. nicht f\u00fcr folgende Zwecke zu verwenden:<\/p><ol><li style=\"list-style-type: none;\"><br \/><ol><li style=\"list-style-type: none;\"><br \/><ul><li>Verbreitung von kriminellen, gewaltt\u00e4tigen, pornografischen, rassistischen, fremdenfeindlichen, beleidigenden, terroristischen Entschuldigungen oder allgemein von Inhalten, die gegen das Gesetz oder die \u00f6ffentliche Ordnung versto\u00dfen.<\/li><li>Computerviren in das Netz einzuschleusen oder Handlungen vorzunehmen, die geeignet sind, elektronische Dokumente, Daten oder physische und logische Systeme zu ver\u00e4ndern, zu zerst\u00f6ren, zu unterbrechen oder Fehler oder Sch\u00e4den zu verursachen\u00a0<strong>PLANES MAGICOS, S.L.<\/strong>\u00a0oder Dritte; sowie die Behinderung des Zugangs anderer Nutzer zur Website und ihren Diensten durch den massiven Verbrauch der Computerressourcen, \u00fcber die\u00a0<strong>PLANES MAGICOS, S.L.<\/strong>\u00a0seine Dienstleistungen anbietet.<\/li><li>Der Versuch, auf die Daten anderer Personen oder auf gesperrte Bereiche der Computersysteme von\u00a0<strong>PLANES MAGICOS, S.L.<\/strong>\u00a0oder Dritte und ziehen gegebenenfalls Informationen heraus.<\/li><li>Verletzung der Rechte an geistigem oder gewerblichem Eigentum sowie Versto\u00df gegen die Vertraulichkeit der Informationen von\u00a0<strong>PLANES MAGICOS, S.L.<\/strong>\u00a0oder von Dritten.<\/li><li>Sich als ein anderer Nutzer, eine Beh\u00f6rde oder ein Dritter auszugeben.<\/li><li>den Inhalt zu vervielf\u00e4ltigen, zu kopieren, zu verbreiten, zur Verf\u00fcgung zu stellen oder in sonstiger Weise \u00f6ffentlich wiederzugeben, umzuwandeln oder zu ver\u00e4ndern, es sei denn, der Inhaber der entsprechenden Rechte hat dies genehmigt oder es ist gesetzlich zul\u00e4ssig.<\/li><li>Daten f\u00fcr Werbezwecke zu sammeln und Werbung jeglicher Art und Mitteilungen f\u00fcr den Verkauf oder andere kommerzielle Zwecke ohne vorherige Anfrage oder Zustimmung zu versenden.<\/li><\/ul><\/li><\/ol><\/li><\/ol><div>\u00a0<\/div><p>Alle Inhalte der Website, wie Texte, Fotografien, Grafiken, Bilder, Icons, Technologie, Software sowie deren grafische Gestaltung und Quellcodes, stellen ein Werk dar, dessen Eigentum bei\u00a0<strong>PLANES MAGICOS, S.L.<\/strong>, Es kann nicht davon ausgegangen werden, dass der Nutzer irgendwelche Nutzungsrechte an denselben \u00fcbertragen hat, die \u00fcber das hinausgehen, was f\u00fcr die korrekte Nutzung der Website unbedingt erforderlich ist.<\/p><p>Kurz gesagt, wer auf diese Website zugreift, kann die Inhalte einsehen und gegebenenfalls genehmigte Privatkopien anfertigen, sofern die wiedergegebenen Elemente nicht nachtr\u00e4glich an Dritte weitergegeben oder auf Servern installiert werden, die mit Netzen verbunden sind, und sofern sie nicht in irgendeiner Weise verwertet werden.<\/p><p>Ebenso sind alle Marken, Handelsnamen oder Unterscheidungszeichen jeglicher Art, die auf der Website erscheinen, Eigentum von\u00a0<strong>PLANES MAGICOS, S.L.<\/strong>, Die Nutzung oder der Zugang zu ihnen ist nicht so auszulegen, dass dadurch irgendwelche Rechte an ihnen begr\u00fcndet werden.<\/p><p>Die Verbreitung, Ver\u00e4nderung, \u00dcbertragung oder \u00f6ffentliche Wiedergabe der Inhalte sowie jede andere Handlung, die nicht ausdr\u00fccklich vom Inhaber der Verwertungsrechte genehmigt wurde, ist verboten.<\/p><p>Die Einrichtung eines Hyperlinks impliziert in keiner Weise das Bestehen einer Beziehung zwischen\u00a0<strong>PLANES MAGICOS, S.L.<\/strong>\u00a0und dem Eigent\u00fcmer der Website, auf der sie eingerichtet ist, noch die Annahme und Genehmigung durch\u00a0<strong>PLANES MAGICOS, S.L.<\/strong>\u00a0ihrer Inhalte oder Dienstleistungen. Personen, die beabsichtigen, einen Hyperlink einzurichten, m\u00fcssen zuvor eine schriftliche Genehmigung einholen bei\u00a0<strong>PLANES MAGICOS, S.L.<\/strong>. In jedem Fall wird der Hyperlink nur den Zugriff auf die Homepage oder die Startseite unserer Website erm\u00f6glichen und darf auch keine falschen, ungenauen oder unrichtigen Aussagen oder Angaben \u00fcber PLANES MAGICOS, S.L. machen oder illegale Inhalte enthalten, die gegen die guten Sitten und die \u00f6ffentliche Ordnung versto\u00dfen.<\/p><p><strong>PLANES MAGICOS, S.L.<\/strong>\u00a0ist nicht verantwortlich f\u00fcr die Verwendung der auf dieser Website zur Verf\u00fcgung gestellten Materialien durch die einzelnen Nutzer und f\u00fcr die Handlungen, die auf der Grundlage dieser Materialien vorgenommen werden.<\/p><ol><li style=\"list-style-type: none;\"><ol><li><strong>Ausschluss von Gew\u00e4hrleistung und Haftung<\/strong><p><strong>PLANES MAGICOS, S.L.<\/strong>\u00a0schlie\u00dft, soweit gesetzlich zul\u00e4ssig, jegliche Haftung f\u00fcr Sch\u00e4den jeglicher Art aus, die sich aus:<\/p><ul><li>Die Unm\u00f6glichkeit des Zugriffs auf die Website oder der Mangel an Wahrhaftigkeit, Genauigkeit, Vollst\u00e4ndigkeit und\/oder Aktualit\u00e4t des Inhalts sowie das Vorhandensein von M\u00e4ngeln und Fehlern jeglicher Art in den \u00fcbermittelten, verbreiteten, gespeicherten und denjenigen zur Verf\u00fcgung gestellten Inhalten, die \u00fcber die Website oder die angebotenen Dienstleistungen zugegriffen haben.<\/li><li>Das Vorhandensein von Viren oder anderen Elementen in den Inhalten, die Ver\u00e4nderungen in Computersystemen, elektronischen Dokumenten oder Benutzerdaten verursachen k\u00f6nnen.<\/li><li>Verst\u00f6\u00dfe gegen das Gesetz, gegen Treu und Glauben, gegen die \u00f6ffentliche Ordnung, gegen den Verkehr und gegen den vorliegenden rechtlichen Hinweis infolge einer falschen Nutzung der Website. Insbesondere, und als Beispiel,\u00a0<strong>PLANES MAGICOS, S.L.<\/strong>\u00a0ist nicht verantwortlich f\u00fcr Handlungen Dritter, die geistige und gewerbliche Eigentumsrechte, Gesch\u00e4ftsgeheimnisse, das Recht auf Ehre, auf pers\u00f6nliche und famili\u00e4re Privatsph\u00e4re und auf das eigene Bild sowie die Vorschriften \u00fcber unlauteren Wettbewerb und illegale Werbung verletzen.<\/li><\/ul><p>Auch,\u00a0<strong>PLANES MAGICOS, S.L.<\/strong>\u00a0lehnt jede Verantwortung f\u00fcr Informationen ab, die sich au\u00dferhalb dieser Website befinden und die nicht direkt von unserem Webmaster verwaltet werden. Die Funktion der Links, die auf dieser Website erscheinen, besteht ausschlie\u00dflich darin, den Benutzer \u00fcber die Existenz anderer Quellen zu informieren, die die auf dieser Website angebotenen Inhalte erweitern k\u00f6nnen.\u00a0<strong>PLANES MAGICOS, S.L.<\/strong>\u00a0\u00fcbernimmt keine Garantie oder Verantwortung f\u00fcr das Funktionieren oder die Zug\u00e4nglichkeit der verlinkten Seiten, noch schl\u00e4gt sie deren Besuch vor, l\u00e4dt dazu ein oder empfiehlt ihn, noch ist sie f\u00fcr die erzielten Ergebnisse verantwortlich.\u00a0<strong>PLANES MAGICOS, S.L.<\/strong>\u00a0ist nicht verantwortlich f\u00fcr die Einrichtung von Hyperlinks durch Dritte.<\/p><\/li><li><strong>Verfahren im Falle rechtswidriger Handlungen<\/strong><\/li><\/ol><\/li><\/ol><p>Sollten Sie oder ein Dritter der Ansicht sein, dass es Tatsachen oder Umst\u00e4nde gibt, die auf eine rechtswidrige Nutzung von Inhalten und\/oder die Durchf\u00fchrung von Aktivit\u00e4ten auf den auf der Website enthaltenen oder \u00fcber sie zug\u00e4nglichen Webseiten hindeuten, sollten Sie sich an\u00a0<strong>PLANES MAGICOS, S.L.<\/strong>\u00a0der sich ordnungsgem\u00e4\u00df identifiziert, die behaupteten Verst\u00f6\u00dfe angibt und ausdr\u00fccklich auf eigene Verantwortung erkl\u00e4rt, dass die in der Meldung gemachten Angaben richtig sind.<\/p><p>F\u00fcr alle Streitigkeiten im Zusammenhang mit der Website von\u00a0<strong>PLANES MAGICOS, S.L.<\/strong>, Es gelten die spanischen Rechtsvorschriften, und die dem Hauptsitz von (Spanien) n\u00e4chstgelegenen Gerichte sind zust\u00e4ndig.<\/p><ol><li style=\"list-style-type: none;\"><ol><li><strong>Ver\u00f6ffentlichungen<\/strong><\/li><\/ol><\/li><\/ol><p>Die \u00fcber die Website zur Verf\u00fcgung gestellten Verwaltungsinformationen ersetzen nicht die rechtliche Ver\u00f6ffentlichung von Gesetzen, Verordnungen, Pl\u00e4nen, allgemeinen Bestimmungen und Rechtsakten, die f\u00f6rmlich in den Amtsbl\u00e4ttern der \u00f6ffentlichen Verwaltungen ver\u00f6ffentlicht werden m\u00fcssen, die das einzige Instrument sind, das ihre Authentizit\u00e4t und ihren Inhalt best\u00e4tigt. Die auf dieser Website verf\u00fcgbaren Informationen sind als Leitfaden zu verstehen, der keine Rechtsg\u00fcltigkeit beansprucht.<\/p>\t\t\t\t\t\t\t\t<\/div>\n\t\t\t\t<\/div>\n\t\t\t\t\t<\/div>\n\t\t\t\t<\/div>\n\t\t\t\t<\/div>","protected":false},"excerpt":{"rendered":"<p>AVISO LEGAL Objeto y aceptaci\u00f3n El presente aviso legal regula el uso de nuestro sitio web, del que es titular\u00a0PLANES MAGICOS, S.L.\u00a0. La navegaci\u00f3n por el sitio web de\u00a0PLANES MAGICOS, S.L.\u00a0atribuye la condici\u00f3n de usuario del mismo e implica la aceptaci\u00f3n plena y sin reservas de todas y cada una de las disposiciones incluidas en [&hellip;]<\/p>","protected":false},"author":1,"featured_media":0,"parent":0,"menu_order":0,"comment_status":"closed","ping_status":"closed","template":"","meta":{"footnotes":""},"class_list":["post-396","page","type-page","status-publish","hentry"],"yoast_head":"<!-- This site is optimized with the Yoast SEO plugin v26.9 - https:\/\/yoast.com\/product\/yoast-seo-wordpress\/ -->\n<title>Aviso Legal - YOUTH HOSTEL Central and Basic Barcelona<\/title>\n<meta name=\"robots\" content=\"index, follow, max-snippet:-1, max-image-preview:large, max-video-preview:-1\" \/>\n<link rel=\"canonical\" href=\"https:\/\/centralandbasicbarcelona.com\/de\/aviso-legal\/\" \/>\n<meta property=\"og:locale\" content=\"de_DE\" \/>\n<meta property=\"og:type\" content=\"article\" \/>\n<meta property=\"og:title\" content=\"Aviso Legal - YOUTH HOSTEL Central and Basic Barcelona\" \/>\n<meta property=\"og:description\" content=\"AVISO LEGAL Objeto y aceptaci\u00f3n El presente aviso legal regula el uso de nuestro sitio web, del que es titular\u00a0PLANES MAGICOS, S.L.\u00a0. La navegaci\u00f3n por el sitio web de\u00a0PLANES MAGICOS, S.L.\u00a0atribuye la condici\u00f3n de usuario del mismo e implica la aceptaci\u00f3n plena y sin reservas de todas y cada una de las disposiciones incluidas en [&hellip;]\" \/>\n<meta property=\"og:url\" content=\"https:\/\/centralandbasicbarcelona.com\/de\/aviso-legal\/\" \/>\n<meta property=\"og:site_name\" content=\"YOUTH HOSTEL Central and Basic Barcelona\" \/>\n<meta property=\"article:modified_time\" content=\"2024-08-05T17:59:49+00:00\" \/>\n<meta name=\"twitter:card\" content=\"summary_large_image\" \/>\n<meta name=\"twitter:label1\" content=\"Gesch\u00e4tzte Lesezeit\" \/>\n\t<meta name=\"twitter:data1\" content=\"7\u00a0Minuten\" \/>\n<script type=\"application\/ld+json\" class=\"yoast-schema-graph\">{\"@context\":\"https:\/\/schema.org\",\"@graph\":[{\"@type\":\"WebPage\",\"@id\":\"https:\/\/centralandbasicbarcelona.com\/aviso-legal\/\",\"url\":\"https:\/\/centralandbasicbarcelona.com\/aviso-legal\/\",\"name\":\"Aviso Legal - YOUTH HOSTEL Central and Basic Barcelona\",\"isPartOf\":{\"@id\":\"https:\/\/centralandbasicbarcelona.com\/en\/#website\"},\"datePublished\":\"2024-08-05T17:58:17+00:00\",\"dateModified\":\"2024-08-05T17:59:49+00:00\",\"breadcrumb\":{\"@id\":\"https:\/\/centralandbasicbarcelona.com\/aviso-legal\/#breadcrumb\"},\"inLanguage\":\"de\",\"potentialAction\":[{\"@type\":\"ReadAction\",\"target\":[\"https:\/\/centralandbasicbarcelona.com\/aviso-legal\/\"]}]},{\"@type\":\"BreadcrumbList\",\"@id\":\"https:\/\/centralandbasicbarcelona.com\/aviso-legal\/#breadcrumb\",\"itemListElement\":[{\"@type\":\"ListItem\",\"position\":1,\"name\":\"Portada\",\"item\":\"https:\/\/centralandbasicbarcelona.com\/\"},{\"@type\":\"ListItem\",\"position\":2,\"name\":\"Aviso Legal\"}]},{\"@type\":\"WebSite\",\"@id\":\"https:\/\/centralandbasicbarcelona.com\/en\/#website\",\"url\":\"https:\/\/centralandbasicbarcelona.com\/en\/\",\"name\":\"Central and Basic - Hotel Barcelona\",\"description\":\"\",\"publisher\":{\"@id\":\"https:\/\/centralandbasicbarcelona.com\/en\/#organization\"},\"potentialAction\":[{\"@type\":\"SearchAction\",\"target\":{\"@type\":\"EntryPoint\",\"urlTemplate\":\"https:\/\/centralandbasicbarcelona.com\/en\/?s={search_term_string}\"},\"query-input\":{\"@type\":\"PropertyValueSpecification\",\"valueRequired\":true,\"valueName\":\"search_term_string\"}}],\"inLanguage\":\"de\"},{\"@type\":\"Organization\",\"@id\":\"https:\/\/centralandbasicbarcelona.com\/en\/#organization\",\"name\":\"Central and Basic - Hotel Barcelona\",\"url\":\"https:\/\/centralandbasicbarcelona.com\/en\/\",\"logo\":{\"@type\":\"ImageObject\",\"inLanguage\":\"de\",\"@id\":\"https:\/\/centralandbasicbarcelona.com\/en\/#\/schema\/logo\/image\/\",\"url\":\"https:\/\/centralandbasicbarcelona.com\/wp-content\/uploads\/2025\/10\/central-and-basics-logo.png\",\"contentUrl\":\"https:\/\/centralandbasicbarcelona.com\/wp-content\/uploads\/2025\/10\/central-and-basics-logo.png\",\"width\":208,\"height\":80,\"caption\":\"Central and Basic - Hotel Barcelona\"},\"image\":{\"@id\":\"https:\/\/centralandbasicbarcelona.com\/en\/#\/schema\/logo\/image\/\"}}]}<\/script>\n<!-- \/ Yoast SEO plugin. -->","yoast_head_json":{"title":"Aviso Legal - YOUTH HOSTEL Central and Basic Barcelona","robots":{"index":"index","follow":"follow","max-snippet":"max-snippet:-1","max-image-preview":"max-image-preview:large","max-video-preview":"max-video-preview:-1"},"canonical":"https:\/\/centralandbasicbarcelona.com\/de\/aviso-legal\/","og_locale":"de_DE","og_type":"article","og_title":"Aviso Legal - YOUTH HOSTEL Central and Basic Barcelona","og_description":"AVISO LEGAL Objeto y aceptaci\u00f3n El presente aviso legal regula el uso de nuestro sitio web, del que es titular\u00a0PLANES MAGICOS, S.L.\u00a0. La navegaci\u00f3n por el sitio web de\u00a0PLANES MAGICOS, S.L.\u00a0atribuye la condici\u00f3n de usuario del mismo e implica la aceptaci\u00f3n plena y sin reservas de todas y cada una de las disposiciones incluidas en [&hellip;]","og_url":"https:\/\/centralandbasicbarcelona.com\/de\/aviso-legal\/","og_site_name":"YOUTH HOSTEL Central and Basic Barcelona","article_modified_time":"2024-08-05T17:59:49+00:00","twitter_card":"summary_large_image","twitter_misc":{"Gesch\u00e4tzte Lesezeit":"7\u00a0Minuten"},"schema":{"@context":"https:\/\/schema.org","@graph":[{"@type":"WebPage","@id":"https:\/\/centralandbasicbarcelona.com\/aviso-legal\/","url":"https:\/\/centralandbasicbarcelona.com\/aviso-legal\/","name":"Aviso Legal - YOUTH HOSTEL Central and Basic Barcelona","isPartOf":{"@id":"https:\/\/centralandbasicbarcelona.com\/en\/#website"},"datePublished":"2024-08-05T17:58:17+00:00","dateModified":"2024-08-05T17:59:49+00:00","breadcrumb":{"@id":"https:\/\/centralandbasicbarcelona.com\/aviso-legal\/#breadcrumb"},"inLanguage":"de","potentialAction":[{"@type":"ReadAction","target":["https:\/\/centralandbasicbarcelona.com\/aviso-legal\/"]}]},{"@type":"BreadcrumbList","@id":"https:\/\/centralandbasicbarcelona.com\/aviso-legal\/#breadcrumb","itemListElement":[{"@type":"ListItem","position":1,"name":"Portada","item":"https:\/\/centralandbasicbarcelona.com\/"},{"@type":"ListItem","position":2,"name":"Aviso Legal"}]},{"@type":"WebSite","@id":"https:\/\/centralandbasicbarcelona.com\/en\/#website","url":"https:\/\/centralandbasicbarcelona.com\/en\/","name":"Zentral und einfach - Hotel Barcelona","description":"","publisher":{"@id":"https:\/\/centralandbasicbarcelona.com\/en\/#organization"},"potentialAction":[{"@type":"SearchAction","target":{"@type":"EntryPoint","urlTemplate":"https:\/\/centralandbasicbarcelona.com\/en\/?s={search_term_string}"},"query-input":{"@type":"PropertyValueSpecification","valueRequired":true,"valueName":"search_term_string"}}],"inLanguage":"de"},{"@type":"Organization","@id":"https:\/\/centralandbasicbarcelona.com\/en\/#organization","name":"Zentral und einfach - Hotel Barcelona","url":"https:\/\/centralandbasicbarcelona.com\/en\/","logo":{"@type":"ImageObject","inLanguage":"de","@id":"https:\/\/centralandbasicbarcelona.com\/en\/#\/schema\/logo\/image\/","url":"https:\/\/centralandbasicbarcelona.com\/wp-content\/uploads\/2025\/10\/central-and-basics-logo.png","contentUrl":"https:\/\/centralandbasicbarcelona.com\/wp-content\/uploads\/2025\/10\/central-and-basics-logo.png","width":208,"height":80,"caption":"Central and Basic - Hotel Barcelona"},"image":{"@id":"https:\/\/centralandbasicbarcelona.com\/en\/#\/schema\/logo\/image\/"}}]}},"_links":{"self":[{"href":"https:\/\/centralandbasicbarcelona.com\/de\/wp-json\/wp\/v2\/pages\/396","targetHints":{"allow":["GET"]}}],"collection":[{"href":"https:\/\/centralandbasicbarcelona.com\/de\/wp-json\/wp\/v2\/pages"}],"about":[{"href":"https:\/\/centralandbasicbarcelona.com\/de\/wp-json\/wp\/v2\/types\/page"}],"author":[{"embeddable":true,"href":"https:\/\/centralandbasicbarcelona.com\/de\/wp-json\/wp\/v2\/users\/1"}],"replies":[{"embeddable":true,"href":"https:\/\/centralandbasicbarcelona.com\/de\/wp-json\/wp\/v2\/comments?post=396"}],"version-history":[{"count":4,"href":"https:\/\/centralandbasicbarcelona.com\/de\/wp-json\/wp\/v2\/pages\/396\/revisions"}],"predecessor-version":[{"id":400,"href":"https:\/\/centralandbasicbarcelona.com\/de\/wp-json\/wp\/v2\/pages\/396\/revisions\/400"}],"wp:attachment":[{"href":"https:\/\/centralandbasicbarcelona.com\/de\/wp-json\/wp\/v2\/media?parent=396"}],"curies":[{"name":"wp","href":"https:\/\/api.w.org\/{rel}","templated":true}]}}